{"id":12206,"date":"2026-03-04T07:00:30","date_gmt":"2026-03-04T06:00:30","guid":{"rendered":"https:\/\/robert-geiger.de\/?page_id=12206"},"modified":"2026-03-07T12:14:19","modified_gmt":"2026-03-07T11:14:19","slug":"mini-wetterschutzgitter","status":"publish","type":"page","link":"https:\/\/robert-geiger.de\/pt\/mini-wetterschutzgitter\/","title":{"rendered":"Mini-Wetterschutzgitter"},"content":{"rendered":"<div data-elementor-type=\"wp-page\" data-elementor-id=\"12206\" class=\"elementor elementor-12206\">\n\t\t\t\t\t\t<section class=\"elementor-section elementor-top-section elementor-element elementor-element-5b1fff1 elementor-section-boxed elementor-section-height-default elementor-section-height-default default\" data-id=\"5b1fff1\" data-element_type=\"section\" data-e-type=\"section\">\n\t\t\t\t\t\t<div class=\"elementor-container elementor-column-gap-no\">\n\t\t\t\t\t<div class=\"elementor-column elementor-col-50 elementor-top-column elementor-element elementor-element-66f6ecb\" data-id=\"66f6ecb\" data-element_type=\"column\" data-e-type=\"column\" data-settings=\"{&quot;background_background&quot;:&quot;classic&quot;}\">\n\t\t\t<div class=\"elementor-widget-wrap elementor-element-populated\">\n\t\t\t\t\t\t<div class=\"elementor-element elementor-element-7f651f4 elementor-widget elementor-widget-title\" data-id=\"7f651f4\" data-element_type=\"widget\" data-e-type=\"widget\" data-widget_type=\"title.default\">\n\t\t\t\t<div class=\"elementor-widget-container\">\n\t\t\t\t\t\n\n\n        <div class=\"theme-title  ht-split-text\">\n\n            <h6>Grelha de prote\u00e7\u00e3o contra intemp\u00e9ries<\/h6>\n\n          <h2 data-splitting=\"chars\">Mini-Wetterschutzgitter aus Aluminium natur und eloxiert E6\/EV1 mit Lamellenabstand 30 mm<\/h2>\n\n                  \n\n\n\n        <\/div>\n\n        \n\n        <script>\n\n        jQuery(document).ready(function() {\n\n if(jQuery(\".ht-split-text\").length) {\n\n Splitting();\n\n            var themeht_animation_text = function (container, item) {\n\n                jQuery(window).scroll(function () {\n\n                    var windowBottom = jQuery(this).scrollTop() + jQuery(this).innerHeight();\n\n                    jQuery(container).each(function (index, value) {\n\n                        var objectBottom = jQuery(this).offset().top + jQuery(this).outerHeight() * 0.1;\n\n                        \n\n                        if (objectBottom < windowBottom) { \n\n                            var seat = jQuery(this).find(item);\n\n                            for (var i = 0; i < seat.length; i++) {\n\n                                (function (index) {\n\n                                    setTimeout(function () {\n\n                                        seat.eq(index).addClass('ht-animated');\n\n                                    }, 200 * index);\n\n                                })(i);\n\n                            }\n\n                        }\n\n                    });\n\n                }).scroll();\n\n            };\n\n        \n\n            jQuery(function() {\n\n                themeht_animation_text(\".theme-title\", \".splitting\");\n\n            });\n\n        }\n\n });\n\n      <\/script>\n\n\n\n        \t\t\t\t<\/div>\n\t\t\t\t<\/div>\n\t\t\t\t<div class=\"elementor-element elementor-element-34e6981 elementor-widget elementor-widget-text-editor\" data-id=\"34e6981\" data-element_type=\"widget\" data-e-type=\"widget\" data-widget_type=\"text-editor.default\">\n\t\t\t\t<div class=\"elementor-widget-container\">\n\t\t\t\t\t\t\t\t\t<p><strong>Luftansaug- oder Abluftgitter mit feststehenden, regenabweisenden Lamellen mit hinterbautem Vogelgitter.<\/strong><\/p><ul><li>Fabricado em alum\u00ednio natural, anodizado E6\/EV1 ou na cor RAL 9010<\/li><li>com espa\u00e7amento de ripas de 30 mm<\/li><\/ul>\t\t\t\t\t\t\t\t<\/div>\n\t\t\t\t<\/div>\n\t\t\t\t<div class=\"elementor-element elementor-element-d09ce43 elementor-widget elementor-widget-text-editor\" data-id=\"d09ce43\" data-element_type=\"widget\" data-e-type=\"widget\" data-widget_type=\"text-editor.default\">\n\t\t\t\t<div class=\"elementor-widget-container\">\n\t\t\t\t\t\t\t\t\t<p>F\u00fcr weitere Informationen und Preise werfen Sie bitte einen Blick in unseren Katalog und die Preislisten, die Sie online einsehen k\u00f6nnen.<\/p>\t\t\t\t\t\t\t\t<\/div>\n\t\t\t\t<\/div>\n\t\t\t\t\t<\/div>\n\t\t<\/div>\n\t\t\t\t<div class=\"elementor-column elementor-col-50 elementor-top-column elementor-element elementor-element-cf7c936\" data-id=\"cf7c936\" data-element_type=\"column\" data-e-type=\"column\">\n\t\t\t<div class=\"elementor-widget-wrap elementor-element-populated\">\n\t\t\t\t\t\t<div class=\"elementor-element elementor-element-e642638 elementor-widget elementor-widget-image\" data-id=\"e642638\" data-element_type=\"widget\" data-e-type=\"widget\" data-widget_type=\"image.default\">\n\t\t\t\t<div class=\"elementor-widget-container\">\n\t\t\t\t\t\t\t\t\t\t\t\t\t\t\t<img fetchpriority=\"high\" decoding=\"async\" width=\"900\" height=\"900\" src=\"https:\/\/robert-geiger.de\/wp-content\/uploads\/2026\/03\/mini-wetterschutzgitter-aussen-1.jpg\" class=\"attachment-full size-full wp-image-12248\" alt=\"Mini Wetterschutzgitter Au\u00dfen\" srcset=\"https:\/\/robert-geiger.de\/wp-content\/uploads\/2026\/03\/mini-wetterschutzgitter-aussen-1.jpg 900w, https:\/\/robert-geiger.de\/wp-content\/uploads\/2026\/03\/mini-wetterschutzgitter-aussen-1-300x300.jpg 300w, https:\/\/robert-geiger.de\/wp-content\/uploads\/2026\/03\/mini-wetterschutzgitter-aussen-1-150x150.jpg 150w, https:\/\/robert-geiger.de\/wp-content\/uploads\/2026\/03\/mini-wetterschutzgitter-aussen-1-768x768.jpg 768w, https:\/\/robert-geiger.de\/wp-content\/uploads\/2026\/03\/mini-wetterschutzgitter-aussen-1-12x12.jpg 12w, https:\/\/robert-geiger.de\/wp-content\/uploads\/2026\/03\/mini-wetterschutzgitter-aussen-1-80x80.jpg 80w, https:\/\/robert-geiger.de\/wp-content\/uploads\/2026\/03\/mini-wetterschutzgitter-aussen-1-700x700.jpg 700w\" sizes=\"(max-width: 900px) 100vw, 900px\" \/>\t\t\t\t\t\t\t\t\t\t\t\t\t\t\t<\/div>\n\t\t\t\t<\/div>\n\t\t\t\t\t<\/div>\n\t\t<\/div>\n\t\t\t\t\t<\/div>\n\t\t<\/section>\n\t\t\t\t<section class=\"elementor-section elementor-top-section elementor-element elementor-element-5dfbfe1 elementor-section-boxed elementor-section-height-default elementor-section-height-default default\" data-id=\"5dfbfe1\" data-element_type=\"section\" data-e-type=\"section\">\n\t\t\t\t\t\t<div class=\"elementor-container elementor-column-gap-no\">\n\t\t\t\t\t<div class=\"elementor-column elementor-col-50 elementor-top-column elementor-element elementor-element-b1224c9\" data-id=\"b1224c9\" data-element_type=\"column\" data-e-type=\"column\" data-settings=\"{&quot;background_background&quot;:&quot;classic&quot;}\">\n\t\t\t<div class=\"elementor-widget-wrap elementor-element-populated\">\n\t\t\t\t\t\t<div class=\"elementor-element elementor-element-f09f060 elementor-widget elementor-widget-image\" data-id=\"f09f060\" data-element_type=\"widget\" data-e-type=\"widget\" data-widget_type=\"image.default\">\n\t\t\t\t<div class=\"elementor-widget-container\">\n\t\t\t\t\t\t\t\t\t\t\t\t\t\t\t<img decoding=\"async\" width=\"640\" height=\"640\" src=\"https:\/\/robert-geiger.de\/wp-content\/uploads\/2026\/03\/mini-wetterschutzgitter-innen.jpg\" class=\"attachment-large size-large wp-image-12209\" alt=\"\" srcset=\"https:\/\/robert-geiger.de\/wp-content\/uploads\/2026\/03\/mini-wetterschutzgitter-innen.jpg 900w, https:\/\/robert-geiger.de\/wp-content\/uploads\/2026\/03\/mini-wetterschutzgitter-innen-300x300.jpg 300w, https:\/\/robert-geiger.de\/wp-content\/uploads\/2026\/03\/mini-wetterschutzgitter-innen-150x150.jpg 150w, https:\/\/robert-geiger.de\/wp-content\/uploads\/2026\/03\/mini-wetterschutzgitter-innen-768x768.jpg 768w, https:\/\/robert-geiger.de\/wp-content\/uploads\/2026\/03\/mini-wetterschutzgitter-innen-12x12.jpg 12w, https:\/\/robert-geiger.de\/wp-content\/uploads\/2026\/03\/mini-wetterschutzgitter-innen-80x80.jpg 80w, https:\/\/robert-geiger.de\/wp-content\/uploads\/2026\/03\/mini-wetterschutzgitter-innen-700x700.jpg 700w\" sizes=\"(max-width: 640px) 100vw, 640px\" \/>\t\t\t\t\t\t\t\t\t\t\t\t\t\t\t<\/div>\n\t\t\t\t<\/div>\n\t\t\t\t\t<\/div>\n\t\t<\/div>\n\t\t\t\t<div class=\"elementor-column elementor-col-50 elementor-top-column elementor-element elementor-element-188cc9b\" data-id=\"188cc9b\" data-element_type=\"column\" data-e-type=\"column\" data-settings=\"{&quot;background_background&quot;:&quot;classic&quot;}\">\n\t\t\t<div class=\"elementor-widget-wrap elementor-element-populated\">\n\t\t\t\t\t\t<div class=\"elementor-element elementor-element-3014dfd elementor-widget__width-initial elementor-widget elementor-widget-text-editor\" data-id=\"3014dfd\" data-element_type=\"widget\" data-e-type=\"widget\" data-widget_type=\"text-editor.default\">\n\t\t\t\t<div class=\"elementor-widget-container\">\n\t\t\t\t\t\t\t\t\t<h3>Jetzt auch in Farbe erh\u00e4ltlich!<\/h3><h5>Das Mini-Wetterschutzgitter WG-AL 30 ist jetzt auch in der eleganten Farbe <strong>RAL 9010<\/strong> erh\u00e4ltlich.<\/h5><p>Diese reinwei\u00dfe Farbe verleiht dem Produkt nicht nur ein modernes Aussehen, sondern f\u00fcgt sich auch harmonisch in verschiedene Umgebungen ein.<\/p><p>In der Industrie, im Gewerbe und in \u00f6ffentlichen Einrichtungen sind wir uns bewusst, dass Funktionalit\u00e4t und Sicherheit an erster Stelle stehen. Daher haben wir das Design so gestaltet, dass es nicht nur \u00e4sthetisch ansprechend ist, sondern auch den strengen Anforderungen dieser Umgebungen gerecht wird.<\/p><p>Unser Wetterschutzgitter sch\u00fctzt nicht nur vor Witterungseinfl\u00fcssen, sondern tr\u00e4gt auch zur Sicherheit und Effizienz in \u00f6ffentlichen Geb\u00e4uden, wie Schulen, Bibliotheken und Verwaltungsgeb\u00e4uden, bei.<\/p>\t\t\t\t\t\t\t\t<\/div>\n\t\t\t\t<\/div>\n\t\t\t\t\t<\/div>\n\t\t<\/div>\n\t\t\t\t\t<\/div>\n\t\t<\/section>\n\t\t<div class=\"elementor-element elementor-element-fe8416f e-flex e-con-boxed e-con e-parent\" data-id=\"fe8416f\" data-element_type=\"container\" data-e-type=\"container\">\n\t\t\t\t\t<div class=\"e-con-inner\">\n\t\t<div class=\"elementor-element elementor-element-447f429 e-grid e-con-full e-con e-child\" data-id=\"447f429\" data-element_type=\"container\" data-e-type=\"container\">\n\t\t\t\t<div class=\"elementor-element elementor-element-05b3a07 elementor-widget elementor-widget-image\" data-id=\"05b3a07\" data-element_type=\"widget\" data-e-type=\"widget\" data-widget_type=\"image.default\">\n\t\t\t\t<div class=\"elementor-widget-container\">\n\t\t\t\t\t\t\t\t\t\t\t\t<figure class=\"wp-caption\">\n\t\t\t\t\t\t\t\t\t\t<img decoding=\"async\" width=\"900\" height=\"653\" src=\"https:\/\/robert-geiger.de\/wp-content\/uploads\/2026\/03\/WG-AL-30-ral9010-weiss.png\" class=\"attachment-full size-full wp-image-12183\" alt=\"\" srcset=\"https:\/\/robert-geiger.de\/wp-content\/uploads\/2026\/03\/WG-AL-30-ral9010-weiss.png 900w, https:\/\/robert-geiger.de\/wp-content\/uploads\/2026\/03\/WG-AL-30-ral9010-weiss-300x218.png 300w, https:\/\/robert-geiger.de\/wp-content\/uploads\/2026\/03\/WG-AL-30-ral9010-weiss-768x557.png 768w, https:\/\/robert-geiger.de\/wp-content\/uploads\/2026\/03\/WG-AL-30-ral9010-weiss-18x12.png 18w\" sizes=\"(max-width: 900px) 100vw, 900px\" \/>\t\t\t\t\t\t\t\t\t\t\t<figcaption class=\"widget-image-caption wp-caption-text\">WG-AL-30 em RAL 9010<\/figcaption>\n\t\t\t\t\t\t\t\t\t\t<\/figure>\n\t\t\t\t\t\t\t\t\t<\/div>\n\t\t\t\t<\/div>\n\t\t\t\t<div class=\"elementor-element elementor-element-7bd5e6a elementor-widget elementor-widget-image\" data-id=\"7bd5e6a\" data-element_type=\"widget\" data-e-type=\"widget\" data-widget_type=\"image.default\">\n\t\t\t\t<div class=\"elementor-widget-container\">\n\t\t\t\t\t\t\t\t\t\t\t\t<figure class=\"wp-caption\">\n\t\t\t\t\t\t\t\t\t\t<img loading=\"lazy\" decoding=\"async\" width=\"640\" height=\"462\" src=\"https:\/\/robert-geiger.de\/wp-content\/uploads\/2025\/09\/WG-AL-30-eloxiert.png\" class=\"attachment-large size-large wp-image-12142\" alt=\"\" srcset=\"https:\/\/robert-geiger.de\/wp-content\/uploads\/2025\/09\/WG-AL-30-eloxiert.png 900w, https:\/\/robert-geiger.de\/wp-content\/uploads\/2025\/09\/WG-AL-30-eloxiert-300x217.png 300w, https:\/\/robert-geiger.de\/wp-content\/uploads\/2025\/09\/WG-AL-30-eloxiert-768x555.png 768w, https:\/\/robert-geiger.de\/wp-content\/uploads\/2025\/09\/WG-AL-30-eloxiert-18x12.png 18w\" sizes=\"(max-width: 640px) 100vw, 640px\" \/>\t\t\t\t\t\t\t\t\t\t\t<figcaption class=\"widget-image-caption wp-caption-text\">WG-AL-30 anodizado E6\/EV1<\/figcaption>\n\t\t\t\t\t\t\t\t\t\t<\/figure>\n\t\t\t\t\t\t\t\t\t<\/div>\n\t\t\t\t<\/div>\n\t\t\t\t<div class=\"elementor-element elementor-element-53f6653 elementor-widget elementor-widget-image\" data-id=\"53f6653\" data-element_type=\"widget\" data-e-type=\"widget\" data-widget_type=\"image.default\">\n\t\t\t\t<div class=\"elementor-widget-container\">\n\t\t\t\t\t\t\t\t\t\t\t\t<figure class=\"wp-caption\">\n\t\t\t\t\t\t\t\t\t\t<img loading=\"lazy\" decoding=\"async\" width=\"640\" height=\"462\" src=\"https:\/\/robert-geiger.de\/wp-content\/uploads\/2025\/09\/WG-AL-30-natur.png\" class=\"attachment-large size-large wp-image-12143\" alt=\"\" srcset=\"https:\/\/robert-geiger.de\/wp-content\/uploads\/2025\/09\/WG-AL-30-natur.png 900w, https:\/\/robert-geiger.de\/wp-content\/uploads\/2025\/09\/WG-AL-30-natur-300x217.png 300w, https:\/\/robert-geiger.de\/wp-content\/uploads\/2025\/09\/WG-AL-30-natur-768x555.png 768w, https:\/\/robert-geiger.de\/wp-content\/uploads\/2025\/09\/WG-AL-30-natur-18x12.png 18w\" sizes=\"(max-width: 640px) 100vw, 640px\" \/>\t\t\t\t\t\t\t\t\t\t\t<figcaption class=\"widget-image-caption wp-caption-text\">WG-AL-30 Alum\u00ednio Natural<\/figcaption>\n\t\t\t\t\t\t\t\t\t\t<\/figure>\n\t\t\t\t\t\t\t\t\t<\/div>\n\t\t\t\t<\/div>\n\t\t\t\t<\/div>\n\t\t\t\t\t<\/div>\n\t\t\t\t<\/div>\n\t\t\t\t<section class=\"elementor-section elementor-top-section elementor-element elementor-element-0c35bb1 elementor-section-boxed elementor-section-height-default elementor-section-height-default default\" data-id=\"0c35bb1\" data-element_type=\"section\" data-e-type=\"section\">\n\t\t\t\t\t\t<div class=\"elementor-container elementor-column-gap-no\">\n\t\t\t\t\t<div class=\"elementor-column elementor-col-50 elementor-top-column elementor-element elementor-element-3f3a3a0\" data-id=\"3f3a3a0\" data-element_type=\"column\" data-e-type=\"column\" data-settings=\"{&quot;background_background&quot;:&quot;classic&quot;}\">\n\t\t\t<div class=\"elementor-widget-wrap elementor-element-populated\">\n\t\t\t\t\t\t<div class=\"elementor-element elementor-element-239cdb0 elementor-widget elementor-widget-image\" data-id=\"239cdb0\" data-element_type=\"widget\" data-e-type=\"widget\" data-widget_type=\"image.default\">\n\t\t\t\t<div class=\"elementor-widget-container\">\n\t\t\t\t\t\t\t\t\t\t\t\t\t\t\t<img loading=\"lazy\" decoding=\"async\" width=\"800\" height=\"1195\" src=\"https:\/\/robert-geiger.de\/wp-content\/uploads\/2026\/03\/WG-AL-30_2-1.png\" class=\"attachment-full size-full wp-image-12190\" alt=\"\" srcset=\"https:\/\/robert-geiger.de\/wp-content\/uploads\/2026\/03\/WG-AL-30_2-1.png 800w, https:\/\/robert-geiger.de\/wp-content\/uploads\/2026\/03\/WG-AL-30_2-1-201x300.png 201w, https:\/\/robert-geiger.de\/wp-content\/uploads\/2026\/03\/WG-AL-30_2-1-686x1024.png 686w, https:\/\/robert-geiger.de\/wp-content\/uploads\/2026\/03\/WG-AL-30_2-1-768x1147.png 768w, https:\/\/robert-geiger.de\/wp-content\/uploads\/2026\/03\/WG-AL-30_2-1-8x12.png 8w\" sizes=\"(max-width: 800px) 100vw, 800px\" \/>\t\t\t\t\t\t\t\t\t\t\t\t\t\t\t<\/div>\n\t\t\t\t<\/div>\n\t\t\t\t\t<\/div>\n\t\t<\/div>\n\t\t\t\t<div class=\"elementor-column elementor-col-50 elementor-top-column elementor-element elementor-element-e96b98b\" data-id=\"e96b98b\" data-element_type=\"column\" data-e-type=\"column\">\n\t\t\t<div class=\"elementor-widget-wrap elementor-element-populated\">\n\t\t\t\t\t\t<div class=\"elementor-element elementor-element-44b95b4 elementor-widget elementor-widget-title\" data-id=\"44b95b4\" data-element_type=\"widget\" data-e-type=\"widget\" data-widget_type=\"title.default\">\n\t\t\t\t<div class=\"elementor-widget-container\">\n\t\t\t\t\t\n\n\n        <div class=\"theme-title  ht-split-text\">\n\n            <h6>Selbstbausatz<\/h6>\n\n          <h2 data-splitting=\"chars\">Durchdachtes Selbstbausystem<\/h2>\n\n                  \n\n\n\n        <\/div>\n\n        \n\n        <script>\n\n        jQuery(document).ready(function() {\n\n if(jQuery(\".ht-split-text\").length) {\n\n Splitting();\n\n            var themeht_animation_text = function (container, item) {\n\n                jQuery(window).scroll(function () {\n\n                    var windowBottom = jQuery(this).scrollTop() + jQuery(this).innerHeight();\n\n                    jQuery(container).each(function (index, value) {\n\n                        var objectBottom = jQuery(this).offset().top + jQuery(this).outerHeight() * 0.1;\n\n                        \n\n                        if (objectBottom < windowBottom) { \n\n                            var seat = jQuery(this).find(item);\n\n                            for (var i = 0; i < seat.length; i++) {\n\n                                (function (index) {\n\n                                    setTimeout(function () {\n\n                                        seat.eq(index).addClass('ht-animated');\n\n                                    }, 200 * index);\n\n                                })(i);\n\n                            }\n\n                        }\n\n                    });\n\n                }).scroll();\n\n            };\n\n        \n\n            jQuery(function() {\n\n                themeht_animation_text(\".theme-title\", \".splitting\");\n\n            });\n\n        }\n\n });\n\n      <\/script>\n\n\n\n        \t\t\t\t<\/div>\n\t\t\t\t<\/div>\n\t\t\t\t<div class=\"elementor-element elementor-element-01d4fb7 elementor-widget elementor-widget-text-editor\" data-id=\"01d4fb7\" data-element_type=\"widget\" data-e-type=\"widget\" data-widget_type=\"text-editor.default\">\n\t\t\t\t<div class=\"elementor-widget-container\">\n\t\t\t\t\t\t\t\t\t<div class=\"elementor-element elementor-element-000ab6c elementor-widget elementor-widget-text-editor\" data-id=\"000ab6c\" data-element_type=\"widget\" data-e-type=\"widget\" data-widget_type=\"text-editor.default\"><div class=\"elementor-widget-container\"><p>Alle Varianten unseres kleinen Wetterschutzgitters bieten wir als durchdachtes Selbstbausatzsystem an. Dadurch sind Sie f\u00fcr Ihre Kunden jederzeit kurzfristig lieferf\u00e4hig.<\/p><\/div><\/div><div class=\"elementor-element elementor-element-2cb6200 elementor-widget elementor-widget-text-editor\" data-id=\"2cb6200\" data-element_type=\"widget\" data-e-type=\"widget\" data-widget_type=\"text-editor.default\"><div class=\"elementor-widget-container\"><p>Die Bauanleitung stellen wir Ihnen auf unserem YouTube-Kanal als Erkl\u00e4rvideo zweisprachig zur Verf\u00fcgung.<\/p><\/div><\/div>\t\t\t\t\t\t\t\t<\/div>\n\t\t\t\t<\/div>\n\t\t\t\t<section class=\"elementor-section elementor-inner-section elementor-element elementor-element-1f81e4c elementor-section-boxed elementor-section-height-default elementor-section-height-default default\" data-id=\"1f81e4c\" data-element_type=\"section\" data-e-type=\"section\">\n\t\t\t\t\t\t<div class=\"elementor-container elementor-column-gap-default\">\n\t\t\t\t\t<div class=\"elementor-column elementor-col-50 elementor-inner-column elementor-element elementor-element-65e0a9f\" data-id=\"65e0a9f\" data-element_type=\"column\" data-e-type=\"column\">\n\t\t\t<div class=\"elementor-widget-wrap elementor-element-populated\">\n\t\t\t\t\t\t<div class=\"elementor-element elementor-element-a6f3049 elementor-widget elementor-widget-feature\" data-id=\"a6f3049\" data-element_type=\"widget\" data-e-type=\"widget\" data-widget_type=\"feature.default\">\n\t\t\t\t<div class=\"elementor-widget-container\">\n\t\t\t\t\t\n\n\n        \n            \n\n            \n            \n\n                        \n            \n                <div class=\"featured-item style-4\">\n\n          <div class=\"featured-top\">\n\n              <div class=\"featured-icon\">\n\n          \n                    <i aria-hidden=\"true\" class=\"bi bi-youtube\"><\/i>\n                    \n\n\n        <\/div>\n\n        <div class=\"featured-title\"> \n            <h5>Bauanleitung<\/h5> \n            <div class=\"featured-desc\">  \n                <p><span style=\"color: #2905a1;\"><strong><a style=\"color: #2905a1;\" href=\"https:\/\/youtu.be\/9mjr3gKq-5c?si=MNHRAny3ILPEBjY_\" target=\"_blank\" rel=\"noopener\">In Deutsch<\/a><\/strong><\/span><\/p> \n              <\/div>\n          <\/div>\n\n          <\/div>\n\n\n\n        <\/div>\n\n                \n\n\n        \t\t\t\t<\/div>\n\t\t\t\t<\/div>\n\t\t\t\t\t<\/div>\n\t\t<\/div>\n\t\t\t\t<div class=\"elementor-column elementor-col-50 elementor-inner-column elementor-element elementor-element-9817027\" data-id=\"9817027\" data-element_type=\"column\" data-e-type=\"column\">\n\t\t\t<div class=\"elementor-widget-wrap elementor-element-populated\">\n\t\t\t\t\t\t<div class=\"elementor-element elementor-element-bb32654 elementor-widget elementor-widget-feature\" data-id=\"bb32654\" data-element_type=\"widget\" data-e-type=\"widget\" data-widget_type=\"feature.default\">\n\t\t\t\t<div class=\"elementor-widget-container\">\n\t\t\t\t\t\n\n\n        \n            \n\n            \n            \n\n                        \n            \n                <div class=\"featured-item style-4\">\n\n          <div class=\"featured-top\">\n\n              <div class=\"featured-icon\">\n\n          \n                    <i aria-hidden=\"true\" class=\"bi bi-youtube\"><\/i>\n                    \n\n\n        <\/div>\n\n        <div class=\"featured-title\"> \n            <h5>Bauanleitung<\/h5> \n            <div class=\"featured-desc\">  \n                <p><a href=\"https:\/\/youtu.be\/3f_pNNsymiA?si=l1goipck4iYH6OLF\" target=\"_blank\" rel=\"noopener\"><span style=\"color: #2905a1;\"><strong>In Englisch<\/strong><\/span><\/a><\/p> \n              <\/div>\n          <\/div>\n\n          <\/div>\n\n\n\n        <\/div>\n\n                \n\n\n        \t\t\t\t<\/div>\n\t\t\t\t<\/div>\n\t\t\t\t\t<\/div>\n\t\t<\/div>\n\t\t\t\t\t<\/div>\n\t\t<\/section>\n\t\t\t\t\t<\/div>\n\t\t<\/div>\n\t\t\t\t\t<\/div>\n\t\t<\/section>\n\t\t\t\t<\/div>","protected":false},"excerpt":{"rendered":"<p>Wetterschutzgitter Mini-Wetterschutzgitter aus Aluminium natur und eloxiert E6\/EV1 mit Lamellenabstand 30 mm Luftansaug- oder Abluftgitter mit feststehenden, regenabweisenden Lamellen mit hinterbautem Vogelgitter. aus Aluminium natur, eloxiert E6\/EV1 oder in Farbe RAL 9010 mit Lamellenabstand 30 mm F\u00fcr weitere Informationen und Preise werfen Sie bitte einen Blick in unseren Katalog und die Preislisten, die Sie online [&hellip;]<\/p>\n","protected":false},"author":2,"featured_media":0,"parent":0,"menu_order":0,"comment_status":"closed","ping_status":"closed","template":"","meta":{"_acf_changed":false,"inline_featured_image":false,"footnotes":""},"class_list":["post-12206","page","type-page","status-publish","hentry"],"acf":[],"_links":{"self":[{"href":"https:\/\/robert-geiger.de\/pt\/wp-json\/wp\/v2\/pages\/12206","targetHints":{"allow":["GET"]}}],"collection":[{"href":"https:\/\/robert-geiger.de\/pt\/wp-json\/wp\/v2\/pages"}],"about":[{"href":"https:\/\/robert-geiger.de\/pt\/wp-json\/wp\/v2\/types\/page"}],"author":[{"embeddable":true,"href":"https:\/\/robert-geiger.de\/pt\/wp-json\/wp\/v2\/users\/2"}],"replies":[{"embeddable":true,"href":"https:\/\/robert-geiger.de\/pt\/wp-json\/wp\/v2\/comments?post=12206"}],"version-history":[{"count":10,"href":"https:\/\/robert-geiger.de\/pt\/wp-json\/wp\/v2\/pages\/12206\/revisions"}],"predecessor-version":[{"id":12274,"href":"https:\/\/robert-geiger.de\/pt\/wp-json\/wp\/v2\/pages\/12206\/revisions\/12274"}],"wp:attachment":[{"href":"https:\/\/robert-geiger.de\/pt\/wp-json\/wp\/v2\/media?parent=12206"}],"curies":[{"name":"wp","href":"https:\/\/api.w.org\/{rel}","templated":true}]}}