{"id":10372,"date":"2024-09-15T11:38:15","date_gmt":"2024-09-15T09:38:15","guid":{"rendered":"https:\/\/robert-geiger.de\/?page_id=10372"},"modified":"2025-05-18T07:29:17","modified_gmt":"2025-05-18T05:29:17","slug":"ueber-uns","status":"publish","type":"page","link":"https:\/\/robert-geiger.de\/pt\/ueber-uns\/","title":{"rendered":"Sobre n\u00f3s"},"content":{"rendered":"<div data-elementor-type=\"wp-page\" data-elementor-id=\"10372\" class=\"elementor elementor-10372\">\n\t\t\t\t\t\t<section class=\"elementor-section elementor-top-section elementor-element elementor-element-df62a9a elementor-section-boxed elementor-section-height-default elementor-section-height-default default\" data-id=\"df62a9a\" data-element_type=\"section\" data-e-type=\"section\">\n\t\t\t\t\t\t<div class=\"elementor-container elementor-column-gap-no\">\n\t\t\t\t\t<div class=\"elementor-column elementor-col-50 elementor-top-column elementor-element elementor-element-b1f82d1\" data-id=\"b1f82d1\" data-element_type=\"column\" data-e-type=\"column\" data-settings=\"{&quot;background_background&quot;:&quot;classic&quot;}\">\n\t\t\t<div class=\"elementor-widget-wrap elementor-element-populated\">\n\t\t\t\t\t\t<div class=\"elementor-element elementor-element-3abc437 elementor-widget elementor-widget-spacer\" data-id=\"3abc437\" data-element_type=\"widget\" data-e-type=\"widget\" data-widget_type=\"spacer.default\">\n\t\t\t\t<div class=\"elementor-widget-container\">\n\t\t\t\t\t\t\t<div class=\"elementor-spacer\">\n\t\t\t<div class=\"elementor-spacer-inner\"><\/div>\n\t\t<\/div>\n\t\t\t\t\t\t<\/div>\n\t\t\t\t<\/div>\n\t\t\t\t\t<\/div>\n\t\t<\/div>\n\t\t\t\t<div class=\"elementor-column elementor-col-50 elementor-top-column elementor-element elementor-element-173e6ca\" data-id=\"173e6ca\" data-element_type=\"column\" data-e-type=\"column\">\n\t\t\t<div class=\"elementor-widget-wrap elementor-element-populated\">\n\t\t\t\t\t\t<div class=\"elementor-element elementor-element-215ed9b elementor-widget elementor-widget-title\" data-id=\"215ed9b\" data-element_type=\"widget\" data-e-type=\"widget\" data-widget_type=\"title.default\">\n\t\t\t\t<div class=\"elementor-widget-container\">\n\t\t\t\t\t\n\n\n        <div class=\"theme-title  ht-split-text\">\n\n            <h6>A nossa empresa<\/h6>\n\n          <h2 data-splitting=\"chars\">Em curso de expans\u00e3o desde 1978<\/h2>\n\n                  \n\n\n\n        <\/div>\n\n        \n\n        <script>\n\n        jQuery(document).ready(function() {\n\n if(jQuery(\".ht-split-text\").length) {\n\n Splitting();\n\n            var themeht_animation_text = function (container, item) {\n\n                jQuery(window).scroll(function () {\n\n                    var windowBottom = jQuery(this).scrollTop() + jQuery(this).innerHeight();\n\n                    jQuery(container).each(function (index, value) {\n\n                        var objectBottom = jQuery(this).offset().top + jQuery(this).outerHeight() * 0.1;\n\n                        \n\n                        if (objectBottom < windowBottom) { \n\n                            var seat = jQuery(this).find(item);\n\n                            for (var i = 0; i < seat.length; i++) {\n\n                                (function (index) {\n\n                                    setTimeout(function () {\n\n                                        seat.eq(index).addClass('ht-animated');\n\n                                    }, 200 * index);\n\n                                })(i);\n\n                            }\n\n                        }\n\n                    });\n\n                }).scroll();\n\n            };\n\n        \n\n            jQuery(function() {\n\n                themeht_animation_text(\".theme-title\", \".splitting\");\n\n            });\n\n        }\n\n });\n\n      <\/script>\n\n\n\n        \t\t\t\t<\/div>\n\t\t\t\t<\/div>\n\t\t\t\t<div class=\"elementor-element elementor-element-53a0789 elementor-widget elementor-widget-text-editor\" data-id=\"53a0789\" data-element_type=\"widget\" data-e-type=\"widget\" data-widget_type=\"text-editor.default\">\n\t\t\t\t<div class=\"elementor-widget-container\">\n\t\t\t\t\t\t\t\t\t<div class=\"col-sm-12\"><p>A empresa Robert Geiger foi fundada em 1978 como uma empresa comercial no setor de ar condicionado e ventila\u00e7\u00e3o. Em 1988, come\u00e7\u00e1mos a desenvolver e a produzir componentes de ventila\u00e7\u00e3o para a ind\u00fastria de ventila\u00e7\u00e3o e ar condicionado.<\/p><p>Come\u00e7ando com a produ\u00e7\u00e3o de bicos de lona, \u200b\u200bao longo dos anos desenvolvemos uma vasta gama de produtos de amortecedores de persianas e grades de prote\u00e7\u00e3o contra intemp\u00e9ries que atendem a todas as necessidades dos clientes.<\/p><p>Tamb\u00e9m oferecemos grades de prote\u00e7\u00e3o contra intemp\u00e9ries, cortinas de persianas, cortinas de sobrepress\u00e3o e agora tamb\u00e9m liga\u00e7\u00f5es flex\u00edveis como sistemas patenteados de automontagem, o que por sua vez confere ao cliente um elevado grau de flexibilidade. Estes kits \"fa\u00e7a voc\u00ea mesmo\" s\u00e3o o resultado da nossa produ\u00e7\u00e3o, pelo que o foco est\u00e1 no manuseamento pr\u00e1tico, na compatibilidade dos componentes individuais e, por fim, no produto bem desenvolvido.<\/p><\/div>\t\t\t\t\t\t\t\t<\/div>\n\t\t\t\t<\/div>\n\t\t\t\t\t<\/div>\n\t\t<\/div>\n\t\t\t\t\t<\/div>\n\t\t<\/section>\n\t\t\t\t<section class=\"elementor-section elementor-top-section elementor-element elementor-element-f1ce70b elementor-section-boxed elementor-section-height-default elementor-section-height-default default\" data-id=\"f1ce70b\" data-element_type=\"section\" data-e-type=\"section\">\n\t\t\t\t\t\t<div class=\"elementor-container elementor-column-gap-no\">\n\t\t\t\t\t<div class=\"elementor-column elementor-col-50 elementor-top-column elementor-element elementor-element-2731a81\" data-id=\"2731a81\" data-element_type=\"column\" data-e-type=\"column\" data-settings=\"{&quot;background_background&quot;:&quot;classic&quot;}\">\n\t\t\t<div class=\"elementor-widget-wrap elementor-element-populated\">\n\t\t\t\t\t\t<div class=\"elementor-element elementor-element-28c139a elementor-widget elementor-widget-title\" data-id=\"28c139a\" data-element_type=\"widget\" data-e-type=\"widget\" data-widget_type=\"title.default\">\n\t\t\t\t<div class=\"elementor-widget-container\">\n\t\t\t\t\t\n\n\n        <div class=\"theme-title  ht-split-text\">\n\n            <h6>Conhecido mundialmente<\/h6>\n\n          <h2 data-splitting=\"chars\">Exportar para mais de 40 pa\u00edses<\/h2>\n\n                  \n\n\n\n        <\/div>\n\n        \n\n        <script>\n\n        jQuery(document).ready(function() {\n\n if(jQuery(\".ht-split-text\").length) {\n\n Splitting();\n\n            var themeht_animation_text = function (container, item) {\n\n                jQuery(window).scroll(function () {\n\n                    var windowBottom = jQuery(this).scrollTop() + jQuery(this).innerHeight();\n\n                    jQuery(container).each(function (index, value) {\n\n                        var objectBottom = jQuery(this).offset().top + jQuery(this).outerHeight() * 0.1;\n\n                        \n\n                        if (objectBottom < windowBottom) { \n\n                            var seat = jQuery(this).find(item);\n\n                            for (var i = 0; i < seat.length; i++) {\n\n                                (function (index) {\n\n                                    setTimeout(function () {\n\n                                        seat.eq(index).addClass('ht-animated');\n\n                                    }, 200 * index);\n\n                                })(i);\n\n                            }\n\n                        }\n\n                    });\n\n                }).scroll();\n\n            };\n\n        \n\n            jQuery(function() {\n\n                themeht_animation_text(\".theme-title\", \".splitting\");\n\n            });\n\n        }\n\n });\n\n      <\/script>\n\n\n\n        \t\t\t\t<\/div>\n\t\t\t\t<\/div>\n\t\t\t\t<div class=\"elementor-element elementor-element-278a6cc elementor-widget elementor-widget-text-editor\" data-id=\"278a6cc\" data-element_type=\"widget\" data-e-type=\"widget\" data-widget_type=\"text-editor.default\">\n\t\t\t\t<div class=\"elementor-widget-container\">\n\t\t\t\t\t\t\t\t\t<p>Nos \u00faltimos anos, expandimos as nossas exporta\u00e7\u00f5es e operamos agora em mais de 40 pa\u00edses em todo o mundo com os nossos kits fa\u00e7a voc\u00ea mesmo de amortecedores de persianas e grades de prote\u00e7\u00e3o contra intemp\u00e9ries.<\/p><p>Ao fabricar todos os perfis de a\u00e7o e pe\u00e7as pl\u00e1sticas em linhas de produ\u00e7\u00e3o modernas e controladas por computador internamente, podemos responder de forma r\u00e1pida e flex\u00edvel a todos os requisitos e implementar novos desenvolvimentos e melhorias de produtos no menor tempo poss\u00edvel.<\/p><p>Como empresa familiar, a Robert Geiger Technische Bauteile GmbH goza da vantagem de uma grande flexibilidade em termos de prazos de entrega, bem como na realiza\u00e7\u00e3o de pedidos especiais de produtos dos clientes.<br \/>Dies wiederum ist nur durch die hohe Identifikation der Mitarbeiter mit dem Unternehmen m\u00f6glich.<\/p>\t\t\t\t\t\t\t\t<\/div>\n\t\t\t\t<\/div>\n\t\t\t\t\t<\/div>\n\t\t<\/div>\n\t\t\t\t<div class=\"elementor-column elementor-col-50 elementor-top-column elementor-element elementor-element-3c2c88d\" data-id=\"3c2c88d\" data-element_type=\"column\" data-e-type=\"column\">\n\t\t\t<div class=\"elementor-widget-wrap elementor-element-populated\">\n\t\t\t\t\t\t<div class=\"elementor-element elementor-element-187aab9 elementor-widget elementor-widget-spacer\" data-id=\"187aab9\" data-element_type=\"widget\" data-e-type=\"widget\" data-widget_type=\"spacer.default\">\n\t\t\t\t<div class=\"elementor-widget-container\">\n\t\t\t\t\t\t\t<div class=\"elementor-spacer\">\n\t\t\t<div class=\"elementor-spacer-inner\"><\/div>\n\t\t<\/div>\n\t\t\t\t\t\t<\/div>\n\t\t\t\t<\/div>\n\t\t\t\t<div class=\"elementor-element elementor-element-66309b7 elementor-widget elementor-widget-video\" data-id=\"66309b7\" data-element_type=\"widget\" data-e-type=\"widget\" data-settings=\"{&quot;youtube_url&quot;:&quot;https:\\\/\\\/youtu.be\\\/1b6CtQS_0YE?si=I5tEfgunOabcklUR&quot;,&quot;video_type&quot;:&quot;youtube&quot;,&quot;controls&quot;:&quot;yes&quot;}\" data-widget_type=\"video.default\">\n\t\t\t\t<div class=\"elementor-widget-container\">\n\t\t\t\t\t<style>.elementor-element-66309b7{display:none !important}<\/style>\t\t\t\t<\/div>\n\t\t\t\t<\/div>\n\t\t\t\t<div class=\"elementor-element elementor-element-99ac4aa elementor-widget elementor-widget-video\" data-id=\"99ac4aa\" data-element_type=\"widget\" data-e-type=\"widget\" data-settings=\"{&quot;youtube_url&quot;:&quot;https:\\\/\\\/youtu.be\\\/NrxVE-528-0?si=U70flTxag5QP3prO&quot;,&quot;video_type&quot;:&quot;youtube&quot;,&quot;controls&quot;:&quot;yes&quot;}\" data-widget_type=\"video.default\">\n\t\t\t\t<div class=\"elementor-widget-container\">\n\t\t\t\t\t\t\t<div class=\"elementor-wrapper elementor-open-inline\">\n\t\t\t<div class=\"elementor-video\"><\/div>\t\t<\/div>\n\t\t\t\t\t\t<\/div>\n\t\t\t\t<\/div>\n\t\t\t\t<div class=\"elementor-element elementor-element-1269f22 elementor-widget elementor-widget-text-editor\" data-id=\"1269f22\" data-element_type=\"widget\" data-e-type=\"widget\" data-widget_type=\"text-editor.default\">\n\t\t\t\t<div class=\"elementor-widget-container\">\n\t\t\t\t\t\t\t\t\t<p>A qualidade de primeira classe dos nossos produtos, a consultoria abrangente, a flexibilidade e a fiabilidade absoluta para com os nossos clientes sempre foram a nossa principal prioridade.<\/p><p>A continuidade deste princ\u00edpio orientador da nossa filosofia empresarial \u00e9 verificada e confirmada anualmente pela certifica\u00e7\u00e3o da nossa empresa de acordo com a norma DIN ISO 9001.<\/p>\t\t\t\t\t\t\t\t<\/div>\n\t\t\t\t<\/div>\n\t\t\t\t\t<\/div>\n\t\t<\/div>\n\t\t\t\t\t<\/div>\n\t\t<\/section>\n\t\t\t\t<section class=\"elementor-section elementor-top-section elementor-element elementor-element-46a5e71 elementor-section-boxed elementor-section-height-default elementor-section-height-default default\" data-id=\"46a5e71\" data-element_type=\"section\" data-e-type=\"section\">\n\t\t\t\t\t\t<div class=\"elementor-container elementor-column-gap-no\">\n\t\t\t\t\t<div class=\"elementor-column elementor-col-100 elementor-top-column elementor-element elementor-element-986a6b1\" data-id=\"986a6b1\" data-element_type=\"column\" data-e-type=\"column\">\n\t\t\t<div class=\"elementor-widget-wrap elementor-element-populated\">\n\t\t\t\t\t\t<div class=\"elementor-element elementor-element-d8512b9 elementor-widget elementor-widget-title\" data-id=\"d8512b9\" data-element_type=\"widget\" data-e-type=\"widget\" data-widget_type=\"title.default\">\n\t\t\t\t<div class=\"elementor-widget-container\">\n\t\t\t\t\t\n\n\n        <div class=\"theme-title  ht-split-text center\">\n\n            <h6>Not\u00edcias<\/h6>\n\n          <h2 data-splitting=\"chars\">Not\u00edcias de Robert Geiger<\/h2>\n\n                  \n\n\n\n        <\/div>\n\n        \n\n        <script>\n\n        jQuery(document).ready(function() {\n\n if(jQuery(\".ht-split-text\").length) {\n\n Splitting();\n\n            var themeht_animation_text = function (container, item) {\n\n                jQuery(window).scroll(function () {\n\n                    var windowBottom = jQuery(this).scrollTop() + jQuery(this).innerHeight();\n\n                    jQuery(container).each(function (index, value) {\n\n                        var objectBottom = jQuery(this).offset().top + jQuery(this).outerHeight() * 0.1;\n\n                        \n\n                        if (objectBottom < windowBottom) { \n\n                            var seat = jQuery(this).find(item);\n\n                            for (var i = 0; i < seat.length; i++) {\n\n                                (function (index) {\n\n                                    setTimeout(function () {\n\n                                        seat.eq(index).addClass('ht-animated');\n\n                                    }, 200 * index);\n\n                                })(i);\n\n                            }\n\n                        }\n\n                    });\n\n                }).scroll();\n\n            };\n\n        \n\n            jQuery(function() {\n\n                themeht_animation_text(\".theme-title\", \".splitting\");\n\n            });\n\n        }\n\n });\n\n      <\/script>\n\n\n\n        \t\t\t\t<\/div>\n\t\t\t\t<\/div>\n\t\t\t\t<div class=\"elementor-element elementor-element-c7f9dc7 elementor-widget elementor-widget-post-grid\" data-id=\"c7f9dc7\" data-element_type=\"widget\" data-e-type=\"widget\" data-widget_type=\"post-grid.default\">\n\t\t\t\t<div class=\"elementor-widget-container\">\n\t\t\t\t\t\n<div class=\"\">\n\n        <div class=\"row\">\n\n\n\n           \n                <div class=\"col-lg-4 col-md-6\">\n\n                 \n                <div class=\"post-card style-1\">\n\n                    <div class=\"post-image\"><img fetchpriority=\"high\" decoding=\"async\" width=\"700\" height=\"408\" src=\"https:\/\/robert-geiger.de\/wp-content\/uploads\/2026\/03\/wg-al-30_blog-700x408.png\" class=\"attachment-hairise-700x408 size-hairise-700x408 wp-post-image\" alt=\"\" srcset=\"https:\/\/robert-geiger.de\/wp-content\/uploads\/2026\/03\/wg-al-30_blog-700x408.png 700w, https:\/\/robert-geiger.de\/wp-content\/uploads\/2026\/03\/wg-al-30_blog-18x9.png 18w, https:\/\/robert-geiger.de\/wp-content\/uploads\/2026\/03\/wg-al-30_blog-240x140.png 240w\" sizes=\"(max-width: 700px) 100vw, 700px\" \/>                    <div class=\"button-style-2\">\n                            <svg xmlns=\"http:\/\/www.w3.org\/2000\/svg\" viewbox=\"0 0 100 100\">\n                                <path d=\"m100,0H0v100C0,44.77,44.77,0,100,0Z\"> <\/path>\n                            <\/svg>\n                            <a href=\"https:\/\/robert-geiger.de\/pt\/wetterschutzgitter-aus-aluminium-mit-kleinen-lamellen-wg-al-30-und-wg-al-30-elox-2\/\" class=\"button-style-2-link\"><i aria-hidden=\"true\" class=\"bootstrap-icon bi-arrow-right-short\"><\/i><\/a>\n                        <svg xmlns=\"http:\/\/www.w3.org\/2000\/svg\" viewbox=\"0 0 100 100\">\n                            <path d=\"m100,0H0v100C0,44.77,44.77,0,100,0Z\"> <\/path>\n                        <\/svg> \n                        <\/div>\n                 <\/div>\n\n                  <div class=\"post-desc\">\n                      <ul class=\"list-inline post-bottom\">\n\n                      <li class=\"list-inline-item\"><i class=\"bi bi-person\"><\/i><span class=\"byline\"> <span class=\"author vcard\"><a class=\"url fn n\" href=\"https:\/\/robert-geiger.de\/pt\/author\/robert-geiger\/\">Robert Geiger<\/a><\/span><\/span>\n                      <\/li>\n\n                      <li class=\"list-inline-item\"><i class=\"bi bi-bookmarks\"><\/i><span class=\"cat-links\"> <a href=\"https:\/\/robert-geiger.de\/pt\/category\/produkte\/\" rel=\"category tag\">Produtos<\/a><\/span>\n                      <\/li>\n\n                    <\/ul>\n\n                    <div class=\"post-title\">\n\n                    <h4><a href=\"https:\/\/robert-geiger.de\/pt\/wetterschutzgitter-aus-aluminium-mit-kleinen-lamellen-wg-al-30-und-wg-al-30-elox-2\/\">Mini grelha de prote\u00e7\u00e3o contra intemp\u00e9ries, fabricada em alum\u00ednio natural e anodizado E6\/EV1, com espa\u00e7amento entre l\u00e2minas de 30 mm<\/a>\n\n                      <\/h4>\n\n                      <\/div>\n\n\n\n                  <\/div>\n\n                <\/div>\n\n                \n\n              <\/div>\n\n              \n                <div class=\"col-lg-4 col-md-6\">\n\n                 \n                <div class=\"post-card style-1\">\n\n                    <div class=\"post-image\"><img decoding=\"async\" width=\"700\" height=\"408\" src=\"https:\/\/robert-geiger.de\/wp-content\/uploads\/2025\/09\/geiger-header-wg-al-30-700x408.png\" class=\"attachment-hairise-700x408 size-hairise-700x408 wp-post-image\" alt=\"WG-AL-30 \/ WG-AL-30 ELOX\" srcset=\"https:\/\/robert-geiger.de\/wp-content\/uploads\/2025\/09\/geiger-header-wg-al-30-700x408.png 700w, https:\/\/robert-geiger.de\/wp-content\/uploads\/2025\/09\/geiger-header-wg-al-30-18x9.png 18w, https:\/\/robert-geiger.de\/wp-content\/uploads\/2025\/09\/geiger-header-wg-al-30-240x140.png 240w\" sizes=\"(max-width: 700px) 100vw, 700px\" \/>                    <div class=\"button-style-2\">\n                            <svg xmlns=\"http:\/\/www.w3.org\/2000\/svg\" viewbox=\"0 0 100 100\">\n                                <path d=\"m100,0H0v100C0,44.77,44.77,0,100,0Z\"> <\/path>\n                            <\/svg>\n                            <a href=\"https:\/\/robert-geiger.de\/pt\/wetterschutzgitter-aus-aluminium-mit-kleinen-lamellen-wg-al-30-und-wg-al-30-elox\/\" class=\"button-style-2-link\"><i aria-hidden=\"true\" class=\"bootstrap-icon bi-arrow-right-short\"><\/i><\/a>\n                        <svg xmlns=\"http:\/\/www.w3.org\/2000\/svg\" viewbox=\"0 0 100 100\">\n                            <path d=\"m100,0H0v100C0,44.77,44.77,0,100,0Z\"> <\/path>\n                        <\/svg> \n                        <\/div>\n                 <\/div>\n\n                  <div class=\"post-desc\">\n                      <ul class=\"list-inline post-bottom\">\n\n                      <li class=\"list-inline-item\"><i class=\"bi bi-person\"><\/i><span class=\"byline\"> <span class=\"author vcard\"><a class=\"url fn n\" href=\"https:\/\/robert-geiger.de\/pt\/author\/robert-geiger\/\">Robert Geiger<\/a><\/span><\/span>\n                      <\/li>\n\n                      <li class=\"list-inline-item\"><i class=\"bi bi-bookmarks\"><\/i><span class=\"cat-links\"> <a href=\"https:\/\/robert-geiger.de\/pt\/category\/produkte\/\" rel=\"category tag\">Produtos<\/a><\/span>\n                      <\/li>\n\n                    <\/ul>\n\n                    <div class=\"post-title\">\n\n                    <h4><a href=\"https:\/\/robert-geiger.de\/pt\/wetterschutzgitter-aus-aluminium-mit-kleinen-lamellen-wg-al-30-und-wg-al-30-elox\/\">Grelhas de prote\u00e7\u00e3o contra intemp\u00e9ries em alum\u00ednio com \u201cpequenas\u201d l\u00e2minas WG-AL-30 e WG-AL-30 ELOX<\/a>\n\n                      <\/h4>\n\n                      <\/div>\n\n\n\n                  <\/div>\n\n                <\/div>\n\n                \n\n              <\/div>\n\n              \n                <div class=\"col-lg-4 col-md-6\">\n\n                 \n                <div class=\"post-card style-1\">\n\n                    <div class=\"post-image\"><img decoding=\"async\" width=\"700\" height=\"408\" src=\"https:\/\/robert-geiger.de\/wp-content\/uploads\/2025\/09\/maschinen-ablaengen-2-700x408.jpg\" class=\"attachment-hairise-700x408 size-hairise-700x408 wp-post-image\" alt=\"M\u00e1quinas para corte e soldadura\" srcset=\"https:\/\/robert-geiger.de\/wp-content\/uploads\/2025\/09\/maschinen-ablaengen-2-700x408.jpg 700w, https:\/\/robert-geiger.de\/wp-content\/uploads\/2025\/09\/maschinen-ablaengen-2-18x9.jpg 18w, https:\/\/robert-geiger.de\/wp-content\/uploads\/2025\/09\/maschinen-ablaengen-2-240x140.jpg 240w\" sizes=\"(max-width: 700px) 100vw, 700px\" \/>                    <div class=\"button-style-2\">\n                            <svg xmlns=\"http:\/\/www.w3.org\/2000\/svg\" viewbox=\"0 0 100 100\">\n                                <path d=\"m100,0H0v100C0,44.77,44.77,0,100,0Z\"> <\/path>\n                            <\/svg>\n                            <a href=\"https:\/\/robert-geiger.de\/pt\/maschinen-zum-ablaengen-und-verschweissen\/\" class=\"button-style-2-link\"><i aria-hidden=\"true\" class=\"bootstrap-icon bi-arrow-right-short\"><\/i><\/a>\n                        <svg xmlns=\"http:\/\/www.w3.org\/2000\/svg\" viewbox=\"0 0 100 100\">\n                            <path d=\"m100,0H0v100C0,44.77,44.77,0,100,0Z\"> <\/path>\n                        <\/svg> \n                        <\/div>\n                 <\/div>\n\n                  <div class=\"post-desc\">\n                      <ul class=\"list-inline post-bottom\">\n\n                      <li class=\"list-inline-item\"><i class=\"bi bi-person\"><\/i><span class=\"byline\"> <span class=\"author vcard\"><a class=\"url fn n\" href=\"https:\/\/robert-geiger.de\/pt\/author\/robert-geiger\/\">Robert Geiger<\/a><\/span><\/span>\n                      <\/li>\n\n                      <li class=\"list-inline-item\"><i class=\"bi bi-bookmarks\"><\/i><span class=\"cat-links\"> <a href=\"https:\/\/robert-geiger.de\/pt\/category\/produkte\/\" rel=\"category tag\">Produtos<\/a>, <a href=\"https:\/\/robert-geiger.de\/pt\/category\/youtube\/\" rel=\"category tag\">YouTube<\/a><\/span>\n                      <\/li>\n\n                    <\/ul>\n\n                    <div class=\"post-title\">\n\n                    <h4><a href=\"https:\/\/robert-geiger.de\/pt\/maschinen-zum-ablaengen-und-verschweissen\/\">M\u00e1quinas para corte e soldadura<\/a>\n\n                      <\/h4>\n\n                      <\/div>\n\n\n\n                  <\/div>\n\n                <\/div>\n\n                \n\n              <\/div>\n\n              \n         <\/div>\n     <\/div>\n\n        \t\t\t\t<\/div>\n\t\t\t\t<\/div>\n\t\t\t\t\t<\/div>\n\t\t<\/div>\n\t\t\t\t\t<\/div>\n\t\t<\/section>\n\t\t\t\t<\/div>","protected":false},"excerpt":{"rendered":"<p>Unser Unternehmen Seit 1978 auf Expansionskurs Die Firma Robert Geiger wurde 1978 als Handelsunternehmen in der Klima- und L\u00fcftungsbranche gegr\u00fcndet. 1988 begannen wir mit der Entwicklung und Produktion von l\u00fcftungstechnischen Komponenten f\u00fcr die L\u00fcftungs- und Klimaindustrie. Aus dem Anfang mit der Produktion von Segeltuchstutzen wurde im Laufe der Jahre eine umfangreiche Produktpalette von Jalousieklappen und [&hellip;]<\/p>\n","protected":false},"author":1,"featured_media":0,"parent":0,"menu_order":0,"comment_status":"closed","ping_status":"closed","template":"","meta":{"_acf_changed":false,"inline_featured_image":false,"footnotes":""},"class_list":["post-10372","page","type-page","status-publish","hentry"],"acf":[],"_links":{"self":[{"href":"https:\/\/robert-geiger.de\/pt\/wp-json\/wp\/v2\/pages\/10372","targetHints":{"allow":["GET"]}}],"collection":[{"href":"https:\/\/robert-geiger.de\/pt\/wp-json\/wp\/v2\/pages"}],"about":[{"href":"https:\/\/robert-geiger.de\/pt\/wp-json\/wp\/v2\/types\/page"}],"author":[{"embeddable":true,"href":"https:\/\/robert-geiger.de\/pt\/wp-json\/wp\/v2\/users\/1"}],"replies":[{"embeddable":true,"href":"https:\/\/robert-geiger.de\/pt\/wp-json\/wp\/v2\/comments?post=10372"}],"version-history":[{"count":10,"href":"https:\/\/robert-geiger.de\/pt\/wp-json\/wp\/v2\/pages\/10372\/revisions"}],"predecessor-version":[{"id":11763,"href":"https:\/\/robert-geiger.de\/pt\/wp-json\/wp\/v2\/pages\/10372\/revisions\/11763"}],"wp:attachment":[{"href":"https:\/\/robert-geiger.de\/pt\/wp-json\/wp\/v2\/media?parent=10372"}],"curies":[{"name":"wp","href":"https:\/\/api.w.org\/{rel}","templated":true}]}}