{"id":11526,"date":"2024-09-15T11:38:15","date_gmt":"2024-09-15T09:38:15","guid":{"rendered":"https:\/\/robert-geiger.de\/?page_id=11526"},"modified":"2026-04-28T09:12:34","modified_gmt":"2026-04-28T07:12:34","slug":"karriere","status":"publish","type":"page","link":"https:\/\/robert-geiger.de\/fr\/karriere\/","title":{"rendered":"Carri\u00e8re"},"content":{"rendered":"<div data-elementor-type=\"wp-page\" data-elementor-id=\"11526\" class=\"elementor elementor-11526\">\n\t\t\t\t\t\t<section class=\"elementor-section elementor-top-section elementor-element elementor-element-df62a9a elementor-section-boxed elementor-section-height-default elementor-section-height-default default\" data-id=\"df62a9a\" data-element_type=\"section\" data-e-type=\"section\">\n\t\t\t\t\t\t<div class=\"elementor-container elementor-column-gap-no\">\n\t\t\t\t\t<div class=\"elementor-column elementor-col-100 elementor-top-column elementor-element elementor-element-173e6ca\" data-id=\"173e6ca\" data-element_type=\"column\" data-e-type=\"column\">\n\t\t\t<div class=\"elementor-widget-wrap elementor-element-populated\">\n\t\t\t\t\t\t<div class=\"elementor-element elementor-element-bcc77ac elementor-widget elementor-widget-text-editor\" data-id=\"bcc77ac\" data-element_type=\"widget\" data-e-type=\"widget\" data-widget_type=\"text-editor.default\">\n\t\t\t\t<div class=\"elementor-widget-container\">\n\t\t\t\t\t\t\t\t\t<p><strong>Wir entwickeln und produzieren seit \u00fcber 30 Jahren Jalousieklappen, Wetterschutzgitter, sowie weitere l\u00fcftungstechnische Komponenten f\u00fcr die L\u00fcftungs- und Klimaindustrie. Als international t\u00e4tiges, erfolgreiches und expandierendes Familienunternehmen bieten wir Ihnen einen sicheren Arbeitsplatz.<\/strong><\/p>\t\t\t\t\t\t\t\t<\/div>\n\t\t\t\t<\/div>\n\t\t\t\t<div class=\"elementor-element elementor-element-10f3500 elementor-widget elementor-widget-text-editor\" data-id=\"10f3500\" data-element_type=\"widget\" data-e-type=\"widget\" data-widget_type=\"text-editor.default\">\n\t\t\t\t<div class=\"elementor-widget-container\">\n\t\t\t\t\t\t\t\t\t<p>Zur Verst\u00e4rkung unseres Teams suchen wir einen zuverl\u00e4ssigen und selbstst\u00e4ndig arbeitenden:<\/p>\t\t\t\t\t\t\t\t<\/div>\n\t\t\t\t<\/div>\n\t\t\t\t<div class=\"elementor-element elementor-element-ac8759f elementor-widget elementor-widget-themeht-heading\" data-id=\"ac8759f\" data-element_type=\"widget\" data-e-type=\"widget\" data-widget_type=\"themeht-heading.default\">\n\t\t\t\t<div class=\"elementor-widget-container\">\n\t\t\t\t\t\r\n        <div class=\"\">\r\n\r\n          <h3 class=\"\">Metallfacharbeiter (m\/w\/d)<\/h3>       \r\n\r\n        <\/div>\r\n\r\n        \t\t\t\t<\/div>\n\t\t\t\t<\/div>\n\t\t\t\t<div class=\"elementor-element elementor-element-4619bc3 elementor-widget elementor-widget-text-editor\" data-id=\"4619bc3\" data-element_type=\"widget\" data-e-type=\"widget\" data-widget_type=\"text-editor.default\">\n\t\t\t\t<div class=\"elementor-widget-container\">\n\t\t\t\t\t\t\t\t\t<p><strong>Ihre Aufgaben:<\/strong><\/p><ul><li>Sondereinzelfertigung von l\u00fcftungstechnischen Komponenten<\/li><\/ul>\t\t\t\t\t\t\t\t<\/div>\n\t\t\t\t<\/div>\n\t\t\t\t<div class=\"elementor-element elementor-element-751cea9 elementor-widget elementor-widget-text-editor\" data-id=\"751cea9\" data-element_type=\"widget\" data-e-type=\"widget\" data-widget_type=\"text-editor.default\">\n\t\t\t\t<div class=\"elementor-widget-container\">\n\t\t\t\t\t\t\t\t\t<p><strong>Ihr Profil:<\/strong><\/p><ul><li>Handwerkliche oder technische Ausbildung in einem Metallberuf<\/li><li>Sorgf\u00e4ltige und selbst\u00e4ndige Arbeitsweise<\/li><\/ul>\t\t\t\t\t\t\t\t<\/div>\n\t\t\t\t<\/div>\n\t\t\t\t<div class=\"elementor-element elementor-element-fb48d03 elementor-widget elementor-widget-spacer\" data-id=\"fb48d03\" data-element_type=\"widget\" data-e-type=\"widget\" data-widget_type=\"spacer.default\">\n\t\t\t\t<div class=\"elementor-widget-container\">\n\t\t\t\t\t\t\t<div class=\"elementor-spacer\">\n\t\t\t<div class=\"elementor-spacer-inner\"><\/div>\n\t\t<\/div>\n\t\t\t\t\t\t<\/div>\n\t\t\t\t<\/div>\n\t\t\t\t<div class=\"elementor-element elementor-element-ca63e85 elementor-widget elementor-widget-text-editor\" data-id=\"ca63e85\" data-element_type=\"widget\" data-e-type=\"widget\" data-widget_type=\"text-editor.default\">\n\t\t\t\t<div class=\"elementor-widget-container\">\n\t\t\t\t\t\t\t\t\t<p><strong>Haben wir Ihr Interesse geweckt?<\/strong><\/p><p>Dann senden Sie uns bitte Ihre detaillierte und aussagekr\u00e4ftige Bewerbung mit Zeugnissen und Angaben zu Ihrer Gehaltsvorstellung bevorzugt per E-Mail an: <strong><a href=\"mailto:personal@robert-geiger.de\">personal@robert-geiger.de<\/a><\/strong><\/p>\t\t\t\t\t\t\t\t<\/div>\n\t\t\t\t<\/div>\n\t\t\t\t\t<\/div>\n\t\t<\/div>\n\t\t\t\t\t<\/div>\n\t\t<\/section>\n\t\t\t\t<section class=\"elementor-section elementor-top-section elementor-element elementor-element-0ef90fc elementor-hidden-desktop elementor-hidden-tablet elementor-hidden-mobile elementor-section-boxed elementor-section-height-default elementor-section-height-default default\" data-id=\"0ef90fc\" data-element_type=\"section\" data-e-type=\"section\">\n\t\t\t\t\t\t<div class=\"elementor-container elementor-column-gap-no\">\n\t\t\t\t\t<div class=\"elementor-column elementor-col-100 elementor-top-column elementor-element elementor-element-b7cd830\" data-id=\"b7cd830\" data-element_type=\"column\" data-e-type=\"column\">\n\t\t\t<div class=\"elementor-widget-wrap elementor-element-populated\">\n\t\t\t\t\t\t<div class=\"elementor-element elementor-element-6ecb071 elementor-widget elementor-widget-title\" data-id=\"6ecb071\" data-element_type=\"widget\" data-e-type=\"widget\" data-widget_type=\"title.default\">\n\t\t\t\t<div class=\"elementor-widget-container\">\n\t\t\t\t\t\n\n\n        <div class=\"theme-title  ht-split-text\">\n\n            <h6>Carri\u00e8re<\/h6>\n\n          <h2 data-splitting=\"chars\">Aktuell keine offenen Stellen<\/h2>\n\n                  \n\n\n\n        <\/div>\n\n        \n\n        <script>\n\n        jQuery(document).ready(function() {\n\n if(jQuery(\".ht-split-text\").length) {\n\n Splitting();\n\n            var themeht_animation_text = function (container, item) {\n\n                jQuery(window).scroll(function () {\n\n                    var windowBottom = jQuery(this).scrollTop() + jQuery(this).innerHeight();\n\n                    jQuery(container).each(function (index, value) {\n\n                        var objectBottom = jQuery(this).offset().top + jQuery(this).outerHeight() * 0.1;\n\n                        \n\n                        if (objectBottom < windowBottom) { \n\n                            var seat = jQuery(this).find(item);\n\n                            for (var i = 0; i < seat.length; i++) {\n\n                                (function (index) {\n\n                                    setTimeout(function () {\n\n                                        seat.eq(index).addClass('ht-animated');\n\n                                    }, 200 * index);\n\n                                })(i);\n\n                            }\n\n                        }\n\n                    });\n\n                }).scroll();\n\n            };\n\n        \n\n            jQuery(function() {\n\n                themeht_animation_text(\".theme-title\", \".splitting\");\n\n            });\n\n        }\n\n });\n\n      <\/script>\n\n\n\n        \t\t\t\t<\/div>\n\t\t\t\t<\/div>\n\t\t\t\t<div class=\"elementor-element elementor-element-ce14678 elementor-widget elementor-widget-text-editor\" data-id=\"ce14678\" data-element_type=\"widget\" data-e-type=\"widget\" data-widget_type=\"text-editor.default\">\n\t\t\t\t<div class=\"elementor-widget-container\">\n\t\t\t\t\t\t\t\t\t<p>Derzeit haben wir leider keine offenen Stellen zu besetzen. Da wir aber auch zuk\u00fcnftig weiter wachsen wollen, halten wir f\u00fcr Initiativbewerbungen immer ein Auge offen.<\/p><p>Wenn Sie also der Meinung sind, wir sollten Sie kennenlernen, dann lassen Sie uns Ihre aussagekr\u00e4ftigen Unterlagen zukommen.<\/p><p>Bewerbungen bitte ausschlie\u00dflich per E-Mail an: <strong><a href=\"mailto:personal@robert-geiger.de\">personal@robert-geiger.de<\/a> <\/strong><\/p>\t\t\t\t\t\t\t\t<\/div>\n\t\t\t\t<\/div>\n\t\t\t\t\t<\/div>\n\t\t<\/div>\n\t\t\t\t\t<\/div>\n\t\t<\/section>\n\t\t\t\t<section class=\"elementor-section elementor-top-section elementor-element elementor-element-46a5e71 elementor-section-boxed elementor-section-height-default elementor-section-height-default default\" data-id=\"46a5e71\" data-element_type=\"section\" data-e-type=\"section\">\n\t\t\t\t\t\t<div class=\"elementor-container elementor-column-gap-no\">\n\t\t\t\t\t<div class=\"elementor-column elementor-col-100 elementor-top-column elementor-element elementor-element-986a6b1\" data-id=\"986a6b1\" data-element_type=\"column\" data-e-type=\"column\">\n\t\t\t<div class=\"elementor-widget-wrap elementor-element-populated\">\n\t\t\t\t\t\t<div class=\"elementor-element elementor-element-d8512b9 elementor-widget elementor-widget-title\" data-id=\"d8512b9\" data-element_type=\"widget\" data-e-type=\"widget\" data-widget_type=\"title.default\">\n\t\t\t\t<div class=\"elementor-widget-container\">\n\t\t\t\t\t\n\n\n        <div class=\"theme-title  ht-split-text center\">\n\n            <h6>Nouvelles<\/h6>\n\n          <h2 data-splitting=\"chars\">Nouvelles de Robert Geiger<\/h2>\n\n                  \n\n\n\n        <\/div>\n\n        \n\n        <script>\n\n        jQuery(document).ready(function() {\n\n if(jQuery(\".ht-split-text\").length) {\n\n Splitting();\n\n            var themeht_animation_text = function (container, item) {\n\n                jQuery(window).scroll(function () {\n\n                    var windowBottom = jQuery(this).scrollTop() + jQuery(this).innerHeight();\n\n                    jQuery(container).each(function (index, value) {\n\n                        var objectBottom = jQuery(this).offset().top + jQuery(this).outerHeight() * 0.1;\n\n                        \n\n                        if (objectBottom < windowBottom) { \n\n                            var seat = jQuery(this).find(item);\n\n                            for (var i = 0; i < seat.length; i++) {\n\n                                (function (index) {\n\n                                    setTimeout(function () {\n\n                                        seat.eq(index).addClass('ht-animated');\n\n                                    }, 200 * index);\n\n                                })(i);\n\n                            }\n\n                        }\n\n                    });\n\n                }).scroll();\n\n            };\n\n        \n\n            jQuery(function() {\n\n                themeht_animation_text(\".theme-title\", \".splitting\");\n\n            });\n\n        }\n\n });\n\n      <\/script>\n\n\n\n        \t\t\t\t<\/div>\n\t\t\t\t<\/div>\n\t\t\t\t<div class=\"elementor-element elementor-element-c7f9dc7 elementor-widget elementor-widget-post-grid\" data-id=\"c7f9dc7\" data-element_type=\"widget\" data-e-type=\"widget\" data-widget_type=\"post-grid.default\">\n\t\t\t\t<div class=\"elementor-widget-container\">\n\t\t\t\t\t\n<div class=\"\">\n\n        <div class=\"row\">\n\n\n\n           \n                <div class=\"col-lg-4 col-md-6\">\n\n                 \n                <div class=\"post-card style-1\">\n\n                    <div class=\"post-image\"><img fetchpriority=\"high\" decoding=\"async\" width=\"700\" height=\"408\" src=\"https:\/\/robert-geiger.de\/wp-content\/uploads\/2025\/09\/preise_06-2026-700x408.png\" class=\"attachment-hairise-700x408 size-hairise-700x408 wp-post-image\" alt=\"\" srcset=\"https:\/\/robert-geiger.de\/wp-content\/uploads\/2025\/09\/preise_06-2026-700x408.png 700w, https:\/\/robert-geiger.de\/wp-content\/uploads\/2025\/09\/preise_06-2026-18x9.png 18w, https:\/\/robert-geiger.de\/wp-content\/uploads\/2025\/09\/preise_06-2026-240x140.png 240w\" sizes=\"(max-width: 700px) 100vw, 700px\" \/>                    <div class=\"button-style-2\">\n                            <svg xmlns=\"http:\/\/www.w3.org\/2000\/svg\" viewbox=\"0 0 100 100\">\n                                <path d=\"m100,0H0v100C0,44.77,44.77,0,100,0Z\"> <\/path>\n                            <\/svg>\n                            <a href=\"https:\/\/robert-geiger.de\/fr\/neue-preislisten\/\" class=\"button-style-2-link\"><i aria-hidden=\"true\" class=\"bootstrap-icon bi-arrow-right-short\"><\/i><\/a>\n                        <svg xmlns=\"http:\/\/www.w3.org\/2000\/svg\" viewbox=\"0 0 100 100\">\n                            <path d=\"m100,0H0v100C0,44.77,44.77,0,100,0Z\"> <\/path>\n                        <\/svg> \n                        <\/div>\n                 <\/div>\n\n                  <div class=\"post-desc\">\n                      <ul class=\"list-inline post-bottom\">\n\n                      <li class=\"list-inline-item\"><i class=\"bi bi-person\"><\/i><span class=\"byline\"> <span class=\"author vcard\"><a class=\"url fn n\" href=\"https:\/\/robert-geiger.de\/fr\/author\/robert-geiger\/\">Robert Geiger<\/a><\/span><\/span>\n                      <\/li>\n\n                      <li class=\"list-inline-item\"><i class=\"bi bi-bookmarks\"><\/i><span class=\"cat-links\"> <a href=\"https:\/\/robert-geiger.de\/fr\/category\/produkte\/\" rel=\"category tag\">Produits<\/a><\/span>\n                      <\/li>\n\n                    <\/ul>\n\n                    <div class=\"post-title\">\n\n                    <h4><a href=\"https:\/\/robert-geiger.de\/fr\/neue-preislisten\/\">Nouveaux tarifs<\/a>\n\n                      <\/h4>\n\n                      <\/div>\n\n\n\n                  <\/div>\n\n                <\/div>\n\n                \n\n              <\/div>\n\n              \n                <div class=\"col-lg-4 col-md-6\">\n\n                 \n                <div class=\"post-card style-1\">\n\n                    <div class=\"post-image\"><img decoding=\"async\" width=\"700\" height=\"408\" src=\"https:\/\/robert-geiger.de\/wp-content\/uploads\/2026\/03\/wg-al-30_blog-700x408.png\" class=\"attachment-hairise-700x408 size-hairise-700x408 wp-post-image\" alt=\"\" srcset=\"https:\/\/robert-geiger.de\/wp-content\/uploads\/2026\/03\/wg-al-30_blog-700x408.png 700w, https:\/\/robert-geiger.de\/wp-content\/uploads\/2026\/03\/wg-al-30_blog-18x9.png 18w, https:\/\/robert-geiger.de\/wp-content\/uploads\/2026\/03\/wg-al-30_blog-240x140.png 240w\" sizes=\"(max-width: 700px) 100vw, 700px\" \/>                    <div class=\"button-style-2\">\n                            <svg xmlns=\"http:\/\/www.w3.org\/2000\/svg\" viewbox=\"0 0 100 100\">\n                                <path d=\"m100,0H0v100C0,44.77,44.77,0,100,0Z\"> <\/path>\n                            <\/svg>\n                            <a href=\"https:\/\/robert-geiger.de\/fr\/wetterschutzgitter-aus-aluminium-mit-kleinen-lamellen-wg-al-30-und-wg-al-30-elox-2\/\" class=\"button-style-2-link\"><i aria-hidden=\"true\" class=\"bootstrap-icon bi-arrow-right-short\"><\/i><\/a>\n                        <svg xmlns=\"http:\/\/www.w3.org\/2000\/svg\" viewbox=\"0 0 100 100\">\n                            <path d=\"m100,0H0v100C0,44.77,44.77,0,100,0Z\"> <\/path>\n                        <\/svg> \n                        <\/div>\n                 <\/div>\n\n                  <div class=\"post-desc\">\n                      <ul class=\"list-inline post-bottom\">\n\n                      <li class=\"list-inline-item\"><i class=\"bi bi-person\"><\/i><span class=\"byline\"> <span class=\"author vcard\"><a class=\"url fn n\" href=\"https:\/\/robert-geiger.de\/fr\/author\/robert-geiger\/\">Robert Geiger<\/a><\/span><\/span>\n                      <\/li>\n\n                      <li class=\"list-inline-item\"><i class=\"bi bi-bookmarks\"><\/i><span class=\"cat-links\"> <a href=\"https:\/\/robert-geiger.de\/fr\/category\/produkte\/\" rel=\"category tag\">Produits<\/a><\/span>\n                      <\/li>\n\n                    <\/ul>\n\n                    <div class=\"post-title\">\n\n                    <h4><a href=\"https:\/\/robert-geiger.de\/fr\/wetterschutzgitter-aus-aluminium-mit-kleinen-lamellen-wg-al-30-und-wg-al-30-elox-2\/\">Mini grille de protection contre les intemp\u00e9ries en aluminium naturel et anodis\u00e9 E6\/EV1 avec un espacement des lamelles de 30 mm<\/a>\n\n                      <\/h4>\n\n                      <\/div>\n\n\n\n                  <\/div>\n\n                <\/div>\n\n                \n\n              <\/div>\n\n              \n                <div class=\"col-lg-4 col-md-6\">\n\n                 \n                <div class=\"post-card style-1\">\n\n                    <div class=\"post-image\"><img decoding=\"async\" width=\"700\" height=\"408\" src=\"https:\/\/robert-geiger.de\/wp-content\/uploads\/2025\/09\/geiger-header-wg-al-30-700x408.png\" class=\"attachment-hairise-700x408 size-hairise-700x408 wp-post-image\" alt=\"WG-AL-30 \/ WG-AL-30 ELOX\" srcset=\"https:\/\/robert-geiger.de\/wp-content\/uploads\/2025\/09\/geiger-header-wg-al-30-700x408.png 700w, https:\/\/robert-geiger.de\/wp-content\/uploads\/2025\/09\/geiger-header-wg-al-30-18x9.png 18w, https:\/\/robert-geiger.de\/wp-content\/uploads\/2025\/09\/geiger-header-wg-al-30-240x140.png 240w\" sizes=\"(max-width: 700px) 100vw, 700px\" \/>                    <div class=\"button-style-2\">\n                            <svg xmlns=\"http:\/\/www.w3.org\/2000\/svg\" viewbox=\"0 0 100 100\">\n                                <path d=\"m100,0H0v100C0,44.77,44.77,0,100,0Z\"> <\/path>\n                            <\/svg>\n                            <a href=\"https:\/\/robert-geiger.de\/fr\/wetterschutzgitter-aus-aluminium-mit-kleinen-lamellen-wg-al-30-und-wg-al-30-elox\/\" class=\"button-style-2-link\"><i aria-hidden=\"true\" class=\"bootstrap-icon bi-arrow-right-short\"><\/i><\/a>\n                        <svg xmlns=\"http:\/\/www.w3.org\/2000\/svg\" viewbox=\"0 0 100 100\">\n                            <path d=\"m100,0H0v100C0,44.77,44.77,0,100,0Z\"> <\/path>\n                        <\/svg> \n                        <\/div>\n                 <\/div>\n\n                  <div class=\"post-desc\">\n                      <ul class=\"list-inline post-bottom\">\n\n                      <li class=\"list-inline-item\"><i class=\"bi bi-person\"><\/i><span class=\"byline\"> <span class=\"author vcard\"><a class=\"url fn n\" href=\"https:\/\/robert-geiger.de\/fr\/author\/robert-geiger\/\">Robert Geiger<\/a><\/span><\/span>\n                      <\/li>\n\n                      <li class=\"list-inline-item\"><i class=\"bi bi-bookmarks\"><\/i><span class=\"cat-links\"> <a href=\"https:\/\/robert-geiger.de\/fr\/category\/produkte\/\" rel=\"category tag\">Produits<\/a><\/span>\n                      <\/li>\n\n                    <\/ul>\n\n                    <div class=\"post-title\">\n\n                    <h4><a href=\"https:\/\/robert-geiger.de\/fr\/wetterschutzgitter-aus-aluminium-mit-kleinen-lamellen-wg-al-30-und-wg-al-30-elox\/\">Grilles de protection contre les intemp\u00e9ries en aluminium \u00e0 \u00ab petites \u00bb lamelles WG-AL-30 et WG-AL-30 ELOX<\/a>\n\n                      <\/h4>\n\n                      <\/div>\n\n\n\n                  <\/div>\n\n                <\/div>\n\n                \n\n              <\/div>\n\n              \n         <\/div>\n     <\/div>\n\n        \t\t\t\t<\/div>\n\t\t\t\t<\/div>\n\t\t\t\t\t<\/div>\n\t\t<\/div>\n\t\t\t\t\t<\/div>\n\t\t<\/section>\n\t\t\t\t<\/div>","protected":false},"excerpt":{"rendered":"<p>Wir entwickeln und produzieren seit \u00fcber 30 Jahren Jalousieklappen, Wetterschutzgitter, sowie weitere l\u00fcftungstechnische Komponenten f\u00fcr die L\u00fcftungs- und Klimaindustrie. Als international t\u00e4tiges, erfolgreiches und expandierendes Familienunternehmen bieten wir Ihnen einen sicheren Arbeitsplatz. Zur Verst\u00e4rkung unseres Teams suchen wir einen zuverl\u00e4ssigen und selbstst\u00e4ndig arbeitenden: Metallfacharbeiter (m\/w\/d) Ihre Aufgaben: Sondereinzelfertigung von l\u00fcftungstechnischen Komponenten Ihr Profil: Handwerkliche oder [&hellip;]<\/p>\n","protected":false},"author":2,"featured_media":0,"parent":0,"menu_order":0,"comment_status":"closed","ping_status":"closed","template":"","meta":{"_acf_changed":false,"inline_featured_image":false,"footnotes":""},"class_list":["post-11526","page","type-page","status-publish","hentry"],"acf":[],"_links":{"self":[{"href":"https:\/\/robert-geiger.de\/fr\/wp-json\/wp\/v2\/pages\/11526","targetHints":{"allow":["GET"]}}],"collection":[{"href":"https:\/\/robert-geiger.de\/fr\/wp-json\/wp\/v2\/pages"}],"about":[{"href":"https:\/\/robert-geiger.de\/fr\/wp-json\/wp\/v2\/types\/page"}],"author":[{"embeddable":true,"href":"https:\/\/robert-geiger.de\/fr\/wp-json\/wp\/v2\/users\/2"}],"replies":[{"embeddable":true,"href":"https:\/\/robert-geiger.de\/fr\/wp-json\/wp\/v2\/comments?post=11526"}],"version-history":[{"count":10,"href":"https:\/\/robert-geiger.de\/fr\/wp-json\/wp\/v2\/pages\/11526\/revisions"}],"predecessor-version":[{"id":12324,"href":"https:\/\/robert-geiger.de\/fr\/wp-json\/wp\/v2\/pages\/11526\/revisions\/12324"}],"wp:attachment":[{"href":"https:\/\/robert-geiger.de\/fr\/wp-json\/wp\/v2\/media?parent=11526"}],"curies":[{"name":"wp","href":"https:\/\/api.w.org\/{rel}","templated":true}]}}