{"id":10372,"date":"2024-09-15T11:38:15","date_gmt":"2024-09-15T09:38:15","guid":{"rendered":"https:\/\/robert-geiger.de\/?page_id=10372"},"modified":"2025-05-18T07:29:17","modified_gmt":"2025-05-18T05:29:17","slug":"ueber-uns","status":"publish","type":"page","link":"https:\/\/robert-geiger.de\/fr\/ueber-uns\/","title":{"rendered":"\u00c0 propos de nous"},"content":{"rendered":"<div data-elementor-type=\"wp-page\" data-elementor-id=\"10372\" class=\"elementor elementor-10372\">\n\t\t\t\t\t\t<section class=\"elementor-section elementor-top-section elementor-element elementor-element-df62a9a elementor-section-boxed elementor-section-height-default elementor-section-height-default default\" data-id=\"df62a9a\" data-element_type=\"section\" data-e-type=\"section\">\n\t\t\t\t\t\t<div class=\"elementor-container elementor-column-gap-no\">\n\t\t\t\t\t<div class=\"elementor-column elementor-col-50 elementor-top-column elementor-element elementor-element-b1f82d1\" data-id=\"b1f82d1\" data-element_type=\"column\" data-e-type=\"column\" data-settings=\"{&quot;background_background&quot;:&quot;classic&quot;}\">\n\t\t\t<div class=\"elementor-widget-wrap elementor-element-populated\">\n\t\t\t\t\t\t<div class=\"elementor-element elementor-element-3abc437 elementor-widget elementor-widget-spacer\" data-id=\"3abc437\" data-element_type=\"widget\" data-e-type=\"widget\" data-widget_type=\"spacer.default\">\n\t\t\t\t<div class=\"elementor-widget-container\">\n\t\t\t\t\t\t\t<div class=\"elementor-spacer\">\n\t\t\t<div class=\"elementor-spacer-inner\"><\/div>\n\t\t<\/div>\n\t\t\t\t\t\t<\/div>\n\t\t\t\t<\/div>\n\t\t\t\t\t<\/div>\n\t\t<\/div>\n\t\t\t\t<div class=\"elementor-column elementor-col-50 elementor-top-column elementor-element elementor-element-173e6ca\" data-id=\"173e6ca\" data-element_type=\"column\" data-e-type=\"column\">\n\t\t\t<div class=\"elementor-widget-wrap elementor-element-populated\">\n\t\t\t\t\t\t<div class=\"elementor-element elementor-element-215ed9b elementor-widget elementor-widget-title\" data-id=\"215ed9b\" data-element_type=\"widget\" data-e-type=\"widget\" data-widget_type=\"title.default\">\n\t\t\t\t<div class=\"elementor-widget-container\">\n\t\t\t\t\t\n\n\n        <div class=\"theme-title  ht-split-text\">\n\n            <h6>Notre entreprise<\/h6>\n\n          <h2 data-splitting=\"chars\">Sur la voie de l'expansion depuis 1978<\/h2>\n\n                  \n\n\n\n        <\/div>\n\n        \n\n        <script>\n\n        jQuery(document).ready(function() {\n\n if(jQuery(\".ht-split-text\").length) {\n\n Splitting();\n\n            var themeht_animation_text = function (container, item) {\n\n                jQuery(window).scroll(function () {\n\n                    var windowBottom = jQuery(this).scrollTop() + jQuery(this).innerHeight();\n\n                    jQuery(container).each(function (index, value) {\n\n                        var objectBottom = jQuery(this).offset().top + jQuery(this).outerHeight() * 0.1;\n\n                        \n\n                        if (objectBottom < windowBottom) { \n\n                            var seat = jQuery(this).find(item);\n\n                            for (var i = 0; i < seat.length; i++) {\n\n                                (function (index) {\n\n                                    setTimeout(function () {\n\n                                        seat.eq(index).addClass('ht-animated');\n\n                                    }, 200 * index);\n\n                                })(i);\n\n                            }\n\n                        }\n\n                    });\n\n                }).scroll();\n\n            };\n\n        \n\n            jQuery(function() {\n\n                themeht_animation_text(\".theme-title\", \".splitting\");\n\n            });\n\n        }\n\n });\n\n      <\/script>\n\n\n\n        \t\t\t\t<\/div>\n\t\t\t\t<\/div>\n\t\t\t\t<div class=\"elementor-element elementor-element-53a0789 elementor-widget elementor-widget-text-editor\" data-id=\"53a0789\" data-element_type=\"widget\" data-e-type=\"widget\" data-widget_type=\"text-editor.default\">\n\t\t\t\t<div class=\"elementor-widget-container\">\n\t\t\t\t\t\t\t\t\t<div class=\"col-sm-12\"><p>La soci\u00e9t\u00e9 Robert Geiger a \u00e9t\u00e9 fond\u00e9e en 1978 en tant que soci\u00e9t\u00e9 commerciale dans le secteur de la climatisation et de la ventilation. En 1988, nous avons commenc\u00e9 \u00e0 d\u00e9velopper et \u00e0 produire des composants de ventilation pour l'industrie de la ventilation et de la climatisation.<\/p><p>En commen\u00e7ant par la production de buses en toile, nous avons d\u00e9velopp\u00e9 au fil des ann\u00e9es une vaste gamme de volets \u00e0 persiennes et de grilles de protection contre les intemp\u00e9ries qui couvrent toutes les exigences des clients.<\/p><p>Nous proposons \u00e9galement des grilles de protection contre les intemp\u00e9ries, des volets \u00e0 persiennes, des stores \u00e0 surpression et d\u00e9sormais \u00e9galement des connexions flexibles sous forme de syst\u00e8mes d'auto-assemblage brevet\u00e9s, ce qui offre au client un haut degr\u00e9 de flexibilit\u00e9. Ces kits DIY sont le r\u00e9sultat de notre production, l'accent est donc mis sur la manipulation pratique, la compatibilit\u00e9 des composants individuels et, en fin de compte, sur le produit bien d\u00e9velopp\u00e9.<\/p><\/div>\t\t\t\t\t\t\t\t<\/div>\n\t\t\t\t<\/div>\n\t\t\t\t\t<\/div>\n\t\t<\/div>\n\t\t\t\t\t<\/div>\n\t\t<\/section>\n\t\t\t\t<section class=\"elementor-section elementor-top-section elementor-element elementor-element-f1ce70b elementor-section-boxed elementor-section-height-default elementor-section-height-default default\" data-id=\"f1ce70b\" data-element_type=\"section\" data-e-type=\"section\">\n\t\t\t\t\t\t<div class=\"elementor-container elementor-column-gap-no\">\n\t\t\t\t\t<div class=\"elementor-column elementor-col-50 elementor-top-column elementor-element elementor-element-2731a81\" data-id=\"2731a81\" data-element_type=\"column\" data-e-type=\"column\" data-settings=\"{&quot;background_background&quot;:&quot;classic&quot;}\">\n\t\t\t<div class=\"elementor-widget-wrap elementor-element-populated\">\n\t\t\t\t\t\t<div class=\"elementor-element elementor-element-28c139a elementor-widget elementor-widget-title\" data-id=\"28c139a\" data-element_type=\"widget\" data-e-type=\"widget\" data-widget_type=\"title.default\">\n\t\t\t\t<div class=\"elementor-widget-container\">\n\t\t\t\t\t\n\n\n        <div class=\"theme-title  ht-split-text\">\n\n            <h6>Connu dans le monde entier<\/h6>\n\n          <h2 data-splitting=\"chars\">Exporter vers plus de 40 pays<\/h2>\n\n                  \n\n\n\n        <\/div>\n\n        \n\n        <script>\n\n        jQuery(document).ready(function() {\n\n if(jQuery(\".ht-split-text\").length) {\n\n Splitting();\n\n            var themeht_animation_text = function (container, item) {\n\n                jQuery(window).scroll(function () {\n\n                    var windowBottom = jQuery(this).scrollTop() + jQuery(this).innerHeight();\n\n                    jQuery(container).each(function (index, value) {\n\n                        var objectBottom = jQuery(this).offset().top + jQuery(this).outerHeight() * 0.1;\n\n                        \n\n                        if (objectBottom < windowBottom) { \n\n                            var seat = jQuery(this).find(item);\n\n                            for (var i = 0; i < seat.length; i++) {\n\n                                (function (index) {\n\n                                    setTimeout(function () {\n\n                                        seat.eq(index).addClass('ht-animated');\n\n                                    }, 200 * index);\n\n                                })(i);\n\n                            }\n\n                        }\n\n                    });\n\n                }).scroll();\n\n            };\n\n        \n\n            jQuery(function() {\n\n                themeht_animation_text(\".theme-title\", \".splitting\");\n\n            });\n\n        }\n\n });\n\n      <\/script>\n\n\n\n        \t\t\t\t<\/div>\n\t\t\t\t<\/div>\n\t\t\t\t<div class=\"elementor-element elementor-element-278a6cc elementor-widget elementor-widget-text-editor\" data-id=\"278a6cc\" data-element_type=\"widget\" data-e-type=\"widget\" data-widget_type=\"text-editor.default\">\n\t\t\t\t<div class=\"elementor-widget-container\">\n\t\t\t\t\t\t\t\t\t<p>Ces derni\u00e8res ann\u00e9es, nous avons \u00e9largi nos exportations et sommes d\u00e9sormais actifs dans plus de 40 pays \u00e0 travers le monde avec nos kits DIY de registres \u00e0 persiennes et de grilles de protection contre les intemp\u00e9ries.<\/p><p>En fabriquant tous les profil\u00e9s en acier et les pi\u00e8ces en plastique sur des lignes de production modernes contr\u00f4l\u00e9es par ordinateur en interne, nous pouvons r\u00e9pondre rapidement et de mani\u00e8re flexible \u00e0 toutes les exigences et mettre en \u0153uvre de nouveaux d\u00e9veloppements et am\u00e9liorations de produits dans les plus brefs d\u00e9lais.<\/p><p>En tant qu'entreprise familiale, Robert Geiger Technische Bauteile GmbH b\u00e9n\u00e9ficie de l'avantage d'une grande flexibilit\u00e9 en termes de d\u00e9lais de livraison, ainsi que dans la r\u00e9alisation de demandes de produits sp\u00e9ciaux des clients.<br \/>Dies wiederum ist nur durch die hohe Identifikation der Mitarbeiter mit dem Unternehmen m\u00f6glich.<\/p>\t\t\t\t\t\t\t\t<\/div>\n\t\t\t\t<\/div>\n\t\t\t\t\t<\/div>\n\t\t<\/div>\n\t\t\t\t<div class=\"elementor-column elementor-col-50 elementor-top-column elementor-element elementor-element-3c2c88d\" data-id=\"3c2c88d\" data-element_type=\"column\" data-e-type=\"column\">\n\t\t\t<div class=\"elementor-widget-wrap elementor-element-populated\">\n\t\t\t\t\t\t<div class=\"elementor-element elementor-element-187aab9 elementor-widget elementor-widget-spacer\" data-id=\"187aab9\" data-element_type=\"widget\" data-e-type=\"widget\" data-widget_type=\"spacer.default\">\n\t\t\t\t<div class=\"elementor-widget-container\">\n\t\t\t\t\t\t\t<div class=\"elementor-spacer\">\n\t\t\t<div class=\"elementor-spacer-inner\"><\/div>\n\t\t<\/div>\n\t\t\t\t\t\t<\/div>\n\t\t\t\t<\/div>\n\t\t\t\t<div class=\"elementor-element elementor-element-66309b7 elementor-widget elementor-widget-video\" data-id=\"66309b7\" data-element_type=\"widget\" data-e-type=\"widget\" data-settings=\"{&quot;youtube_url&quot;:&quot;https:\\\/\\\/youtu.be\\\/1b6CtQS_0YE?si=I5tEfgunOabcklUR&quot;,&quot;video_type&quot;:&quot;youtube&quot;,&quot;controls&quot;:&quot;yes&quot;}\" data-widget_type=\"video.default\">\n\t\t\t\t<div class=\"elementor-widget-container\">\n\t\t\t\t\t<style>.elementor-element-66309b7{display:none !important}<\/style>\t\t\t\t<\/div>\n\t\t\t\t<\/div>\n\t\t\t\t<div class=\"elementor-element elementor-element-99ac4aa elementor-widget elementor-widget-video\" data-id=\"99ac4aa\" data-element_type=\"widget\" data-e-type=\"widget\" data-settings=\"{&quot;youtube_url&quot;:&quot;https:\\\/\\\/youtu.be\\\/NrxVE-528-0?si=U70flTxag5QP3prO&quot;,&quot;video_type&quot;:&quot;youtube&quot;,&quot;controls&quot;:&quot;yes&quot;}\" data-widget_type=\"video.default\">\n\t\t\t\t<div class=\"elementor-widget-container\">\n\t\t\t\t\t\t\t<div class=\"elementor-wrapper elementor-open-inline\">\n\t\t\t<div class=\"elementor-video\"><\/div>\t\t<\/div>\n\t\t\t\t\t\t<\/div>\n\t\t\t\t<\/div>\n\t\t\t\t<div class=\"elementor-element elementor-element-1269f22 elementor-widget elementor-widget-text-editor\" data-id=\"1269f22\" data-element_type=\"widget\" data-e-type=\"widget\" data-widget_type=\"text-editor.default\">\n\t\t\t\t<div class=\"elementor-widget-container\">\n\t\t\t\t\t\t\t\t\t<p>La qualit\u00e9 de premier ordre de nos produits, des conseils complets, une flexibilit\u00e9 et une fiabilit\u00e9 absolue envers nos clients ont toujours \u00e9t\u00e9 notre priorit\u00e9 absolue.<\/p><p>La poursuite de ce principe directeur de notre philosophie d'entreprise est v\u00e9rifi\u00e9e et confirm\u00e9e chaque ann\u00e9e par la certification de notre entreprise selon la norme DIN ISO 9001.<\/p>\t\t\t\t\t\t\t\t<\/div>\n\t\t\t\t<\/div>\n\t\t\t\t\t<\/div>\n\t\t<\/div>\n\t\t\t\t\t<\/div>\n\t\t<\/section>\n\t\t\t\t<section class=\"elementor-section elementor-top-section elementor-element elementor-element-46a5e71 elementor-section-boxed elementor-section-height-default elementor-section-height-default default\" data-id=\"46a5e71\" data-element_type=\"section\" data-e-type=\"section\">\n\t\t\t\t\t\t<div class=\"elementor-container elementor-column-gap-no\">\n\t\t\t\t\t<div class=\"elementor-column elementor-col-100 elementor-top-column elementor-element elementor-element-986a6b1\" data-id=\"986a6b1\" data-element_type=\"column\" data-e-type=\"column\">\n\t\t\t<div class=\"elementor-widget-wrap elementor-element-populated\">\n\t\t\t\t\t\t<div class=\"elementor-element elementor-element-d8512b9 elementor-widget elementor-widget-title\" data-id=\"d8512b9\" data-element_type=\"widget\" data-e-type=\"widget\" data-widget_type=\"title.default\">\n\t\t\t\t<div class=\"elementor-widget-container\">\n\t\t\t\t\t\n\n\n        <div class=\"theme-title  ht-split-text center\">\n\n            <h6>Nouvelles<\/h6>\n\n          <h2 data-splitting=\"chars\">Nouvelles de Robert Geiger<\/h2>\n\n                  \n\n\n\n        <\/div>\n\n        \n\n        <script>\n\n        jQuery(document).ready(function() {\n\n if(jQuery(\".ht-split-text\").length) {\n\n Splitting();\n\n            var themeht_animation_text = function (container, item) {\n\n                jQuery(window).scroll(function () {\n\n                    var windowBottom = jQuery(this).scrollTop() + jQuery(this).innerHeight();\n\n                    jQuery(container).each(function (index, value) {\n\n                        var objectBottom = jQuery(this).offset().top + jQuery(this).outerHeight() * 0.1;\n\n                        \n\n                        if (objectBottom < windowBottom) { \n\n                            var seat = jQuery(this).find(item);\n\n                            for (var i = 0; i < seat.length; i++) {\n\n                                (function (index) {\n\n                                    setTimeout(function () {\n\n                                        seat.eq(index).addClass('ht-animated');\n\n                                    }, 200 * index);\n\n                                })(i);\n\n                            }\n\n                        }\n\n                    });\n\n                }).scroll();\n\n            };\n\n        \n\n            jQuery(function() {\n\n                themeht_animation_text(\".theme-title\", \".splitting\");\n\n            });\n\n        }\n\n });\n\n      <\/script>\n\n\n\n        \t\t\t\t<\/div>\n\t\t\t\t<\/div>\n\t\t\t\t<div class=\"elementor-element elementor-element-c7f9dc7 elementor-widget elementor-widget-post-grid\" data-id=\"c7f9dc7\" data-element_type=\"widget\" data-e-type=\"widget\" data-widget_type=\"post-grid.default\">\n\t\t\t\t<div class=\"elementor-widget-container\">\n\t\t\t\t\t\n<div class=\"\">\n\n        <div class=\"row\">\n\n\n\n           \n                <div class=\"col-lg-4 col-md-6\">\n\n                 \n                <div class=\"post-card style-1\">\n\n                    <div class=\"post-image\"><img fetchpriority=\"high\" decoding=\"async\" width=\"700\" height=\"408\" src=\"https:\/\/robert-geiger.de\/wp-content\/uploads\/2026\/03\/wg-al-30_blog-700x408.png\" class=\"attachment-hairise-700x408 size-hairise-700x408 wp-post-image\" alt=\"\" srcset=\"https:\/\/robert-geiger.de\/wp-content\/uploads\/2026\/03\/wg-al-30_blog-700x408.png 700w, https:\/\/robert-geiger.de\/wp-content\/uploads\/2026\/03\/wg-al-30_blog-18x9.png 18w, https:\/\/robert-geiger.de\/wp-content\/uploads\/2026\/03\/wg-al-30_blog-240x140.png 240w\" sizes=\"(max-width: 700px) 100vw, 700px\" \/>                    <div class=\"button-style-2\">\n                            <svg xmlns=\"http:\/\/www.w3.org\/2000\/svg\" viewbox=\"0 0 100 100\">\n                                <path d=\"m100,0H0v100C0,44.77,44.77,0,100,0Z\"> <\/path>\n                            <\/svg>\n                            <a href=\"https:\/\/robert-geiger.de\/fr\/wetterschutzgitter-aus-aluminium-mit-kleinen-lamellen-wg-al-30-und-wg-al-30-elox-2\/\" class=\"button-style-2-link\"><i aria-hidden=\"true\" class=\"bootstrap-icon bi-arrow-right-short\"><\/i><\/a>\n                        <svg xmlns=\"http:\/\/www.w3.org\/2000\/svg\" viewbox=\"0 0 100 100\">\n                            <path d=\"m100,0H0v100C0,44.77,44.77,0,100,0Z\"> <\/path>\n                        <\/svg> \n                        <\/div>\n                 <\/div>\n\n                  <div class=\"post-desc\">\n                      <ul class=\"list-inline post-bottom\">\n\n                      <li class=\"list-inline-item\"><i class=\"bi bi-person\"><\/i><span class=\"byline\"> <span class=\"author vcard\"><a class=\"url fn n\" href=\"https:\/\/robert-geiger.de\/fr\/author\/robert-geiger\/\">Robert Geiger<\/a><\/span><\/span>\n                      <\/li>\n\n                      <li class=\"list-inline-item\"><i class=\"bi bi-bookmarks\"><\/i><span class=\"cat-links\"> <a href=\"https:\/\/robert-geiger.de\/fr\/category\/produkte\/\" rel=\"category tag\">Produits<\/a><\/span>\n                      <\/li>\n\n                    <\/ul>\n\n                    <div class=\"post-title\">\n\n                    <h4><a href=\"https:\/\/robert-geiger.de\/fr\/wetterschutzgitter-aus-aluminium-mit-kleinen-lamellen-wg-al-30-und-wg-al-30-elox-2\/\">Mini grille de protection contre les intemp\u00e9ries en aluminium naturel et anodis\u00e9 E6\/EV1 avec un espacement des lamelles de 30 mm<\/a>\n\n                      <\/h4>\n\n                      <\/div>\n\n\n\n                  <\/div>\n\n                <\/div>\n\n                \n\n              <\/div>\n\n              \n                <div class=\"col-lg-4 col-md-6\">\n\n                 \n                <div class=\"post-card style-1\">\n\n                    <div class=\"post-image\"><img decoding=\"async\" width=\"700\" height=\"408\" src=\"https:\/\/robert-geiger.de\/wp-content\/uploads\/2025\/09\/geiger-header-wg-al-30-700x408.png\" class=\"attachment-hairise-700x408 size-hairise-700x408 wp-post-image\" alt=\"WG-AL-30 \/ WG-AL-30 ELOX\" srcset=\"https:\/\/robert-geiger.de\/wp-content\/uploads\/2025\/09\/geiger-header-wg-al-30-700x408.png 700w, https:\/\/robert-geiger.de\/wp-content\/uploads\/2025\/09\/geiger-header-wg-al-30-18x9.png 18w, https:\/\/robert-geiger.de\/wp-content\/uploads\/2025\/09\/geiger-header-wg-al-30-240x140.png 240w\" sizes=\"(max-width: 700px) 100vw, 700px\" \/>                    <div class=\"button-style-2\">\n                            <svg xmlns=\"http:\/\/www.w3.org\/2000\/svg\" viewbox=\"0 0 100 100\">\n                                <path d=\"m100,0H0v100C0,44.77,44.77,0,100,0Z\"> <\/path>\n                            <\/svg>\n                            <a href=\"https:\/\/robert-geiger.de\/fr\/wetterschutzgitter-aus-aluminium-mit-kleinen-lamellen-wg-al-30-und-wg-al-30-elox\/\" class=\"button-style-2-link\"><i aria-hidden=\"true\" class=\"bootstrap-icon bi-arrow-right-short\"><\/i><\/a>\n                        <svg xmlns=\"http:\/\/www.w3.org\/2000\/svg\" viewbox=\"0 0 100 100\">\n                            <path d=\"m100,0H0v100C0,44.77,44.77,0,100,0Z\"> <\/path>\n                        <\/svg> \n                        <\/div>\n                 <\/div>\n\n                  <div class=\"post-desc\">\n                      <ul class=\"list-inline post-bottom\">\n\n                      <li class=\"list-inline-item\"><i class=\"bi bi-person\"><\/i><span class=\"byline\"> <span class=\"author vcard\"><a class=\"url fn n\" href=\"https:\/\/robert-geiger.de\/fr\/author\/robert-geiger\/\">Robert Geiger<\/a><\/span><\/span>\n                      <\/li>\n\n                      <li class=\"list-inline-item\"><i class=\"bi bi-bookmarks\"><\/i><span class=\"cat-links\"> <a href=\"https:\/\/robert-geiger.de\/fr\/category\/produkte\/\" rel=\"category tag\">Produits<\/a><\/span>\n                      <\/li>\n\n                    <\/ul>\n\n                    <div class=\"post-title\">\n\n                    <h4><a href=\"https:\/\/robert-geiger.de\/fr\/wetterschutzgitter-aus-aluminium-mit-kleinen-lamellen-wg-al-30-und-wg-al-30-elox\/\">Grilles de protection contre les intemp\u00e9ries en aluminium \u00e0 \u00ab petites \u00bb lamelles WG-AL-30 et WG-AL-30 ELOX<\/a>\n\n                      <\/h4>\n\n                      <\/div>\n\n\n\n                  <\/div>\n\n                <\/div>\n\n                \n\n              <\/div>\n\n              \n                <div class=\"col-lg-4 col-md-6\">\n\n                 \n                <div class=\"post-card style-1\">\n\n                    <div class=\"post-image\"><img decoding=\"async\" width=\"700\" height=\"408\" src=\"https:\/\/robert-geiger.de\/wp-content\/uploads\/2025\/09\/maschinen-ablaengen-2-700x408.jpg\" class=\"attachment-hairise-700x408 size-hairise-700x408 wp-post-image\" alt=\"Machines de d\u00e9coupe et de soudage\" srcset=\"https:\/\/robert-geiger.de\/wp-content\/uploads\/2025\/09\/maschinen-ablaengen-2-700x408.jpg 700w, https:\/\/robert-geiger.de\/wp-content\/uploads\/2025\/09\/maschinen-ablaengen-2-18x9.jpg 18w, https:\/\/robert-geiger.de\/wp-content\/uploads\/2025\/09\/maschinen-ablaengen-2-240x140.jpg 240w\" sizes=\"(max-width: 700px) 100vw, 700px\" \/>                    <div class=\"button-style-2\">\n                            <svg xmlns=\"http:\/\/www.w3.org\/2000\/svg\" viewbox=\"0 0 100 100\">\n                                <path d=\"m100,0H0v100C0,44.77,44.77,0,100,0Z\"> <\/path>\n                            <\/svg>\n                            <a href=\"https:\/\/robert-geiger.de\/fr\/maschinen-zum-ablaengen-und-verschweissen\/\" class=\"button-style-2-link\"><i aria-hidden=\"true\" class=\"bootstrap-icon bi-arrow-right-short\"><\/i><\/a>\n                        <svg xmlns=\"http:\/\/www.w3.org\/2000\/svg\" viewbox=\"0 0 100 100\">\n                            <path d=\"m100,0H0v100C0,44.77,44.77,0,100,0Z\"> <\/path>\n                        <\/svg> \n                        <\/div>\n                 <\/div>\n\n                  <div class=\"post-desc\">\n                      <ul class=\"list-inline post-bottom\">\n\n                      <li class=\"list-inline-item\"><i class=\"bi bi-person\"><\/i><span class=\"byline\"> <span class=\"author vcard\"><a class=\"url fn n\" href=\"https:\/\/robert-geiger.de\/fr\/author\/robert-geiger\/\">Robert Geiger<\/a><\/span><\/span>\n                      <\/li>\n\n                      <li class=\"list-inline-item\"><i class=\"bi bi-bookmarks\"><\/i><span class=\"cat-links\"> <a href=\"https:\/\/robert-geiger.de\/fr\/category\/produkte\/\" rel=\"category tag\">Produits<\/a>, <a href=\"https:\/\/robert-geiger.de\/fr\/category\/youtube\/\" rel=\"category tag\">YouTube<\/a><\/span>\n                      <\/li>\n\n                    <\/ul>\n\n                    <div class=\"post-title\">\n\n                    <h4><a href=\"https:\/\/robert-geiger.de\/fr\/maschinen-zum-ablaengen-und-verschweissen\/\">Machines de d\u00e9coupe et de soudage<\/a>\n\n                      <\/h4>\n\n                      <\/div>\n\n\n\n                  <\/div>\n\n                <\/div>\n\n                \n\n              <\/div>\n\n              \n         <\/div>\n     <\/div>\n\n        \t\t\t\t<\/div>\n\t\t\t\t<\/div>\n\t\t\t\t\t<\/div>\n\t\t<\/div>\n\t\t\t\t\t<\/div>\n\t\t<\/section>\n\t\t\t\t<\/div>","protected":false},"excerpt":{"rendered":"<p>Unser Unternehmen Seit 1978 auf Expansionskurs Die Firma Robert Geiger wurde 1978 als Handelsunternehmen in der Klima- und L\u00fcftungsbranche gegr\u00fcndet. 1988 begannen wir mit der Entwicklung und Produktion von l\u00fcftungstechnischen Komponenten f\u00fcr die L\u00fcftungs- und Klimaindustrie. Aus dem Anfang mit der Produktion von Segeltuchstutzen wurde im Laufe der Jahre eine umfangreiche Produktpalette von Jalousieklappen und [&hellip;]<\/p>\n","protected":false},"author":1,"featured_media":0,"parent":0,"menu_order":0,"comment_status":"closed","ping_status":"closed","template":"","meta":{"_acf_changed":false,"inline_featured_image":false,"footnotes":""},"class_list":["post-10372","page","type-page","status-publish","hentry"],"acf":[],"_links":{"self":[{"href":"https:\/\/robert-geiger.de\/fr\/wp-json\/wp\/v2\/pages\/10372","targetHints":{"allow":["GET"]}}],"collection":[{"href":"https:\/\/robert-geiger.de\/fr\/wp-json\/wp\/v2\/pages"}],"about":[{"href":"https:\/\/robert-geiger.de\/fr\/wp-json\/wp\/v2\/types\/page"}],"author":[{"embeddable":true,"href":"https:\/\/robert-geiger.de\/fr\/wp-json\/wp\/v2\/users\/1"}],"replies":[{"embeddable":true,"href":"https:\/\/robert-geiger.de\/fr\/wp-json\/wp\/v2\/comments?post=10372"}],"version-history":[{"count":10,"href":"https:\/\/robert-geiger.de\/fr\/wp-json\/wp\/v2\/pages\/10372\/revisions"}],"predecessor-version":[{"id":11763,"href":"https:\/\/robert-geiger.de\/fr\/wp-json\/wp\/v2\/pages\/10372\/revisions\/11763"}],"wp:attachment":[{"href":"https:\/\/robert-geiger.de\/fr\/wp-json\/wp\/v2\/media?parent=10372"}],"curies":[{"name":"wp","href":"https:\/\/api.w.org\/{rel}","templated":true}]}}