{"id":844,"date":"2023-10-31T09:39:08","date_gmt":"2023-10-31T09:39:08","guid":{"rendered":"https:\/\/hairise.themeht.com\/?page_id=844"},"modified":"2025-03-28T11:56:35","modified_gmt":"2025-03-28T10:56:35","slug":"kontakt","status":"publish","type":"page","link":"https:\/\/robert-geiger.de\/es\/kontakt\/","title":{"rendered":"Contacto"},"content":{"rendered":"<div data-elementor-type=\"wp-page\" data-elementor-id=\"844\" class=\"elementor elementor-844\">\n\t\t\t\t\t\t<section class=\"elementor-section elementor-top-section elementor-element elementor-element-e386ad8 elementor-section-boxed elementor-section-height-default elementor-section-height-default default\" data-id=\"e386ad8\" data-element_type=\"section\" data-e-type=\"section\">\n\t\t\t\t\t\t<div class=\"elementor-container elementor-column-gap-default\">\n\t\t\t\t\t<div class=\"elementor-column elementor-col-50 elementor-top-column elementor-element elementor-element-520276b\" data-id=\"520276b\" data-element_type=\"column\" data-e-type=\"column\">\n\t\t\t<div class=\"elementor-widget-wrap elementor-element-populated\">\n\t\t\t\t\t\t<div class=\"elementor-element elementor-element-c3674fa js-sticky-widget elementor-widget elementor-widget-shortcode\" data-id=\"c3674fa\" data-element_type=\"widget\" data-e-type=\"widget\" data-widget_type=\"shortcode.default\">\n\t\t\t\t<div class=\"elementor-widget-container\">\n\t\t\t\t\t\t\t<div class=\"elementor-shortcode\">\n<div class=\"wpcf7 no-js\" id=\"wpcf7-f11690-o1\" lang=\"de-DE\" dir=\"ltr\" data-wpcf7-id=\"11690\">\n<div class=\"screen-reader-response\"><p role=\"status\" aria-live=\"polite\" aria-atomic=\"true\"><\/p> <ul><\/ul><\/div>\n<form action=\"\/es\/wp-json\/wp\/v2\/pages\/844#wpcf7-f11690-o1\" method=\"post\" class=\"wpcf7-form init\" aria-label=\"Kontaktformular\" novalidate=\"novalidate\" data-status=\"init\" data-trp-original-action=\"\/es\/wp-json\/wp\/v2\/pages\/844#wpcf7-f11690-o1\">\n<fieldset class=\"hidden-fields-container\"><input type=\"hidden\" name=\"_wpcf7\" value=\"11690\" \/><input type=\"hidden\" name=\"_wpcf7_version\" value=\"6.1.5\" \/><input type=\"hidden\" name=\"_wpcf7_locale\" value=\"de_DE_formal\" \/><input type=\"hidden\" name=\"_wpcf7_unit_tag\" value=\"wpcf7-f11690-o1\" \/><input type=\"hidden\" name=\"_wpcf7_container_post\" value=\"0\" \/><input type=\"hidden\" name=\"_wpcf7_posted_data_hash\" value=\"\" \/>\n<\/fieldset>\n<div class=\"contact-top\">\n    <div class=\"contact-left\"><\/div>\n    <div class=\"contact-right\">\n      <svg xmlns=\"http:\/\/www.w3.org\/2000\/svg\" viewbox=\"0 0 100 100\">\n        <path d=\"m100,0H0v100C0,44.77,44.77,0,100,0Z\" fill=\"#F9F8F6\"> \n        <\/path>\n        <\/svg>\n      <div class=\"from-icon\"><i aria-hidden=\"true\" class=\"flaticon flaticon-edit\"><\/i><\/div><\/div>\n  <\/div>\n <div class=\"contact-form\">\n  <div class=\"row\"> \n  <h2>Su solicitud<\/h2>\n    <div class=\"col-md-12 mb-4\"> <span class=\"wpcf7-form-control-wrap\" data-name=\"your-firma\"><input size=\"40\" maxlength=\"400\" class=\"wpcf7-form-control wpcf7-text wpcf7-validates-as-required\" aria-required=\"true\" aria-invalid=\"false\" placeholder=\"Compa\u00f1\u00eda\" value=\"\" type=\"text\" name=\"your-firma\" \/><\/span><\/div>\n    <div class=\"col-md-12 mb-4\"> <span class=\"wpcf7-form-control-wrap\" data-name=\"your-strasse\"><input size=\"40\" maxlength=\"400\" class=\"wpcf7-form-control wpcf7-text wpcf7-validates-as-required\" aria-required=\"true\" aria-invalid=\"false\" placeholder=\"Calle\" value=\"\" type=\"text\" name=\"your-strasse\" \/><\/span><\/div>\n    <div class=\"col-md-6 mb-4\"> <span class=\"wpcf7-form-control-wrap\" data-name=\"your-plz\"><input size=\"40\" maxlength=\"400\" class=\"wpcf7-form-control wpcf7-text wpcf7-validates-as-required\" aria-required=\"true\" aria-invalid=\"false\" placeholder=\"C\u00f3digo Postal\" value=\"\" type=\"text\" name=\"your-plz\" \/><\/span><\/div>\n    <div class=\"col-md-6 mb-4\"> <span class=\"wpcf7-form-control-wrap\" data-name=\"your-ort\"><input size=\"40\" maxlength=\"400\" class=\"wpcf7-form-control wpcf7-text wpcf7-validates-as-required\" aria-required=\"true\" aria-invalid=\"false\" placeholder=\"Ubicaci\u00f3n\" value=\"\" type=\"text\" name=\"your-ort\" \/><\/span><\/div>\n    <div class=\"col-md-12 mb-4\"> <span class=\"wpcf7-form-control-wrap\" data-name=\"your-land\"><input size=\"40\" maxlength=\"400\" class=\"wpcf7-form-control wpcf7-text\" aria-invalid=\"false\" placeholder=\"Pa\u00eds\" value=\"\" type=\"text\" name=\"your-land\" \/><\/span><\/div>\n    <div class=\"col-md-6 mb-4\"> <span class=\"wpcf7-form-control-wrap\" data-name=\"your-name\"><input size=\"40\" maxlength=\"400\" class=\"wpcf7-form-control wpcf7-text wpcf7-validates-as-required\" aria-required=\"true\" aria-invalid=\"false\" placeholder=\"Nombre completo\" value=\"\" type=\"text\" name=\"your-name\" \/><\/span><\/div>\n    <div class=\"col-md-6 mb-4\"> <span class=\"wpcf7-form-control-wrap\" data-name=\"your-email\"><input size=\"40\" maxlength=\"400\" class=\"wpcf7-form-control wpcf7-email wpcf7-validates-as-required wpcf7-text wpcf7-validates-as-email\" aria-required=\"true\" aria-invalid=\"false\" placeholder=\"correo electr\u00f3nico\" value=\"\" type=\"email\" name=\"your-email\" \/><\/span><\/div>\n    <div class=\"col-md-6 mb-4\"> <span class=\"wpcf7-form-control-wrap\" data-name=\"tel-893\"><input size=\"40\" maxlength=\"400\" class=\"wpcf7-form-control wpcf7-tel wpcf7-text wpcf7-validates-as-tel\" aria-invalid=\"false\" placeholder=\"Tel\u00e9fono\" value=\"\" type=\"tel\" name=\"tel-893\" \/><\/span><\/div>\n    <div class=\"col-md-6 mb-4\"> <span class=\"wpcf7-form-control-wrap\" data-name=\"your-select\"><select class=\"wpcf7-form-control wpcf7-select wpcf7-validates-as-required\" aria-required=\"true\" aria-invalid=\"false\" name=\"your-select\"><option value=\"Betreff\">Acerca de<\/option><option value=\"Produktanfrage\">Consulta de producto<\/option><option value=\"Karriere\">Carrera<\/option><option value=\"Sonstiges\">Miscel\u00e1neas<\/option><\/select><\/span><\/div>\n    <div class=\"col-md-12 mb-4\"> <span class=\"wpcf7-form-control-wrap\" data-name=\"your-message\"><textarea cols=\"40\" rows=\"10\" maxlength=\"2000\" class=\"wpcf7-form-control wpcf7-textarea\" aria-invalid=\"false\" placeholder=\"Su noticia\" name=\"your-message\"><\/textarea><\/span><\/div>\n    <div class=\"col-md-12\"><p>Puede encontrar nuestra pol\u00edtica de privacidad <strong><a href=\"\/es\/datenschutz\/\">aqu\u00ed<\/a><\/strong> recuperar.<\/p><\/div>\n    <div class=\"col-md-12\"><input class=\"wpcf7-form-control wpcf7-submit has-spinner\" type=\"submit\" value=\"Enviar\" \/>\n    <\/div>\n  <\/div>\n<\/div><div class=\"wpcf7-response-output\" aria-hidden=\"true\"><\/div>\n<input type=\"hidden\" name=\"trp-form-language\" value=\"es\"\/><\/form>\n<\/div>\n<\/div>\n\t\t\t\t\t\t<\/div>\n\t\t\t\t<\/div>\n\t\t\t\t\t<\/div>\n\t\t<\/div>\n\t\t\t\t<div class=\"elementor-column elementor-col-50 elementor-top-column elementor-element elementor-element-bab3a9c contact-page\" data-id=\"bab3a9c\" data-element_type=\"column\" data-e-type=\"column\">\n\t\t\t<div class=\"elementor-widget-wrap elementor-element-populated\">\n\t\t\t\t\t\t<div class=\"elementor-element elementor-element-87af987 elementor-widget elementor-widget-title\" data-id=\"87af987\" data-element_type=\"widget\" data-e-type=\"widget\" data-widget_type=\"title.default\">\n\t\t\t\t<div class=\"elementor-widget-container\">\n\t\t\t\t\t\n\n\n        <div class=\"theme-title  ht-split-text left\">\n\n            <h6>Contacto<\/h6>\n\n          <h2 data-splitting=\"chars\">As\u00ed es como entramos en conversaci\u00f3n<\/h2>\n\n                  \n\n\n\n        <\/div>\n\n        \n\n        <script>\n\n        jQuery(document).ready(function() {\n\n if(jQuery(\".ht-split-text\").length) {\n\n Splitting();\n\n            var themeht_animation_text = function (container, item) {\n\n                jQuery(window).scroll(function () {\n\n                    var windowBottom = jQuery(this).scrollTop() + jQuery(this).innerHeight();\n\n                    jQuery(container).each(function (index, value) {\n\n                        var objectBottom = jQuery(this).offset().top + jQuery(this).outerHeight() * 0.1;\n\n                        \n\n                        if (objectBottom < windowBottom) { \n\n                            var seat = jQuery(this).find(item);\n\n                            for (var i = 0; i < seat.length; i++) {\n\n                                (function (index) {\n\n                                    setTimeout(function () {\n\n                                        seat.eq(index).addClass('ht-animated');\n\n                                    }, 200 * index);\n\n                                })(i);\n\n                            }\n\n                        }\n\n                    });\n\n                }).scroll();\n\n            };\n\n        \n\n            jQuery(function() {\n\n                themeht_animation_text(\".theme-title\", \".splitting\");\n\n            });\n\n        }\n\n });\n\n      <\/script>\n\n\n\n        \t\t\t\t<\/div>\n\t\t\t\t<\/div>\n\t\t\t\t<div class=\"elementor-element elementor-element-d07d488 elementor-widget elementor-widget-contact-list\" data-id=\"d07d488\" data-element_type=\"widget\" data-e-type=\"widget\" data-widget_type=\"contact-list.default\">\n\t\t\t\t<div class=\"elementor-widget-container\">\n\t\t\t\t\t\r\n        <!-- Start rendering the output -->\r\n        \r\n        <div class=\"\">\r\n                <ul class=\"list-unstyled contact-media mb-0\">\r\n                          <li><i aria-hidden=\"true\" class=\"flaticon flaticon-phone-call\"><\/i> \r\n              <div class=\"contact-media-text\"><span>Centralita telef\u00f3nica<\/span>\r\n\r\n               <a href=\"https:\/\/your-link.com\" target=\"_blank\" rel=\"noopener\">+49 (0)8223 96060-0<\/a>\r\n           <\/div>\r\n        <\/li>\r\n                            <li><i aria-hidden=\"true\" class=\"flaticon flaticon-email\"><\/i> \r\n              <div class=\"contact-media-text\"><span>correo electr\u00f3nico<\/span>\r\n\r\n               <a href=\"mailto:info@robert-geiger.de\">info@robert-geiger.de<\/a>\r\n           <\/div>\r\n        <\/li>\r\n                          <\/ul>\r\n            <\/div>\r\n\r\n\r\n        <!-- End rendering the output -->\r\n\r\n\r\n\r\n        \t\t\t\t<\/div>\n\t\t\t\t<\/div>\n\t\t\t\t<div class=\"elementor-element elementor-element-ef06fe0 elementor-widget elementor-widget-google_maps\" data-id=\"ef06fe0\" data-element_type=\"widget\" data-e-type=\"widget\" data-widget_type=\"google_maps.default\">\n\t\t\t\t<div class=\"elementor-widget-container\">\n\t\t\t\t\t\t\t<div class=\"elementor-custom-embed\">\n\t\t\t <div class=\"brlbs-cmpnt-container brlbs-cmpnt-content-blocker brlbs-cmpnt-with-individual-styles\" data-borlabs-cookie-content-blocker-id=\"default\" data-borlabs-cookie-content=\"PGlmcmFtZSBsb2FkaW5nPSJsYXp5IgoJCQkJCXNyYz0iaHR0cHM6Ly9tYXBzLmdvb2dsZS5jb20vbWFwcz9xPVdlaWxlciUyMFdlZyUyMDE2LTE4JTJDJTIwODkzMzUlMjBJY2hlbmhhdXNlbiYjMDM4O3Q9bSYjMDM4O3o9OSYjMDM4O291dHB1dD1lbWJlZCYjMDM4O2l3bG9jPW5lYXIiCgkJCQkJdGl0bGU9IldlaWxlciBXZWcgMTYtMTgsIDg5MzM1IEljaGVuaGF1c2VuIgoJCQkJCWFyaWEtbGFiZWw9IldlaWxlciBXZWcgMTYtMTgsIDg5MzM1IEljaGVuaGF1c2VuIgoJCQk+PC9pZnJhbWU+\"><div class=\"brlbs-cmpnt-cb-preset-a\"> <p class=\"brlbs-cmpnt-cb-description\">Est\u00e1s viendo un contenido de marcador de posici\u00f3n de <strong>Predeterminado<\/strong>. Para acceder al contenido real, haz clic en el siguiente bot\u00f3n. Ten en cuenta que al hacerlo compartir\u00e1s datos con terceros proveedores.<\/p> <div class=\"brlbs-cmpnt-cb-buttons\"> <a class=\"brlbs-cmpnt-cb-btn\" href=\"#\" data-borlabs-cookie-unblock role=\"button\">Desbloquear contenido<\/a> <a class=\"brlbs-cmpnt-cb-btn\" href=\"#\" data-borlabs-cookie-accept-service role=\"button\" style=\"display: none\">Aceptar el servicio requerido y desbloquear los contenidos<\/a> <\/div> <a class=\"brlbs-cmpnt-cb-provider-toggle\" href=\"#\" data-borlabs-cookie-show-provider-information role=\"button\">M\u00e1s informaci\u00f3n<\/a> <\/div><\/div>\n\t\t<\/div>\n\t\t\t\t\t\t<\/div>\n\t\t\t\t<\/div>\n\t\t\t\t\t<\/div>\n\t\t<\/div>\n\t\t\t\t\t<\/div>\n\t\t<\/section>\n\t\t\t\t<\/div>","protected":false},"excerpt":{"rendered":"<p>Kontakt So kommen wir ins Gespr\u00e4ch Telefon-Zentrale +49 (0)8223 96060-0 E-Mail info@robert-geiger.de Est\u00e1s viendo un contenido de marcador de posici\u00f3n de Predeterminado. Para acceder al contenido real, haz clic en el siguiente bot\u00f3n. Ten en cuenta que al hacerlo compartir\u00e1s datos con terceros proveedores. Desbloquear contenido Aceptar el servicio requerido y desbloquear los contenidos M\u00e1s [&hellip;]<\/p>\n","protected":false},"author":1,"featured_media":0,"parent":0,"menu_order":0,"comment_status":"closed","ping_status":"closed","template":"","meta":{"_acf_changed":false,"inline_featured_image":false,"footnotes":""},"class_list":["post-844","page","type-page","status-publish","hentry"],"acf":[],"_links":{"self":[{"href":"https:\/\/robert-geiger.de\/es\/wp-json\/wp\/v2\/pages\/844","targetHints":{"allow":["GET"]}}],"collection":[{"href":"https:\/\/robert-geiger.de\/es\/wp-json\/wp\/v2\/pages"}],"about":[{"href":"https:\/\/robert-geiger.de\/es\/wp-json\/wp\/v2\/types\/page"}],"author":[{"embeddable":true,"href":"https:\/\/robert-geiger.de\/es\/wp-json\/wp\/v2\/users\/1"}],"replies":[{"embeddable":true,"href":"https:\/\/robert-geiger.de\/es\/wp-json\/wp\/v2\/comments?post=844"}],"version-history":[{"count":10,"href":"https:\/\/robert-geiger.de\/es\/wp-json\/wp\/v2\/pages\/844\/revisions"}],"predecessor-version":[{"id":11698,"href":"https:\/\/robert-geiger.de\/es\/wp-json\/wp\/v2\/pages\/844\/revisions\/11698"}],"wp:attachment":[{"href":"https:\/\/robert-geiger.de\/es\/wp-json\/wp\/v2\/media?parent=844"}],"curies":[{"name":"wp","href":"https:\/\/api.w.org\/{rel}","templated":true}]}}