{"id":12091,"date":"2024-11-22T13:00:30","date_gmt":"2024-11-22T12:00:30","guid":{"rendered":"https:\/\/robert-geiger.de\/?page_id=12091"},"modified":"2026-03-03T17:58:10","modified_gmt":"2026-03-03T16:58:10","slug":"youtube-kanal","status":"publish","type":"page","link":"https:\/\/robert-geiger.de\/es\/youtube-kanal\/","title":{"rendered":"Canal de YouTube"},"content":{"rendered":"<div data-elementor-type=\"wp-page\" data-elementor-id=\"12091\" class=\"elementor elementor-12091\">\n\t\t\t\t\t\t<section class=\"elementor-section elementor-top-section elementor-element elementor-element-5b1fff1 elementor-section-boxed elementor-section-height-default elementor-section-height-default default\" data-id=\"5b1fff1\" data-element_type=\"section\" data-e-type=\"section\">\n\t\t\t\t\t\t<div class=\"elementor-container elementor-column-gap-no\">\n\t\t\t\t\t<div class=\"elementor-column elementor-col-50 elementor-top-column elementor-element elementor-element-66f6ecb\" data-id=\"66f6ecb\" data-element_type=\"column\" data-e-type=\"column\" data-settings=\"{&quot;background_background&quot;:&quot;classic&quot;}\">\n\t\t\t<div class=\"elementor-widget-wrap elementor-element-populated\">\n\t\t\t\t\t\t<div class=\"elementor-element elementor-element-7b2d3a6 elementor-widget elementor-widget-spacer\" data-id=\"7b2d3a6\" data-element_type=\"widget\" data-e-type=\"widget\" data-widget_type=\"spacer.default\">\n\t\t\t\t<div class=\"elementor-widget-container\">\n\t\t\t\t\t\t\t<div class=\"elementor-spacer\">\n\t\t\t<div class=\"elementor-spacer-inner\"><\/div>\n\t\t<\/div>\n\t\t\t\t\t\t<\/div>\n\t\t\t\t<\/div>\n\t\t\t\t\t<\/div>\n\t\t<\/div>\n\t\t\t\t<div class=\"elementor-column elementor-col-50 elementor-top-column elementor-element elementor-element-cf7c936\" data-id=\"cf7c936\" data-element_type=\"column\" data-e-type=\"column\">\n\t\t\t<div class=\"elementor-widget-wrap elementor-element-populated\">\n\t\t\t\t\t\t<div class=\"elementor-element elementor-element-7f651f4 elementor-widget elementor-widget-title\" data-id=\"7f651f4\" data-element_type=\"widget\" data-e-type=\"widget\" data-widget_type=\"title.default\">\n\t\t\t\t<div class=\"elementor-widget-container\">\n\t\t\t\t\t\n\n\n        <div class=\"theme-title  ht-split-text\">\n\n            <h6>Canal de YouTube<\/h6>\n\n          <h2 data-splitting=\"chars\"><a href=\"https:\/\/www.youtube.com\/@geigerrobert\/\" target=\"_blank\" rel=\"noopener\">youtube.com\/@geigerrobert<\/a><\/h2>\n\n                  \n\n\n\n        <\/div>\n\n        \n\n        <script>\n\n        jQuery(document).ready(function() {\n\n if(jQuery(\".ht-split-text\").length) {\n\n Splitting();\n\n            var themeht_animation_text = function (container, item) {\n\n                jQuery(window).scroll(function () {\n\n                    var windowBottom = jQuery(this).scrollTop() + jQuery(this).innerHeight();\n\n                    jQuery(container).each(function (index, value) {\n\n                        var objectBottom = jQuery(this).offset().top + jQuery(this).outerHeight() * 0.1;\n\n                        \n\n                        if (objectBottom < windowBottom) { \n\n                            var seat = jQuery(this).find(item);\n\n                            for (var i = 0; i < seat.length; i++) {\n\n                                (function (index) {\n\n                                    setTimeout(function () {\n\n                                        seat.eq(index).addClass('ht-animated');\n\n                                    }, 200 * index);\n\n                                })(i);\n\n                            }\n\n                        }\n\n                    });\n\n                }).scroll();\n\n            };\n\n        \n\n            jQuery(function() {\n\n                themeht_animation_text(\".theme-title\", \".splitting\");\n\n            });\n\n        }\n\n });\n\n      <\/script>\n\n\n\n        \t\t\t\t<\/div>\n\t\t\t\t<\/div>\n\t\t\t\t<div class=\"elementor-element elementor-element-f3c3f7d elementor-widget elementor-widget-text-editor\" data-id=\"f3c3f7d\" data-element_type=\"widget\" data-e-type=\"widget\" data-widget_type=\"text-editor.default\">\n\t\t\t\t<div class=\"elementor-widget-container\">\n\t\t\t\t\t\t\t\t\t<p class=\"translation-block\">Visita nuestro <strong><a href=\"https:\/\/www.youtube.com\/@geigerrobert\/featured\" target=\"_blank\" rel=\"noopener\">canal de YouTube<\/a><\/strong> para conocer mejor nuestra empresa. Tambi\u00e9n encontrar\u00e1s tutoriales \u00fatiles sobre nuestros productos.<\/p>\t\t\t\t\t\t\t\t<\/div>\n\t\t\t\t<\/div>\n\t\t\t\t<section class=\"elementor-section elementor-inner-section elementor-element elementor-element-dade285 elementor-section-boxed elementor-section-height-default elementor-section-height-default default\" data-id=\"dade285\" data-element_type=\"section\" data-e-type=\"section\">\n\t\t\t\t\t\t<div class=\"elementor-container elementor-column-gap-default\">\n\t\t\t\t\t<div class=\"elementor-column elementor-col-50 elementor-inner-column elementor-element elementor-element-f4de96b\" data-id=\"f4de96b\" data-element_type=\"column\" data-e-type=\"column\">\n\t\t\t<div class=\"elementor-widget-wrap elementor-element-populated\">\n\t\t\t\t\t\t<div class=\"elementor-element elementor-element-c0a1d56 elementor-widget elementor-widget-feature\" data-id=\"c0a1d56\" data-element_type=\"widget\" data-e-type=\"widget\" data-widget_type=\"feature.default\">\n\t\t\t\t<div class=\"elementor-widget-container\">\n\t\t\t\t\t\n\n\n        \n            \n\n            \n            \n\n                        \n            \n                <div class=\"featured-item style-4\">\n\n          <div class=\"featured-top\">\n\n              <div class=\"featured-icon\">\n\n          \n                    <i aria-hidden=\"true\" class=\"bi bi-youtube\"><\/i>\n                    \n\n\n        <\/div>\n\n        <div class=\"featured-title\"> \n            <h5>Listas de reproducci\u00f3n<\/h5> \n            <div class=\"featured-desc\">  \n                <p><span style=\"color: #2905a1;\"><strong><a style=\"color: #2905a1;\" href=\"https:\/\/www.youtube.com\/playlist?list=PL9BSH0a54bP39LkXOnXOr4eof8WAG0_yN\" target=\"_blank\" rel=\"noopener\">... V\u00eddeos en alem\u00e1n<\/a><\/strong><\/span><\/p> \n              <\/div>\n          <\/div>\n\n          <\/div>\n\n\n\n        <\/div>\n\n                \n\n\n        \t\t\t\t<\/div>\n\t\t\t\t<\/div>\n\t\t\t\t\t<\/div>\n\t\t<\/div>\n\t\t\t\t<div class=\"elementor-column elementor-col-50 elementor-inner-column elementor-element elementor-element-f5bc922\" data-id=\"f5bc922\" data-element_type=\"column\" data-e-type=\"column\">\n\t\t\t<div class=\"elementor-widget-wrap elementor-element-populated\">\n\t\t\t\t\t\t<div class=\"elementor-element elementor-element-0792e74 elementor-widget elementor-widget-feature\" data-id=\"0792e74\" data-element_type=\"widget\" data-e-type=\"widget\" data-widget_type=\"feature.default\">\n\t\t\t\t<div class=\"elementor-widget-container\">\n\t\t\t\t\t\n\n\n        \n            \n\n            \n            \n\n                        \n            \n                <div class=\"featured-item style-4\">\n\n          <div class=\"featured-top\">\n\n              <div class=\"featured-icon\">\n\n          \n                    <i aria-hidden=\"true\" class=\"bi bi-youtube\"><\/i>\n                    \n\n\n        <\/div>\n\n        <div class=\"featured-title\"> \n            <h5>Listas de reproducci\u00f3n<\/h5> \n            <div class=\"featured-desc\">  \n                <p><a href=\"https:\/\/www.youtube.com\/playlist?list=PL9BSH0a54bP3V83_RBfLqKq4JUdERg16w\" target=\"_blank\" rel=\"noopener\"><span style=\"color: #2905a1;\"><strong>... V\u00eddeos en ingl\u00e9s<\/strong><\/span><\/a><\/p> \n              <\/div>\n          <\/div>\n\n          <\/div>\n\n\n\n        <\/div>\n\n                \n\n\n        \t\t\t\t<\/div>\n\t\t\t\t<\/div>\n\t\t\t\t\t<\/div>\n\t\t<\/div>\n\t\t\t\t\t<\/div>\n\t\t<\/section>\n\t\t\t\t\t<\/div>\n\t\t<\/div>\n\t\t\t\t\t<\/div>\n\t\t<\/section>\n\t\t<div class=\"elementor-element elementor-element-a2d631e e-flex e-con-boxed e-con e-parent\" data-id=\"a2d631e\" data-element_type=\"container\" data-e-type=\"container\">\n\t\t\t\t\t<div class=\"e-con-inner\">\n\t\t\t\t<div class=\"elementor-element elementor-element-2b12220 elementor-widget elementor-widget-spacer\" data-id=\"2b12220\" data-element_type=\"widget\" data-e-type=\"widget\" data-widget_type=\"spacer.default\">\n\t\t\t\t<div class=\"elementor-widget-container\">\n\t\t\t\t\t\t\t<div class=\"elementor-spacer\">\n\t\t\t<div class=\"elementor-spacer-inner\"><\/div>\n\t\t<\/div>\n\t\t\t\t\t\t<\/div>\n\t\t\t\t<\/div>\n\t\t\t\t\t<\/div>\n\t\t\t\t<\/div>\n\t\t\t\t<\/div>","protected":false},"excerpt":{"rendered":"<p>YouTube-Kanal youtube.com\/@geigerrobert Besuchen Sie unseren YouTube-Kanal, um mehr \u00fcber unser Unternehmen zu erfahren. Dar\u00fcber hinaus finden Sie hilfreiche Anleitungen zu unseren Produkten. Playlists &#8230; Deutschsprachige Videos Playlists &#8230; Englischsprachige Videos<\/p>","protected":false},"author":1,"featured_media":0,"parent":0,"menu_order":0,"comment_status":"closed","ping_status":"closed","template":"","meta":{"_acf_changed":false,"inline_featured_image":false,"footnotes":""},"class_list":["post-12091","page","type-page","status-publish","hentry"],"acf":[],"_links":{"self":[{"href":"https:\/\/robert-geiger.de\/es\/wp-json\/wp\/v2\/pages\/12091","targetHints":{"allow":["GET"]}}],"collection":[{"href":"https:\/\/robert-geiger.de\/es\/wp-json\/wp\/v2\/pages"}],"about":[{"href":"https:\/\/robert-geiger.de\/es\/wp-json\/wp\/v2\/types\/page"}],"author":[{"embeddable":true,"href":"https:\/\/robert-geiger.de\/es\/wp-json\/wp\/v2\/users\/1"}],"replies":[{"embeddable":true,"href":"https:\/\/robert-geiger.de\/es\/wp-json\/wp\/v2\/comments?post=12091"}],"version-history":[{"count":10,"href":"https:\/\/robert-geiger.de\/es\/wp-json\/wp\/v2\/pages\/12091\/revisions"}],"predecessor-version":[{"id":12202,"href":"https:\/\/robert-geiger.de\/es\/wp-json\/wp\/v2\/pages\/12091\/revisions\/12202"}],"wp:attachment":[{"href":"https:\/\/robert-geiger.de\/es\/wp-json\/wp\/v2\/media?parent=12091"}],"curies":[{"name":"wp","href":"https:\/\/api.w.org\/{rel}","templated":true}]}}