{"id":10570,"date":"2024-09-18T16:03:01","date_gmt":"2024-09-18T14:03:01","guid":{"rendered":"https:\/\/robert-geiger.de\/?page_id=10570"},"modified":"2025-01-18T10:12:12","modified_gmt":"2025-01-18T09:12:12","slug":"virtueller-rundgang","status":"publish","type":"page","link":"https:\/\/robert-geiger.de\/es\/virtueller-rundgang\/","title":{"rendered":"Recorrido virtual"},"content":{"rendered":"<div data-elementor-type=\"wp-page\" data-elementor-id=\"10570\" class=\"elementor elementor-10570\">\n\t\t\t\t\t\t<section class=\"elementor-section elementor-top-section elementor-element elementor-element-b1dc3e1 elementor-section-boxed elementor-section-height-default elementor-section-height-default default\" data-id=\"b1dc3e1\" data-element_type=\"section\" data-e-type=\"section\">\n\t\t\t\t\t\t<div class=\"elementor-container elementor-column-gap-no\">\n\t\t\t\t\t<div class=\"elementor-column elementor-col-50 elementor-top-column elementor-element elementor-element-5017cf2\" data-id=\"5017cf2\" data-element_type=\"column\" data-e-type=\"column\" data-settings=\"{&quot;background_background&quot;:&quot;classic&quot;}\">\n\t\t\t<div class=\"elementor-widget-wrap elementor-element-populated\">\n\t\t\t\t\t\t<div class=\"elementor-element elementor-element-9915511 elementor-widget elementor-widget-spacer\" data-id=\"9915511\" data-element_type=\"widget\" data-e-type=\"widget\" data-widget_type=\"spacer.default\">\n\t\t\t\t<div class=\"elementor-widget-container\">\n\t\t\t\t\t\t\t<div class=\"elementor-spacer\">\n\t\t\t<div class=\"elementor-spacer-inner\"><\/div>\n\t\t<\/div>\n\t\t\t\t\t\t<\/div>\n\t\t\t\t<\/div>\n\t\t\t\t\t<\/div>\n\t\t<\/div>\n\t\t\t\t<div class=\"elementor-column elementor-col-50 elementor-top-column elementor-element elementor-element-f73be2a\" data-id=\"f73be2a\" data-element_type=\"column\" data-e-type=\"column\">\n\t\t\t<div class=\"elementor-widget-wrap elementor-element-populated\">\n\t\t\t\t\t\t<div class=\"elementor-element elementor-element-c9a5767 elementor-widget elementor-widget-title\" data-id=\"c9a5767\" data-element_type=\"widget\" data-e-type=\"widget\" data-widget_type=\"title.default\">\n\t\t\t\t<div class=\"elementor-widget-container\">\n\t\t\t\t\t\n\n\n        <div class=\"theme-title  ht-split-text\">\n\n            <h6>Robert Geiger 360\u00b0<\/h6>\n\n          <h2 data-splitting=\"chars\">Recorrido virtual<\/h2>\n\n                  \n\n\n\n        <\/div>\n\n        \n\n        <script>\n\n        jQuery(document).ready(function() {\n\n if(jQuery(\".ht-split-text\").length) {\n\n Splitting();\n\n            var themeht_animation_text = function (container, item) {\n\n                jQuery(window).scroll(function () {\n\n                    var windowBottom = jQuery(this).scrollTop() + jQuery(this).innerHeight();\n\n                    jQuery(container).each(function (index, value) {\n\n                        var objectBottom = jQuery(this).offset().top + jQuery(this).outerHeight() * 0.1;\n\n                        \n\n                        if (objectBottom < windowBottom) { \n\n                            var seat = jQuery(this).find(item);\n\n                            for (var i = 0; i < seat.length; i++) {\n\n                                (function (index) {\n\n                                    setTimeout(function () {\n\n                                        seat.eq(index).addClass('ht-animated');\n\n                                    }, 200 * index);\n\n                                })(i);\n\n                            }\n\n                        }\n\n                    });\n\n                }).scroll();\n\n            };\n\n        \n\n            jQuery(function() {\n\n                themeht_animation_text(\".theme-title\", \".splitting\");\n\n            });\n\n        }\n\n });\n\n      <\/script>\n\n\n\n        \t\t\t\t<\/div>\n\t\t\t\t<\/div>\n\t\t\t\t<div class=\"elementor-element elementor-element-eb29c4c elementor-widget elementor-widget-text-editor\" data-id=\"eb29c4c\" data-element_type=\"widget\" data-e-type=\"widget\" data-widget_type=\"text-editor.default\">\n\t\t\t\t<div class=\"elementor-widget-container\">\n\t\t\t\t\t\t\t\t\t<h4>Te invitamos a un recorrido virtual por nuestra empresa.<\/h4><p>Todos los componentes de nuestras compuertas de lamas, rejillas de protecci\u00f3n contra la intemperie y conectores flexibles, tambi\u00e9n disponibles como kits para armar uno mismo, se fabrican aqu\u00ed. Adem\u00e1s de visitar nuestras instalaciones de producci\u00f3n, tambi\u00e9n puede explorar nuestra administraci\u00f3n y una sala de exposici\u00f3n digital.<\/p>\t\t\t\t\t\t\t\t<\/div>\n\t\t\t\t<\/div>\n\t\t\t\t<section class=\"elementor-section elementor-inner-section elementor-element elementor-element-e0f017e elementor-section-boxed elementor-section-height-default elementor-section-height-default default\" data-id=\"e0f017e\" data-element_type=\"section\" data-e-type=\"section\">\n\t\t\t\t\t\t<div class=\"elementor-container elementor-column-gap-default\">\n\t\t\t\t\t<div class=\"elementor-column elementor-col-100 elementor-inner-column elementor-element elementor-element-4e1dbe4\" data-id=\"4e1dbe4\" data-element_type=\"column\" data-e-type=\"column\">\n\t\t\t<div class=\"elementor-widget-wrap elementor-element-populated\">\n\t\t\t\t\t\t<div class=\"elementor-element elementor-element-5340d4c elementor-widget elementor-widget-feature\" data-id=\"5340d4c\" data-element_type=\"widget\" data-e-type=\"widget\" data-widget_type=\"feature.default\">\n\t\t\t\t<div class=\"elementor-widget-container\">\n\t\t\t\t\t\n\n\n        \n            \n\n            \n            \n\n                        \n            \n                <div class=\"featured-item style-4\">\n\n          <div class=\"featured-top\">\n\n              <div class=\"featured-icon\">\n\n          \n                    <i aria-hidden=\"true\" class=\"bi bi-badge-vr-fill\"><\/i>\n                    \n\n\n        <\/div>\n\n        <div class=\"featured-title\"> \n            <h5>360.robert-geiger.de<\/h5> \n            <div class=\"featured-desc\">  \n                <p><span style=\"color: #2905a1;\"><strong><a style=\"color: #2905a1;\" href=\"https:\/\/360.robert-geiger.de\/\" target=\"_blank\" rel=\"noopener\">Tambi\u00e9n se puede ver con un casco de realidad virtual.<\/a><\/strong><\/span><\/p> \n              <\/div>\n          <\/div>\n\n          <\/div>\n\n\n\n        <\/div>\n\n                \n\n\n        \t\t\t\t<\/div>\n\t\t\t\t<\/div>\n\t\t\t\t\t<\/div>\n\t\t<\/div>\n\t\t\t\t\t<\/div>\n\t\t<\/section>\n\t\t\t\t\t<\/div>\n\t\t<\/div>\n\t\t\t\t\t<\/div>\n\t\t<\/section>\n\t\t\t\t<\/div>","protected":false},"excerpt":{"rendered":"<p>Robert Geiger 360\u00b0 Virtueller Rundgang Wir laden Sie ein zu einem virtuellen Rundgang in unserem Unternehmen Hier entstehen alle Bauteile f\u00fcr unsere Jalousieklappen, Wetterschutzgitter und Flexiblen Verbindungen, die auch als Selbstbausatz erh\u00e4ltlich sind. Neben dem Einblick in unsere Produktion k\u00f6nnen Sie auch unsere Verwaltung und einen digitalen Showroom erkunden. 360.robert-geiger.de Zur Ansicht auch mit einem [&hellip;]<\/p>\n","protected":false},"author":1,"featured_media":0,"parent":0,"menu_order":0,"comment_status":"closed","ping_status":"closed","template":"","meta":{"_acf_changed":false,"inline_featured_image":false,"footnotes":""},"class_list":["post-10570","page","type-page","status-publish","hentry"],"acf":[],"_links":{"self":[{"href":"https:\/\/robert-geiger.de\/es\/wp-json\/wp\/v2\/pages\/10570","targetHints":{"allow":["GET"]}}],"collection":[{"href":"https:\/\/robert-geiger.de\/es\/wp-json\/wp\/v2\/pages"}],"about":[{"href":"https:\/\/robert-geiger.de\/es\/wp-json\/wp\/v2\/types\/page"}],"author":[{"embeddable":true,"href":"https:\/\/robert-geiger.de\/es\/wp-json\/wp\/v2\/users\/1"}],"replies":[{"embeddable":true,"href":"https:\/\/robert-geiger.de\/es\/wp-json\/wp\/v2\/comments?post=10570"}],"version-history":[{"count":10,"href":"https:\/\/robert-geiger.de\/es\/wp-json\/wp\/v2\/pages\/10570\/revisions"}],"predecessor-version":[{"id":11358,"href":"https:\/\/robert-geiger.de\/es\/wp-json\/wp\/v2\/pages\/10570\/revisions\/11358"}],"wp:attachment":[{"href":"https:\/\/robert-geiger.de\/es\/wp-json\/wp\/v2\/media?parent=10570"}],"curies":[{"name":"wp","href":"https:\/\/api.w.org\/{rel}","templated":true}]}}