{"id":10507,"date":"2024-09-18T14:04:30","date_gmt":"2024-09-18T12:04:30","guid":{"rendered":"https:\/\/robert-geiger.de\/?page_id=10507"},"modified":"2025-09-01T19:23:03","modified_gmt":"2025-09-01T17:23:03","slug":"impressum","status":"publish","type":"page","link":"https:\/\/robert-geiger.de\/es\/impressum\/","title":{"rendered":"Imprimir"},"content":{"rendered":"<div data-elementor-type=\"wp-page\" data-elementor-id=\"10507\" class=\"elementor elementor-10507\">\n\t\t\t\t<div class=\"elementor-element elementor-element-e1df017 e-con-full e-flex e-con e-parent\" data-id=\"e1df017\" data-element_type=\"container\" data-e-type=\"container\">\n\t\t<div class=\"elementor-element elementor-element-6b660b3 e-grid e-con-full e-con e-child\" data-id=\"6b660b3\" data-element_type=\"container\" data-e-type=\"container\">\n\t\t\t\t<div class=\"elementor-element elementor-element-f126ac1 elementor-widget elementor-widget-text-editor\" data-id=\"f126ac1\" data-element_type=\"widget\" data-e-type=\"widget\" data-widget_type=\"text-editor.default\">\n\t\t\t\t<div class=\"elementor-widget-container\">\n\t\t\t\t\t\t\t\t\t<h5>DIRECCI\u00d3N<\/h5><p>Robert Geiger Technische Bauteile GmbH<br \/>Weiler Weg 16-18<br \/>89335 Ichenhausen<br \/>Alemania<\/p>\t\t\t\t\t\t\t\t<\/div>\n\t\t\t\t<\/div>\n\t\t\t\t<div class=\"elementor-element elementor-element-55bc326 elementor-widget elementor-widget-text-editor\" data-id=\"55bc326\" data-element_type=\"widget\" data-e-type=\"widget\" data-widget_type=\"text-editor.default\">\n\t\t\t\t<div class=\"elementor-widget-container\">\n\t\t\t\t\t\t\t\t\t<h5>Tel\u00e9fono \/\/ Fax \/\/ Correo electr\u00f3nico<\/h5><p>Tel. +49 (0)8223 96060-0<br \/>Fax +49 (0)8223 96060-60<br \/>info@robert-geiger.de<\/p>\t\t\t\t\t\t\t\t<\/div>\n\t\t\t\t<\/div>\n\t\t\t\t<div class=\"elementor-element elementor-element-b7c2f29 elementor-widget elementor-widget-text-editor\" data-id=\"b7c2f29\" data-element_type=\"widget\" data-e-type=\"widget\" data-widget_type=\"text-editor.default\">\n\t\t\t\t<div class=\"elementor-widget-container\">\n\t\t\t\t\t\t\t\t\t<h5>Director general<\/h5><p>Brigitte Lange, Norbert Lange<\/p>\t\t\t\t\t\t\t\t<\/div>\n\t\t\t\t<\/div>\n\t\t\t\t<div class=\"elementor-element elementor-element-738a448 elementor-widget elementor-widget-text-editor\" data-id=\"738a448\" data-element_type=\"widget\" data-e-type=\"widget\" data-widget_type=\"text-editor.default\">\n\t\t\t\t<div class=\"elementor-widget-container\">\n\t\t\t\t\t\t\t\t\t<h5>Registro Mercantil \/\/ NIF-IVA<\/h5><p>HRB 2012 Memmingen<br \/>NIF-IVA DE 130852920<\/p>\t\t\t\t\t\t\t\t<\/div>\n\t\t\t\t<\/div>\n\t\t\t\t<div class=\"elementor-element elementor-element-33ea37d elementor-widget elementor-widget-text-editor\" data-id=\"33ea37d\" data-element_type=\"widget\" data-e-type=\"widget\" data-widget_type=\"text-editor.default\">\n\t\t\t\t<div class=\"elementor-widget-container\">\n\t\t\t\t\t\t\t\t\t<h5>Responsable del contenido<\/h5><p>Brigitte Lange, Norbert Lange<\/p>\t\t\t\t\t\t\t\t<\/div>\n\t\t\t\t<\/div>\n\t\t\t\t<\/div>\n\t\t<div class=\"elementor-element elementor-element-a812e98 e-con-full e-flex e-con e-child\" data-id=\"a812e98\" data-element_type=\"container\" data-e-type=\"container\">\n\t\t\t\t<div class=\"elementor-element elementor-element-2ba7827 elementor-widget elementor-widget-text-editor\" data-id=\"2ba7827\" data-element_type=\"widget\" data-e-type=\"widget\" data-widget_type=\"text-editor.default\">\n\t\t\t\t<div class=\"elementor-widget-container\">\n\t\t\t\t\t\t\t\t\t<h5>Resoluci\u00f3n de disputas<\/h5><div class=\"col-sm-12\"><p>No estamos dispuestos ni obligados a participar en procedimientos de resoluci\u00f3n de disputas de consumidores.<\/p><\/div>\t\t\t\t\t\t\t\t<\/div>\n\t\t\t\t<\/div>\n\t\t\t\t<\/div>\n\t\t<div class=\"elementor-element elementor-element-122e7d9 e-con-full e-flex e-con e-child\" data-id=\"122e7d9\" data-element_type=\"container\" data-e-type=\"container\">\n\t\t\t\t<div class=\"elementor-element elementor-element-2806dc2 elementor-widget elementor-widget-text-editor\" data-id=\"2806dc2\" data-element_type=\"widget\" data-e-type=\"widget\" data-widget_type=\"text-editor.default\">\n\t\t\t\t<div class=\"elementor-widget-container\">\n\t\t\t\t\t\t\t\t\t<h5>Descargo de responsabilidad<\/h5><div class=\"col-sm-12\"><p>No asumimos ninguna responsabilidad por la informaci\u00f3n de este sitio web. Nuestro objetivo es proporcionar informaci\u00f3n actualizada y precisa. Sin embargo, no podemos garantizar que la informaci\u00f3n disponible en este sitio web sea realmente actual, exhaustiva, completa o precisa. La informaci\u00f3n proporcionada es de car\u00e1cter general y no se adapta a las necesidades espec\u00edficas de ninguna persona o empresa. En particular, no pretende ofrecer asesoramiento. Si este sitio web enlaza con otros sitios web, no tenemos control sobre su contenido y no asumimos ninguna responsabilidad por \u00e9l.<\/p><\/div>\t\t\t\t\t\t\t\t<\/div>\n\t\t\t\t<\/div>\n\t\t\t\t<\/div>\n\t\t<div class=\"elementor-element elementor-element-5499113 e-con-full e-flex e-con e-child\" data-id=\"5499113\" data-element_type=\"container\" data-e-type=\"container\">\n\t\t\t\t<div class=\"elementor-element elementor-element-e66b683 elementor-widget elementor-widget-text-editor\" data-id=\"e66b683\" data-element_type=\"widget\" data-e-type=\"widget\" data-widget_type=\"text-editor.default\">\n\t\t\t\t<div class=\"elementor-widget-container\">\n\t\t\t\t\t\t\t\t\t<h5>Cr\u00e9ditos de las fotograf\u00edas<\/h5><div class=\"col-sm-12\"><p>Tenga en cuenta que las siguientes im\u00e1genes no son de nuestra propiedad y han sido autorizadas para su uso en este sitio web por proveedores de im\u00e1genes de archivo. Queda prohibida su reutilizaci\u00f3n en otros sitios web.<\/p><p><a href=\"https:\/\/de.fotolia.com\/id\/110779080\" target=\"_blank\" rel=\"noopener\">110779080 <\/a> &#8211; Man wearing virtual reality goggles. \u00a9 Halfpoint &#8211; Fotolia.com<br \/><a href=\"https:\/\/stock.adobe.com\/de\/images\/streaming-online-watching-video-on-internet-hologram-concept\/488123239\" target=\"_blank\" rel=\"noopener\">488123239 <\/a> &#8211; streaming online \u00a9 Danykur &#8211; Adobe Stock<br \/><a href=\"https:\/\/stock.adobe.com\/de\/images\/abstract-map-shows-western-europe-blue-lines-represent-countries-interconnected-tech-concept-global-network-international-communication-highlighted-modern-design-data-transfer-global\/1162648744\" target=\"_blank\" rel=\"noopener\">162648744<\/a> &#8211; Abstract maps shows europe. \u00a9 miss irine &#8211; Adobe Stock<\/p><\/div>\t\t\t\t\t\t\t\t<\/div>\n\t\t\t\t<\/div>\n\t\t\t\t<div class=\"elementor-element elementor-element-f76279d elementor-widget elementor-widget-spacer\" data-id=\"f76279d\" data-element_type=\"widget\" data-e-type=\"widget\" data-widget_type=\"spacer.default\">\n\t\t\t\t<div class=\"elementor-widget-container\">\n\t\t\t\t\t\t\t<div class=\"elementor-spacer\">\n\t\t\t<div class=\"elementor-spacer-inner\"><\/div>\n\t\t<\/div>\n\t\t\t\t\t\t<\/div>\n\t\t\t\t<\/div>\n\t\t\t\t<\/div>\n\t\t\t\t<\/div>\n\t\t\t\t<\/div>","protected":false},"excerpt":{"rendered":"<p>Anschrift Robert Geiger Technische Bauteile GmbHWeiler Weg 16-1889335 IchenhausenDeutschland Telefon \/\/ Telefax \/\/ E-Mail Tel. +49 (0)8223 96060-0Fax +49 (0)8223 96060-60info@robert-geiger.de Gesch\u00e4ftsf\u00fchrer Brigitte Lange, Norbert Lange Handelsregister \/\/ USt.-ID HRB 2012 MemmingenUSt.-ID DE 130852920 Verantwortlich f\u00fcr den Inhalt Brigitte Lange, Norbert Lange Streitschlichtung Wir sind nicht bereit und nicht verpflichtet, an einem Verbraucherstreitbeilegungsverfahren teilzunehmen. Haftungshinweise [&hellip;]<\/p>\n","protected":false},"author":1,"featured_media":0,"parent":0,"menu_order":0,"comment_status":"closed","ping_status":"closed","template":"","meta":{"_acf_changed":false,"inline_featured_image":false,"footnotes":""},"class_list":["post-10507","page","type-page","status-publish","hentry"],"acf":[],"_links":{"self":[{"href":"https:\/\/robert-geiger.de\/es\/wp-json\/wp\/v2\/pages\/10507","targetHints":{"allow":["GET"]}}],"collection":[{"href":"https:\/\/robert-geiger.de\/es\/wp-json\/wp\/v2\/pages"}],"about":[{"href":"https:\/\/robert-geiger.de\/es\/wp-json\/wp\/v2\/types\/page"}],"author":[{"embeddable":true,"href":"https:\/\/robert-geiger.de\/es\/wp-json\/wp\/v2\/users\/1"}],"replies":[{"embeddable":true,"href":"https:\/\/robert-geiger.de\/es\/wp-json\/wp\/v2\/comments?post=10507"}],"version-history":[{"count":10,"href":"https:\/\/robert-geiger.de\/es\/wp-json\/wp\/v2\/pages\/10507\/revisions"}],"predecessor-version":[{"id":11910,"href":"https:\/\/robert-geiger.de\/es\/wp-json\/wp\/v2\/pages\/10507\/revisions\/11910"}],"wp:attachment":[{"href":"https:\/\/robert-geiger.de\/es\/wp-json\/wp\/v2\/media?parent=10507"}],"curies":[{"name":"wp","href":"https:\/\/api.w.org\/{rel}","templated":true}]}}