{"id":10372,"date":"2024-09-15T11:38:15","date_gmt":"2024-09-15T09:38:15","guid":{"rendered":"https:\/\/robert-geiger.de\/?page_id=10372"},"modified":"2025-05-18T07:29:17","modified_gmt":"2025-05-18T05:29:17","slug":"ueber-uns","status":"publish","type":"page","link":"https:\/\/robert-geiger.de\/es\/ueber-uns\/","title":{"rendered":"Sobre nosotros"},"content":{"rendered":"<div data-elementor-type=\"wp-page\" data-elementor-id=\"10372\" class=\"elementor elementor-10372\">\n\t\t\t\t\t\t<section class=\"elementor-section elementor-top-section elementor-element elementor-element-df62a9a elementor-section-boxed elementor-section-height-default elementor-section-height-default default\" data-id=\"df62a9a\" data-element_type=\"section\" data-e-type=\"section\">\n\t\t\t\t\t\t<div class=\"elementor-container elementor-column-gap-no\">\n\t\t\t\t\t<div class=\"elementor-column elementor-col-50 elementor-top-column elementor-element elementor-element-b1f82d1\" data-id=\"b1f82d1\" data-element_type=\"column\" data-e-type=\"column\" data-settings=\"{&quot;background_background&quot;:&quot;classic&quot;}\">\n\t\t\t<div class=\"elementor-widget-wrap elementor-element-populated\">\n\t\t\t\t\t\t<div class=\"elementor-element elementor-element-3abc437 elementor-widget elementor-widget-spacer\" data-id=\"3abc437\" data-element_type=\"widget\" data-e-type=\"widget\" data-widget_type=\"spacer.default\">\n\t\t\t\t<div class=\"elementor-widget-container\">\n\t\t\t\t\t\t\t<div class=\"elementor-spacer\">\n\t\t\t<div class=\"elementor-spacer-inner\"><\/div>\n\t\t<\/div>\n\t\t\t\t\t\t<\/div>\n\t\t\t\t<\/div>\n\t\t\t\t\t<\/div>\n\t\t<\/div>\n\t\t\t\t<div class=\"elementor-column elementor-col-50 elementor-top-column elementor-element elementor-element-173e6ca\" data-id=\"173e6ca\" data-element_type=\"column\" data-e-type=\"column\">\n\t\t\t<div class=\"elementor-widget-wrap elementor-element-populated\">\n\t\t\t\t\t\t<div class=\"elementor-element elementor-element-215ed9b elementor-widget elementor-widget-title\" data-id=\"215ed9b\" data-element_type=\"widget\" data-e-type=\"widget\" data-widget_type=\"title.default\">\n\t\t\t\t<div class=\"elementor-widget-container\">\n\t\t\t\t\t\n\n\n        <div class=\"theme-title  ht-split-text\">\n\n            <h6>Nuestra empresa<\/h6>\n\n          <h2 data-splitting=\"chars\">En curso de expansi\u00f3n desde 1978<\/h2>\n\n                  \n\n\n\n        <\/div>\n\n        \n\n        <script>\n\n        jQuery(document).ready(function() {\n\n if(jQuery(\".ht-split-text\").length) {\n\n Splitting();\n\n            var themeht_animation_text = function (container, item) {\n\n                jQuery(window).scroll(function () {\n\n                    var windowBottom = jQuery(this).scrollTop() + jQuery(this).innerHeight();\n\n                    jQuery(container).each(function (index, value) {\n\n                        var objectBottom = jQuery(this).offset().top + jQuery(this).outerHeight() * 0.1;\n\n                        \n\n                        if (objectBottom < windowBottom) { \n\n                            var seat = jQuery(this).find(item);\n\n                            for (var i = 0; i < seat.length; i++) {\n\n                                (function (index) {\n\n                                    setTimeout(function () {\n\n                                        seat.eq(index).addClass('ht-animated');\n\n                                    }, 200 * index);\n\n                                })(i);\n\n                            }\n\n                        }\n\n                    });\n\n                }).scroll();\n\n            };\n\n        \n\n            jQuery(function() {\n\n                themeht_animation_text(\".theme-title\", \".splitting\");\n\n            });\n\n        }\n\n });\n\n      <\/script>\n\n\n\n        \t\t\t\t<\/div>\n\t\t\t\t<\/div>\n\t\t\t\t<div class=\"elementor-element elementor-element-53a0789 elementor-widget elementor-widget-text-editor\" data-id=\"53a0789\" data-element_type=\"widget\" data-e-type=\"widget\" data-widget_type=\"text-editor.default\">\n\t\t\t\t<div class=\"elementor-widget-container\">\n\t\t\t\t\t\t\t\t\t<div class=\"col-sm-12\"><p>La empresa Robert Geiger fue fundada en 1978 como empresa comercial en el sector del aire acondicionado y la ventilaci\u00f3n. En 1988 comenzamos a desarrollar y producir componentes de ventilaci\u00f3n para la industria de ventilaci\u00f3n y aire acondicionado.<\/p><p>Comenzando con la producci\u00f3n de boquillas de lona, \u200b\u200ba lo largo de los a\u00f1os hemos desarrollado una amplia gama de productos de compuertas de lamas y rejillas de protecci\u00f3n contra la intemperie que cubren todas las necesidades de los clientes.<\/p><p>Tambi\u00e9n ofrecemos rejas de protecci\u00f3n contra la intemperie, persianas de lamas, persianas de sobrepresi\u00f3n y ahora tambi\u00e9n conexiones flexibles como sistemas de automontaje patentados, lo que a su vez le proporciona al cliente un alto grado de flexibilidad. Estos kits de bricolaje son el resultado de nuestra producci\u00f3n, por lo que la atenci\u00f3n se centra en el manejo pr\u00e1ctico, la compatibilidad de los componentes individuales y, en \u00faltima instancia, en el producto bien desarrollado.<\/p><\/div>\t\t\t\t\t\t\t\t<\/div>\n\t\t\t\t<\/div>\n\t\t\t\t\t<\/div>\n\t\t<\/div>\n\t\t\t\t\t<\/div>\n\t\t<\/section>\n\t\t\t\t<section class=\"elementor-section elementor-top-section elementor-element elementor-element-f1ce70b elementor-section-boxed elementor-section-height-default elementor-section-height-default default\" data-id=\"f1ce70b\" data-element_type=\"section\" data-e-type=\"section\">\n\t\t\t\t\t\t<div class=\"elementor-container elementor-column-gap-no\">\n\t\t\t\t\t<div class=\"elementor-column elementor-col-50 elementor-top-column elementor-element elementor-element-2731a81\" data-id=\"2731a81\" data-element_type=\"column\" data-e-type=\"column\" data-settings=\"{&quot;background_background&quot;:&quot;classic&quot;}\">\n\t\t\t<div class=\"elementor-widget-wrap elementor-element-populated\">\n\t\t\t\t\t\t<div class=\"elementor-element elementor-element-28c139a elementor-widget elementor-widget-title\" data-id=\"28c139a\" data-element_type=\"widget\" data-e-type=\"widget\" data-widget_type=\"title.default\">\n\t\t\t\t<div class=\"elementor-widget-container\">\n\t\t\t\t\t\n\n\n        <div class=\"theme-title  ht-split-text\">\n\n            <h6>Conocido en todo el mundo<\/h6>\n\n          <h2 data-splitting=\"chars\">Exportaci\u00f3n a m\u00e1s de 40 pa\u00edses<\/h2>\n\n                  \n\n\n\n        <\/div>\n\n        \n\n        <script>\n\n        jQuery(document).ready(function() {\n\n if(jQuery(\".ht-split-text\").length) {\n\n Splitting();\n\n            var themeht_animation_text = function (container, item) {\n\n                jQuery(window).scroll(function () {\n\n                    var windowBottom = jQuery(this).scrollTop() + jQuery(this).innerHeight();\n\n                    jQuery(container).each(function (index, value) {\n\n                        var objectBottom = jQuery(this).offset().top + jQuery(this).outerHeight() * 0.1;\n\n                        \n\n                        if (objectBottom < windowBottom) { \n\n                            var seat = jQuery(this).find(item);\n\n                            for (var i = 0; i < seat.length; i++) {\n\n                                (function (index) {\n\n                                    setTimeout(function () {\n\n                                        seat.eq(index).addClass('ht-animated');\n\n                                    }, 200 * index);\n\n                                })(i);\n\n                            }\n\n                        }\n\n                    });\n\n                }).scroll();\n\n            };\n\n        \n\n            jQuery(function() {\n\n                themeht_animation_text(\".theme-title\", \".splitting\");\n\n            });\n\n        }\n\n });\n\n      <\/script>\n\n\n\n        \t\t\t\t<\/div>\n\t\t\t\t<\/div>\n\t\t\t\t<div class=\"elementor-element elementor-element-278a6cc elementor-widget elementor-widget-text-editor\" data-id=\"278a6cc\" data-element_type=\"widget\" data-e-type=\"widget\" data-widget_type=\"text-editor.default\">\n\t\t\t\t<div class=\"elementor-widget-container\">\n\t\t\t\t\t\t\t\t\t<p>En los \u00faltimos a\u00f1os hemos ampliado nuestras exportaciones y ahora estamos activos en m\u00e1s de 40 pa\u00edses en todo el mundo con nuestros kits de bricolaje de compuertas de lamas y rejillas de protecci\u00f3n contra la intemperie.<\/p><p>Gracias a la fabricaci\u00f3n interna de todos los perfiles de acero y piezas de pl\u00e1stico en modernas l\u00edneas de producci\u00f3n controladas por ordenador, podemos reaccionar con rapidez y flexibilidad a todos los requisitos e implementar nuevos desarrollos y mejoras de productos en el menor tiempo posible.<\/p><p>Como empresa familiar, Robert Geiger Technische Bauteile GmbH disfruta de la ventaja de una gran flexibilidad en cuanto a los plazos de entrega, as\u00ed como en la realizaci\u00f3n de pedidos de productos especiales de los clientes.<br \/>Dies wiederum ist nur durch die hohe Identifikation der Mitarbeiter mit dem Unternehmen m\u00f6glich.<\/p>\t\t\t\t\t\t\t\t<\/div>\n\t\t\t\t<\/div>\n\t\t\t\t\t<\/div>\n\t\t<\/div>\n\t\t\t\t<div class=\"elementor-column elementor-col-50 elementor-top-column elementor-element elementor-element-3c2c88d\" data-id=\"3c2c88d\" data-element_type=\"column\" data-e-type=\"column\">\n\t\t\t<div class=\"elementor-widget-wrap elementor-element-populated\">\n\t\t\t\t\t\t<div class=\"elementor-element elementor-element-187aab9 elementor-widget elementor-widget-spacer\" data-id=\"187aab9\" data-element_type=\"widget\" data-e-type=\"widget\" data-widget_type=\"spacer.default\">\n\t\t\t\t<div class=\"elementor-widget-container\">\n\t\t\t\t\t\t\t<div class=\"elementor-spacer\">\n\t\t\t<div class=\"elementor-spacer-inner\"><\/div>\n\t\t<\/div>\n\t\t\t\t\t\t<\/div>\n\t\t\t\t<\/div>\n\t\t\t\t<div class=\"elementor-element elementor-element-66309b7 elementor-widget elementor-widget-video\" data-id=\"66309b7\" data-element_type=\"widget\" data-e-type=\"widget\" data-settings=\"{&quot;youtube_url&quot;:&quot;https:\\\/\\\/youtu.be\\\/1b6CtQS_0YE?si=I5tEfgunOabcklUR&quot;,&quot;video_type&quot;:&quot;youtube&quot;,&quot;controls&quot;:&quot;yes&quot;}\" data-widget_type=\"video.default\">\n\t\t\t\t<div class=\"elementor-widget-container\">\n\t\t\t\t\t<style>.elementor-element-66309b7{display:none !important}<\/style>\t\t\t\t<\/div>\n\t\t\t\t<\/div>\n\t\t\t\t<div class=\"elementor-element elementor-element-99ac4aa elementor-widget elementor-widget-video\" data-id=\"99ac4aa\" data-element_type=\"widget\" data-e-type=\"widget\" data-settings=\"{&quot;youtube_url&quot;:&quot;https:\\\/\\\/youtu.be\\\/NrxVE-528-0?si=U70flTxag5QP3prO&quot;,&quot;video_type&quot;:&quot;youtube&quot;,&quot;controls&quot;:&quot;yes&quot;}\" data-widget_type=\"video.default\">\n\t\t\t\t<div class=\"elementor-widget-container\">\n\t\t\t\t\t\t\t<div class=\"elementor-wrapper elementor-open-inline\">\n\t\t\t<div class=\"elementor-video\"><\/div>\t\t<\/div>\n\t\t\t\t\t\t<\/div>\n\t\t\t\t<\/div>\n\t\t\t\t<div class=\"elementor-element elementor-element-1269f22 elementor-widget elementor-widget-text-editor\" data-id=\"1269f22\" data-element_type=\"widget\" data-e-type=\"widget\" data-widget_type=\"text-editor.default\">\n\t\t\t\t<div class=\"elementor-widget-container\">\n\t\t\t\t\t\t\t\t\t<p>La primera calidad de nuestros productos, el asesoramiento integral, la flexibilidad y la absoluta fiabilidad hacia nuestros clientes siempre han sido nuestra m\u00e1xima prioridad.<\/p><p>La continuidad de este principio rector de nuestra filosof\u00eda corporativa se comprueba y confirma anualmente mediante la certificaci\u00f3n de nuestra empresa seg\u00fan DIN ISO 9001.<\/p>\t\t\t\t\t\t\t\t<\/div>\n\t\t\t\t<\/div>\n\t\t\t\t\t<\/div>\n\t\t<\/div>\n\t\t\t\t\t<\/div>\n\t\t<\/section>\n\t\t\t\t<section class=\"elementor-section elementor-top-section elementor-element elementor-element-46a5e71 elementor-section-boxed elementor-section-height-default elementor-section-height-default default\" data-id=\"46a5e71\" data-element_type=\"section\" data-e-type=\"section\">\n\t\t\t\t\t\t<div class=\"elementor-container elementor-column-gap-no\">\n\t\t\t\t\t<div class=\"elementor-column elementor-col-100 elementor-top-column elementor-element elementor-element-986a6b1\" data-id=\"986a6b1\" data-element_type=\"column\" data-e-type=\"column\">\n\t\t\t<div class=\"elementor-widget-wrap elementor-element-populated\">\n\t\t\t\t\t\t<div class=\"elementor-element elementor-element-d8512b9 elementor-widget elementor-widget-title\" data-id=\"d8512b9\" data-element_type=\"widget\" data-e-type=\"widget\" data-widget_type=\"title.default\">\n\t\t\t\t<div class=\"elementor-widget-container\">\n\t\t\t\t\t\n\n\n        <div class=\"theme-title  ht-split-text center\">\n\n            <h6>Noticias<\/h6>\n\n          <h2 data-splitting=\"chars\">Noticias de Robert Geiger<\/h2>\n\n                  \n\n\n\n        <\/div>\n\n        \n\n        <script>\n\n        jQuery(document).ready(function() {\n\n if(jQuery(\".ht-split-text\").length) {\n\n Splitting();\n\n            var themeht_animation_text = function (container, item) {\n\n                jQuery(window).scroll(function () {\n\n                    var windowBottom = jQuery(this).scrollTop() + jQuery(this).innerHeight();\n\n                    jQuery(container).each(function (index, value) {\n\n                        var objectBottom = jQuery(this).offset().top + jQuery(this).outerHeight() * 0.1;\n\n                        \n\n                        if (objectBottom < windowBottom) { \n\n                            var seat = jQuery(this).find(item);\n\n                            for (var i = 0; i < seat.length; i++) {\n\n                                (function (index) {\n\n                                    setTimeout(function () {\n\n                                        seat.eq(index).addClass('ht-animated');\n\n                                    }, 200 * index);\n\n                                })(i);\n\n                            }\n\n                        }\n\n                    });\n\n                }).scroll();\n\n            };\n\n        \n\n            jQuery(function() {\n\n                themeht_animation_text(\".theme-title\", \".splitting\");\n\n            });\n\n        }\n\n });\n\n      <\/script>\n\n\n\n        \t\t\t\t<\/div>\n\t\t\t\t<\/div>\n\t\t\t\t<div class=\"elementor-element elementor-element-c7f9dc7 elementor-widget elementor-widget-post-grid\" data-id=\"c7f9dc7\" data-element_type=\"widget\" data-e-type=\"widget\" data-widget_type=\"post-grid.default\">\n\t\t\t\t<div class=\"elementor-widget-container\">\n\t\t\t\t\t\n<div class=\"\">\n\n        <div class=\"row\">\n\n\n\n           \n                <div class=\"col-lg-4 col-md-6\">\n\n                 \n                <div class=\"post-card style-1\">\n\n                    <div class=\"post-image\"><img fetchpriority=\"high\" decoding=\"async\" width=\"700\" height=\"408\" src=\"https:\/\/robert-geiger.de\/wp-content\/uploads\/2026\/03\/wg-al-30_blog-700x408.png\" class=\"attachment-hairise-700x408 size-hairise-700x408 wp-post-image\" alt=\"\" srcset=\"https:\/\/robert-geiger.de\/wp-content\/uploads\/2026\/03\/wg-al-30_blog-700x408.png 700w, https:\/\/robert-geiger.de\/wp-content\/uploads\/2026\/03\/wg-al-30_blog-18x9.png 18w, https:\/\/robert-geiger.de\/wp-content\/uploads\/2026\/03\/wg-al-30_blog-240x140.png 240w\" sizes=\"(max-width: 700px) 100vw, 700px\" \/>                    <div class=\"button-style-2\">\n                            <svg xmlns=\"http:\/\/www.w3.org\/2000\/svg\" viewbox=\"0 0 100 100\">\n                                <path d=\"m100,0H0v100C0,44.77,44.77,0,100,0Z\"> <\/path>\n                            <\/svg>\n                            <a href=\"https:\/\/robert-geiger.de\/es\/wetterschutzgitter-aus-aluminium-mit-kleinen-lamellen-wg-al-30-und-wg-al-30-elox-2\/\" class=\"button-style-2-link\"><i aria-hidden=\"true\" class=\"bootstrap-icon bi-arrow-right-short\"><\/i><\/a>\n                        <svg xmlns=\"http:\/\/www.w3.org\/2000\/svg\" viewbox=\"0 0 100 100\">\n                            <path d=\"m100,0H0v100C0,44.77,44.77,0,100,0Z\"> <\/path>\n                        <\/svg> \n                        <\/div>\n                 <\/div>\n\n                  <div class=\"post-desc\">\n                      <ul class=\"list-inline post-bottom\">\n\n                      <li class=\"list-inline-item\"><i class=\"bi bi-person\"><\/i><span class=\"byline\"> <span class=\"author vcard\"><a class=\"url fn n\" href=\"https:\/\/robert-geiger.de\/es\/author\/robert-geiger\/\">Robert Geiger<\/a><\/span><\/span>\n                      <\/li>\n\n                      <li class=\"list-inline-item\"><i class=\"bi bi-bookmarks\"><\/i><span class=\"cat-links\"> <a href=\"https:\/\/robert-geiger.de\/es\/category\/produkte\/\" rel=\"category tag\">Productos<\/a><\/span>\n                      <\/li>\n\n                    <\/ul>\n\n                    <div class=\"post-title\">\n\n                    <h4><a href=\"https:\/\/robert-geiger.de\/es\/wetterschutzgitter-aus-aluminium-mit-kleinen-lamellen-wg-al-30-und-wg-al-30-elox-2\/\">Mini rejilla de protecci\u00f3n contra la intemperie fabricada en aluminio natural y anodizado E6\/EV1 con distancia entre lamas de 30 mm<\/a>\n\n                      <\/h4>\n\n                      <\/div>\n\n\n\n                  <\/div>\n\n                <\/div>\n\n                \n\n              <\/div>\n\n              \n                <div class=\"col-lg-4 col-md-6\">\n\n                 \n                <div class=\"post-card style-1\">\n\n                    <div class=\"post-image\"><img decoding=\"async\" width=\"700\" height=\"408\" src=\"https:\/\/robert-geiger.de\/wp-content\/uploads\/2025\/09\/geiger-header-wg-al-30-700x408.png\" class=\"attachment-hairise-700x408 size-hairise-700x408 wp-post-image\" alt=\"WG-AL-30 \/ WG-AL-30 ELOX\" srcset=\"https:\/\/robert-geiger.de\/wp-content\/uploads\/2025\/09\/geiger-header-wg-al-30-700x408.png 700w, https:\/\/robert-geiger.de\/wp-content\/uploads\/2025\/09\/geiger-header-wg-al-30-18x9.png 18w, https:\/\/robert-geiger.de\/wp-content\/uploads\/2025\/09\/geiger-header-wg-al-30-240x140.png 240w\" sizes=\"(max-width: 700px) 100vw, 700px\" \/>                    <div class=\"button-style-2\">\n                            <svg xmlns=\"http:\/\/www.w3.org\/2000\/svg\" viewbox=\"0 0 100 100\">\n                                <path d=\"m100,0H0v100C0,44.77,44.77,0,100,0Z\"> <\/path>\n                            <\/svg>\n                            <a href=\"https:\/\/robert-geiger.de\/es\/wetterschutzgitter-aus-aluminium-mit-kleinen-lamellen-wg-al-30-und-wg-al-30-elox\/\" class=\"button-style-2-link\"><i aria-hidden=\"true\" class=\"bootstrap-icon bi-arrow-right-short\"><\/i><\/a>\n                        <svg xmlns=\"http:\/\/www.w3.org\/2000\/svg\" viewbox=\"0 0 100 100\">\n                            <path d=\"m100,0H0v100C0,44.77,44.77,0,100,0Z\"> <\/path>\n                        <\/svg> \n                        <\/div>\n                 <\/div>\n\n                  <div class=\"post-desc\">\n                      <ul class=\"list-inline post-bottom\">\n\n                      <li class=\"list-inline-item\"><i class=\"bi bi-person\"><\/i><span class=\"byline\"> <span class=\"author vcard\"><a class=\"url fn n\" href=\"https:\/\/robert-geiger.de\/es\/author\/robert-geiger\/\">Robert Geiger<\/a><\/span><\/span>\n                      <\/li>\n\n                      <li class=\"list-inline-item\"><i class=\"bi bi-bookmarks\"><\/i><span class=\"cat-links\"> <a href=\"https:\/\/robert-geiger.de\/es\/category\/produkte\/\" rel=\"category tag\">Productos<\/a><\/span>\n                      <\/li>\n\n                    <\/ul>\n\n                    <div class=\"post-title\">\n\n                    <h4><a href=\"https:\/\/robert-geiger.de\/es\/wetterschutzgitter-aus-aluminium-mit-kleinen-lamellen-wg-al-30-und-wg-al-30-elox\/\">Rejillas de protecci\u00f3n contra la intemperie de aluminio con lamas \u201cpeque\u00f1as\u201d WG-AL-30 y WG-AL-30 ELOX<\/a>\n\n                      <\/h4>\n\n                      <\/div>\n\n\n\n                  <\/div>\n\n                <\/div>\n\n                \n\n              <\/div>\n\n              \n                <div class=\"col-lg-4 col-md-6\">\n\n                 \n                <div class=\"post-card style-1\">\n\n                    <div class=\"post-image\"><img decoding=\"async\" width=\"700\" height=\"408\" src=\"https:\/\/robert-geiger.de\/wp-content\/uploads\/2025\/09\/maschinen-ablaengen-2-700x408.jpg\" class=\"attachment-hairise-700x408 size-hairise-700x408 wp-post-image\" alt=\"M\u00e1quinas para cortar y soldar\" srcset=\"https:\/\/robert-geiger.de\/wp-content\/uploads\/2025\/09\/maschinen-ablaengen-2-700x408.jpg 700w, https:\/\/robert-geiger.de\/wp-content\/uploads\/2025\/09\/maschinen-ablaengen-2-18x9.jpg 18w, https:\/\/robert-geiger.de\/wp-content\/uploads\/2025\/09\/maschinen-ablaengen-2-240x140.jpg 240w\" sizes=\"(max-width: 700px) 100vw, 700px\" \/>                    <div class=\"button-style-2\">\n                            <svg xmlns=\"http:\/\/www.w3.org\/2000\/svg\" viewbox=\"0 0 100 100\">\n                                <path d=\"m100,0H0v100C0,44.77,44.77,0,100,0Z\"> <\/path>\n                            <\/svg>\n                            <a href=\"https:\/\/robert-geiger.de\/es\/maschinen-zum-ablaengen-und-verschweissen\/\" class=\"button-style-2-link\"><i aria-hidden=\"true\" class=\"bootstrap-icon bi-arrow-right-short\"><\/i><\/a>\n                        <svg xmlns=\"http:\/\/www.w3.org\/2000\/svg\" viewbox=\"0 0 100 100\">\n                            <path d=\"m100,0H0v100C0,44.77,44.77,0,100,0Z\"> <\/path>\n                        <\/svg> \n                        <\/div>\n                 <\/div>\n\n                  <div class=\"post-desc\">\n                      <ul class=\"list-inline post-bottom\">\n\n                      <li class=\"list-inline-item\"><i class=\"bi bi-person\"><\/i><span class=\"byline\"> <span class=\"author vcard\"><a class=\"url fn n\" href=\"https:\/\/robert-geiger.de\/es\/author\/robert-geiger\/\">Robert Geiger<\/a><\/span><\/span>\n                      <\/li>\n\n                      <li class=\"list-inline-item\"><i class=\"bi bi-bookmarks\"><\/i><span class=\"cat-links\"> <a href=\"https:\/\/robert-geiger.de\/es\/category\/produkte\/\" rel=\"category tag\">Productos<\/a>, <a href=\"https:\/\/robert-geiger.de\/es\/category\/youtube\/\" rel=\"category tag\">YouTube<\/a><\/span>\n                      <\/li>\n\n                    <\/ul>\n\n                    <div class=\"post-title\">\n\n                    <h4><a href=\"https:\/\/robert-geiger.de\/es\/maschinen-zum-ablaengen-und-verschweissen\/\">M\u00e1quinas para cortar y soldar<\/a>\n\n                      <\/h4>\n\n                      <\/div>\n\n\n\n                  <\/div>\n\n                <\/div>\n\n                \n\n              <\/div>\n\n              \n         <\/div>\n     <\/div>\n\n        \t\t\t\t<\/div>\n\t\t\t\t<\/div>\n\t\t\t\t\t<\/div>\n\t\t<\/div>\n\t\t\t\t\t<\/div>\n\t\t<\/section>\n\t\t\t\t<\/div>","protected":false},"excerpt":{"rendered":"<p>Unser Unternehmen Seit 1978 auf Expansionskurs Die Firma Robert Geiger wurde 1978 als Handelsunternehmen in der Klima- und L\u00fcftungsbranche gegr\u00fcndet. 1988 begannen wir mit der Entwicklung und Produktion von l\u00fcftungstechnischen Komponenten f\u00fcr die L\u00fcftungs- und Klimaindustrie. Aus dem Anfang mit der Produktion von Segeltuchstutzen wurde im Laufe der Jahre eine umfangreiche Produktpalette von Jalousieklappen und [&hellip;]<\/p>\n","protected":false},"author":1,"featured_media":0,"parent":0,"menu_order":0,"comment_status":"closed","ping_status":"closed","template":"","meta":{"_acf_changed":false,"inline_featured_image":false,"footnotes":""},"class_list":["post-10372","page","type-page","status-publish","hentry"],"acf":[],"_links":{"self":[{"href":"https:\/\/robert-geiger.de\/es\/wp-json\/wp\/v2\/pages\/10372","targetHints":{"allow":["GET"]}}],"collection":[{"href":"https:\/\/robert-geiger.de\/es\/wp-json\/wp\/v2\/pages"}],"about":[{"href":"https:\/\/robert-geiger.de\/es\/wp-json\/wp\/v2\/types\/page"}],"author":[{"embeddable":true,"href":"https:\/\/robert-geiger.de\/es\/wp-json\/wp\/v2\/users\/1"}],"replies":[{"embeddable":true,"href":"https:\/\/robert-geiger.de\/es\/wp-json\/wp\/v2\/comments?post=10372"}],"version-history":[{"count":10,"href":"https:\/\/robert-geiger.de\/es\/wp-json\/wp\/v2\/pages\/10372\/revisions"}],"predecessor-version":[{"id":11763,"href":"https:\/\/robert-geiger.de\/es\/wp-json\/wp\/v2\/pages\/10372\/revisions\/11763"}],"wp:attachment":[{"href":"https:\/\/robert-geiger.de\/es\/wp-json\/wp\/v2\/media?parent=10372"}],"curies":[{"name":"wp","href":"https:\/\/api.w.org\/{rel}","templated":true}]}}