{"id":10372,"date":"2024-09-15T11:38:15","date_gmt":"2024-09-15T09:38:15","guid":{"rendered":"https:\/\/robert-geiger.de\/?page_id=10372"},"modified":"2025-05-18T07:29:17","modified_gmt":"2025-05-18T05:29:17","slug":"ueber-uns","status":"publish","type":"page","link":"https:\/\/robert-geiger.de\/en\/ueber-uns\/","title":{"rendered":"About us"},"content":{"rendered":"<div data-elementor-type=\"wp-page\" data-elementor-id=\"10372\" class=\"elementor elementor-10372\">\n\t\t\t\t\t\t<section class=\"elementor-section elementor-top-section elementor-element elementor-element-df62a9a elementor-section-boxed elementor-section-height-default elementor-section-height-default default\" data-id=\"df62a9a\" data-element_type=\"section\" data-e-type=\"section\">\n\t\t\t\t\t\t<div class=\"elementor-container elementor-column-gap-no\">\n\t\t\t\t\t<div class=\"elementor-column elementor-col-50 elementor-top-column elementor-element elementor-element-b1f82d1\" data-id=\"b1f82d1\" data-element_type=\"column\" data-e-type=\"column\" data-settings=\"{&quot;background_background&quot;:&quot;classic&quot;}\">\n\t\t\t<div class=\"elementor-widget-wrap elementor-element-populated\">\n\t\t\t\t\t\t<div class=\"elementor-element elementor-element-3abc437 elementor-widget elementor-widget-spacer\" data-id=\"3abc437\" data-element_type=\"widget\" data-e-type=\"widget\" data-widget_type=\"spacer.default\">\n\t\t\t\t<div class=\"elementor-widget-container\">\n\t\t\t\t\t\t\t<div class=\"elementor-spacer\">\n\t\t\t<div class=\"elementor-spacer-inner\"><\/div>\n\t\t<\/div>\n\t\t\t\t\t\t<\/div>\n\t\t\t\t<\/div>\n\t\t\t\t\t<\/div>\n\t\t<\/div>\n\t\t\t\t<div class=\"elementor-column elementor-col-50 elementor-top-column elementor-element elementor-element-173e6ca\" data-id=\"173e6ca\" data-element_type=\"column\" data-e-type=\"column\">\n\t\t\t<div class=\"elementor-widget-wrap elementor-element-populated\">\n\t\t\t\t\t\t<div class=\"elementor-element elementor-element-215ed9b elementor-widget elementor-widget-title\" data-id=\"215ed9b\" data-element_type=\"widget\" data-e-type=\"widget\" data-widget_type=\"title.default\">\n\t\t\t\t<div class=\"elementor-widget-container\">\n\t\t\t\t\t\n\n\n        <div class=\"theme-title  ht-split-text\">\n\n            <h6>Our company<\/h6>\n\n          <h2 data-splitting=\"chars\">Since 1978 on expansion course<\/h2>\n\n                  \n\n\n\n        <\/div>\n\n        \n\n        <script>\n\n        jQuery(document).ready(function() {\n\n if(jQuery(\".ht-split-text\").length) {\n\n Splitting();\n\n            var themeht_animation_text = function (container, item) {\n\n                jQuery(window).scroll(function () {\n\n                    var windowBottom = jQuery(this).scrollTop() + jQuery(this).innerHeight();\n\n                    jQuery(container).each(function (index, value) {\n\n                        var objectBottom = jQuery(this).offset().top + jQuery(this).outerHeight() * 0.1;\n\n                        \n\n                        if (objectBottom < windowBottom) { \n\n                            var seat = jQuery(this).find(item);\n\n                            for (var i = 0; i < seat.length; i++) {\n\n                                (function (index) {\n\n                                    setTimeout(function () {\n\n                                        seat.eq(index).addClass('ht-animated');\n\n                                    }, 200 * index);\n\n                                })(i);\n\n                            }\n\n                        }\n\n                    });\n\n                }).scroll();\n\n            };\n\n        \n\n            jQuery(function() {\n\n                themeht_animation_text(\".theme-title\", \".splitting\");\n\n            });\n\n        }\n\n });\n\n      <\/script>\n\n\n\n        \t\t\t\t<\/div>\n\t\t\t\t<\/div>\n\t\t\t\t<div class=\"elementor-element elementor-element-53a0789 elementor-widget elementor-widget-text-editor\" data-id=\"53a0789\" data-element_type=\"widget\" data-e-type=\"widget\" data-widget_type=\"text-editor.default\">\n\t\t\t\t<div class=\"elementor-widget-container\">\n\t\t\t\t\t\t\t\t\t<div class=\"col-sm-12\"><p>The Robert Geiger company was founded in 1978 as a trading enterprise in the air-conditioning and ventilation trade. We started to develop and produce technical components for the ventilation and air-conditioning industry in 1988.<\/p><p>Starting with the production of flexible connectors, a broad product range of multi-blade dampers and weather-resistant louvers has since been developed over the years, one which covers all customer requirements.<\/p><p>We also offer weather-resistant louvers, multi-blade dampers, pressure relief dampers and now flexible connectors as patented build-it-yourself systems, which in turn provide a high degree of flexibility to our customers. These build-it-yourself kits were created from our production and their main features are therefore practical handling, the compatibility of each of the components and, last but not least, the proven product.<\/p><\/div>\t\t\t\t\t\t\t\t<\/div>\n\t\t\t\t<\/div>\n\t\t\t\t\t<\/div>\n\t\t<\/div>\n\t\t\t\t\t<\/div>\n\t\t<\/section>\n\t\t\t\t<section class=\"elementor-section elementor-top-section elementor-element elementor-element-f1ce70b elementor-section-boxed elementor-section-height-default elementor-section-height-default default\" data-id=\"f1ce70b\" data-element_type=\"section\" data-e-type=\"section\">\n\t\t\t\t\t\t<div class=\"elementor-container elementor-column-gap-no\">\n\t\t\t\t\t<div class=\"elementor-column elementor-col-50 elementor-top-column elementor-element elementor-element-2731a81\" data-id=\"2731a81\" data-element_type=\"column\" data-e-type=\"column\" data-settings=\"{&quot;background_background&quot;:&quot;classic&quot;}\">\n\t\t\t<div class=\"elementor-widget-wrap elementor-element-populated\">\n\t\t\t\t\t\t<div class=\"elementor-element elementor-element-28c139a elementor-widget elementor-widget-title\" data-id=\"28c139a\" data-element_type=\"widget\" data-e-type=\"widget\" data-widget_type=\"title.default\">\n\t\t\t\t<div class=\"elementor-widget-container\">\n\t\t\t\t\t\n\n\n        <div class=\"theme-title  ht-split-text\">\n\n            <h6>Known worldwide<\/h6>\n\n          <h2 data-splitting=\"chars\">Export to more than 40 countries<\/h2>\n\n                  \n\n\n\n        <\/div>\n\n        \n\n        <script>\n\n        jQuery(document).ready(function() {\n\n if(jQuery(\".ht-split-text\").length) {\n\n Splitting();\n\n            var themeht_animation_text = function (container, item) {\n\n                jQuery(window).scroll(function () {\n\n                    var windowBottom = jQuery(this).scrollTop() + jQuery(this).innerHeight();\n\n                    jQuery(container).each(function (index, value) {\n\n                        var objectBottom = jQuery(this).offset().top + jQuery(this).outerHeight() * 0.1;\n\n                        \n\n                        if (objectBottom < windowBottom) { \n\n                            var seat = jQuery(this).find(item);\n\n                            for (var i = 0; i < seat.length; i++) {\n\n                                (function (index) {\n\n                                    setTimeout(function () {\n\n                                        seat.eq(index).addClass('ht-animated');\n\n                                    }, 200 * index);\n\n                                })(i);\n\n                            }\n\n                        }\n\n                    });\n\n                }).scroll();\n\n            };\n\n        \n\n            jQuery(function() {\n\n                themeht_animation_text(\".theme-title\", \".splitting\");\n\n            });\n\n        }\n\n });\n\n      <\/script>\n\n\n\n        \t\t\t\t<\/div>\n\t\t\t\t<\/div>\n\t\t\t\t<div class=\"elementor-element elementor-element-278a6cc elementor-widget elementor-widget-text-editor\" data-id=\"278a6cc\" data-element_type=\"widget\" data-e-type=\"widget\" data-widget_type=\"text-editor.default\">\n\t\t\t\t<div class=\"elementor-widget-container\">\n\t\t\t\t\t\t\t\t\t<p>Export activities have been expanded in recent years and we nowadays operate in more than 40 countries across the world with our build-it-yourself kits for multi-blade dampers and weather-resistant louvers.<\/p><p>Due to the fact that all steel profiles and plastic parts are manufactured in-house using modern, computer-controlled production plant, we can react quickly and flexibly to all requirements and are able to develop and\/or improve products within a short space of time.<\/p><p>As a family-run company, Robert Geiger Technische Bauteile GmbH enjoys the benefit of great flexibility with regard to delivery times, and also in the context of implementing special customer specifications for the products. This, however, would not be possible without the high level of identification that our employees have with their company.<br \/>This, however, would not be possible without the high level of identification that our employees have with their company.<\/p>\t\t\t\t\t\t\t\t<\/div>\n\t\t\t\t<\/div>\n\t\t\t\t\t<\/div>\n\t\t<\/div>\n\t\t\t\t<div class=\"elementor-column elementor-col-50 elementor-top-column elementor-element elementor-element-3c2c88d\" data-id=\"3c2c88d\" data-element_type=\"column\" data-e-type=\"column\">\n\t\t\t<div class=\"elementor-widget-wrap elementor-element-populated\">\n\t\t\t\t\t\t<div class=\"elementor-element elementor-element-187aab9 elementor-widget elementor-widget-spacer\" data-id=\"187aab9\" data-element_type=\"widget\" data-e-type=\"widget\" data-widget_type=\"spacer.default\">\n\t\t\t\t<div class=\"elementor-widget-container\">\n\t\t\t\t\t\t\t<div class=\"elementor-spacer\">\n\t\t\t<div class=\"elementor-spacer-inner\"><\/div>\n\t\t<\/div>\n\t\t\t\t\t\t<\/div>\n\t\t\t\t<\/div>\n\t\t\t\t<div class=\"elementor-element elementor-element-66309b7 elementor-widget elementor-widget-video\" data-id=\"66309b7\" data-element_type=\"widget\" data-e-type=\"widget\" data-settings=\"{&quot;youtube_url&quot;:&quot;https:\\\/\\\/youtu.be\\\/1b6CtQS_0YE?si=I5tEfgunOabcklUR&quot;,&quot;video_type&quot;:&quot;youtube&quot;,&quot;controls&quot;:&quot;yes&quot;}\" data-widget_type=\"video.default\">\n\t\t\t\t<div class=\"elementor-widget-container\">\n\t\t\t\t\t<style>.elementor-element-66309b7{display:none !important}<\/style>\t\t\t\t<\/div>\n\t\t\t\t<\/div>\n\t\t\t\t<div class=\"elementor-element elementor-element-99ac4aa elementor-widget elementor-widget-video\" data-id=\"99ac4aa\" data-element_type=\"widget\" data-e-type=\"widget\" data-settings=\"{&quot;youtube_url&quot;:&quot;https:\\\/\\\/youtu.be\\\/NrxVE-528-0?si=U70flTxag5QP3prO&quot;,&quot;video_type&quot;:&quot;youtube&quot;,&quot;controls&quot;:&quot;yes&quot;}\" data-widget_type=\"video.default\">\n\t\t\t\t<div class=\"elementor-widget-container\">\n\t\t\t\t\t\t\t<div class=\"elementor-wrapper elementor-open-inline\">\n\t\t\t<div class=\"elementor-video\"><\/div>\t\t<\/div>\n\t\t\t\t\t\t<\/div>\n\t\t\t\t<\/div>\n\t\t\t\t<div class=\"elementor-element elementor-element-1269f22 elementor-widget elementor-widget-text-editor\" data-id=\"1269f22\" data-element_type=\"widget\" data-e-type=\"widget\" data-widget_type=\"text-editor.default\">\n\t\t\t\t<div class=\"elementor-widget-container\">\n\t\t\t\t\t\t\t\t\t<p>The first-class quality of our products, wide-ranging advice, flexibility and absolute reliability in our dealings with customers have always been our top priorities.<\/p><p>In order to demonstrate the continuance of these principles in our corporate philosophy, the certification of our business conform to DIN ISO 9001 is audited and confirmed every year.<\/p>\t\t\t\t\t\t\t\t<\/div>\n\t\t\t\t<\/div>\n\t\t\t\t\t<\/div>\n\t\t<\/div>\n\t\t\t\t\t<\/div>\n\t\t<\/section>\n\t\t\t\t<section class=\"elementor-section elementor-top-section elementor-element elementor-element-46a5e71 elementor-section-boxed elementor-section-height-default elementor-section-height-default default\" data-id=\"46a5e71\" data-element_type=\"section\" data-e-type=\"section\">\n\t\t\t\t\t\t<div class=\"elementor-container elementor-column-gap-no\">\n\t\t\t\t\t<div class=\"elementor-column elementor-col-100 elementor-top-column elementor-element elementor-element-986a6b1\" data-id=\"986a6b1\" data-element_type=\"column\" data-e-type=\"column\">\n\t\t\t<div class=\"elementor-widget-wrap elementor-element-populated\">\n\t\t\t\t\t\t<div class=\"elementor-element elementor-element-d8512b9 elementor-widget elementor-widget-title\" data-id=\"d8512b9\" data-element_type=\"widget\" data-e-type=\"widget\" data-widget_type=\"title.default\">\n\t\t\t\t<div class=\"elementor-widget-container\">\n\t\t\t\t\t\n\n\n        <div class=\"theme-title  ht-split-text center\">\n\n            <h6>News<\/h6>\n\n          <h2 data-splitting=\"chars\">Latest news from Robert Geiger<\/h2>\n\n                  \n\n\n\n        <\/div>\n\n        \n\n        <script>\n\n        jQuery(document).ready(function() {\n\n if(jQuery(\".ht-split-text\").length) {\n\n Splitting();\n\n            var themeht_animation_text = function (container, item) {\n\n                jQuery(window).scroll(function () {\n\n                    var windowBottom = jQuery(this).scrollTop() + jQuery(this).innerHeight();\n\n                    jQuery(container).each(function (index, value) {\n\n                        var objectBottom = jQuery(this).offset().top + jQuery(this).outerHeight() * 0.1;\n\n                        \n\n                        if (objectBottom < windowBottom) { \n\n                            var seat = jQuery(this).find(item);\n\n                            for (var i = 0; i < seat.length; i++) {\n\n                                (function (index) {\n\n                                    setTimeout(function () {\n\n                                        seat.eq(index).addClass('ht-animated');\n\n                                    }, 200 * index);\n\n                                })(i);\n\n                            }\n\n                        }\n\n                    });\n\n                }).scroll();\n\n            };\n\n        \n\n            jQuery(function() {\n\n                themeht_animation_text(\".theme-title\", \".splitting\");\n\n            });\n\n        }\n\n });\n\n      <\/script>\n\n\n\n        \t\t\t\t<\/div>\n\t\t\t\t<\/div>\n\t\t\t\t<div class=\"elementor-element elementor-element-c7f9dc7 elementor-widget elementor-widget-post-grid\" data-id=\"c7f9dc7\" data-element_type=\"widget\" data-e-type=\"widget\" data-widget_type=\"post-grid.default\">\n\t\t\t\t<div class=\"elementor-widget-container\">\n\t\t\t\t\t\n<div class=\"\">\n\n        <div class=\"row\">\n\n\n\n           \n                <div class=\"col-lg-4 col-md-6\">\n\n                 \n                <div class=\"post-card style-1\">\n\n                    <div class=\"post-image\"><img fetchpriority=\"high\" decoding=\"async\" width=\"700\" height=\"408\" src=\"https:\/\/robert-geiger.de\/wp-content\/uploads\/2025\/09\/preise_06-2026-700x408.png\" class=\"attachment-hairise-700x408 size-hairise-700x408 wp-post-image\" alt=\"\" srcset=\"https:\/\/robert-geiger.de\/wp-content\/uploads\/2025\/09\/preise_06-2026-700x408.png 700w, https:\/\/robert-geiger.de\/wp-content\/uploads\/2025\/09\/preise_06-2026-18x9.png 18w, https:\/\/robert-geiger.de\/wp-content\/uploads\/2025\/09\/preise_06-2026-240x140.png 240w\" sizes=\"(max-width: 700px) 100vw, 700px\" \/>                    <div class=\"button-style-2\">\n                            <svg xmlns=\"http:\/\/www.w3.org\/2000\/svg\" viewbox=\"0 0 100 100\">\n                                <path d=\"m100,0H0v100C0,44.77,44.77,0,100,0Z\"> <\/path>\n                            <\/svg>\n                            <a href=\"https:\/\/robert-geiger.de\/en\/neue-preislisten\/\" class=\"button-style-2-link\"><i aria-hidden=\"true\" class=\"bootstrap-icon bi-arrow-right-short\"><\/i><\/a>\n                        <svg xmlns=\"http:\/\/www.w3.org\/2000\/svg\" viewbox=\"0 0 100 100\">\n                            <path d=\"m100,0H0v100C0,44.77,44.77,0,100,0Z\"> <\/path>\n                        <\/svg> \n                        <\/div>\n                 <\/div>\n\n                  <div class=\"post-desc\">\n                      <ul class=\"list-inline post-bottom\">\n\n                      <li class=\"list-inline-item\"><i class=\"bi bi-person\"><\/i><span class=\"byline\"> <span class=\"author vcard\"><a class=\"url fn n\" href=\"https:\/\/robert-geiger.de\/en\/author\/robert-geiger\/\">Robert Geiger<\/a><\/span><\/span>\n                      <\/li>\n\n                      <li class=\"list-inline-item\"><i class=\"bi bi-bookmarks\"><\/i><span class=\"cat-links\"> <a href=\"https:\/\/robert-geiger.de\/en\/category\/produkte\/\" rel=\"category tag\">Products<\/a><\/span>\n                      <\/li>\n\n                    <\/ul>\n\n                    <div class=\"post-title\">\n\n                    <h4><a href=\"https:\/\/robert-geiger.de\/en\/neue-preislisten\/\">New price lists<\/a>\n\n                      <\/h4>\n\n                      <\/div>\n\n\n\n                  <\/div>\n\n                <\/div>\n\n                \n\n              <\/div>\n\n              \n                <div class=\"col-lg-4 col-md-6\">\n\n                 \n                <div class=\"post-card style-1\">\n\n                    <div class=\"post-image\"><img decoding=\"async\" width=\"700\" height=\"408\" src=\"https:\/\/robert-geiger.de\/wp-content\/uploads\/2026\/03\/wg-al-30_blog-700x408.png\" class=\"attachment-hairise-700x408 size-hairise-700x408 wp-post-image\" alt=\"\" srcset=\"https:\/\/robert-geiger.de\/wp-content\/uploads\/2026\/03\/wg-al-30_blog-700x408.png 700w, https:\/\/robert-geiger.de\/wp-content\/uploads\/2026\/03\/wg-al-30_blog-18x9.png 18w, https:\/\/robert-geiger.de\/wp-content\/uploads\/2026\/03\/wg-al-30_blog-240x140.png 240w\" sizes=\"(max-width: 700px) 100vw, 700px\" \/>                    <div class=\"button-style-2\">\n                            <svg xmlns=\"http:\/\/www.w3.org\/2000\/svg\" viewbox=\"0 0 100 100\">\n                                <path d=\"m100,0H0v100C0,44.77,44.77,0,100,0Z\"> <\/path>\n                            <\/svg>\n                            <a href=\"https:\/\/robert-geiger.de\/en\/wetterschutzgitter-aus-aluminium-mit-kleinen-lamellen-wg-al-30-und-wg-al-30-elox-2\/\" class=\"button-style-2-link\"><i aria-hidden=\"true\" class=\"bootstrap-icon bi-arrow-right-short\"><\/i><\/a>\n                        <svg xmlns=\"http:\/\/www.w3.org\/2000\/svg\" viewbox=\"0 0 100 100\">\n                            <path d=\"m100,0H0v100C0,44.77,44.77,0,100,0Z\"> <\/path>\n                        <\/svg> \n                        <\/div>\n                 <\/div>\n\n                  <div class=\"post-desc\">\n                      <ul class=\"list-inline post-bottom\">\n\n                      <li class=\"list-inline-item\"><i class=\"bi bi-person\"><\/i><span class=\"byline\"> <span class=\"author vcard\"><a class=\"url fn n\" href=\"https:\/\/robert-geiger.de\/en\/author\/robert-geiger\/\">Robert Geiger<\/a><\/span><\/span>\n                      <\/li>\n\n                      <li class=\"list-inline-item\"><i class=\"bi bi-bookmarks\"><\/i><span class=\"cat-links\"> <a href=\"https:\/\/robert-geiger.de\/en\/category\/produkte\/\" rel=\"category tag\">Products<\/a><\/span>\n                      <\/li>\n\n                    <\/ul>\n\n                    <div class=\"post-title\">\n\n                    <h4><a href=\"https:\/\/robert-geiger.de\/en\/wetterschutzgitter-aus-aluminium-mit-kleinen-lamellen-wg-al-30-und-wg-al-30-elox-2\/\">Mini Weather-resistant louver made of aluminium or aluminium anodized E6-EV1, louver spacing 30 mm<\/a>\n\n                      <\/h4>\n\n                      <\/div>\n\n\n\n                  <\/div>\n\n                <\/div>\n\n                \n\n              <\/div>\n\n              \n                <div class=\"col-lg-4 col-md-6\">\n\n                 \n                <div class=\"post-card style-1\">\n\n                    <div class=\"post-image\"><img decoding=\"async\" width=\"700\" height=\"408\" src=\"https:\/\/robert-geiger.de\/wp-content\/uploads\/2025\/09\/geiger-header-wg-al-30-700x408.png\" class=\"attachment-hairise-700x408 size-hairise-700x408 wp-post-image\" alt=\"WG-AL-30 \/ WG-AL-30 ELOX\" srcset=\"https:\/\/robert-geiger.de\/wp-content\/uploads\/2025\/09\/geiger-header-wg-al-30-700x408.png 700w, https:\/\/robert-geiger.de\/wp-content\/uploads\/2025\/09\/geiger-header-wg-al-30-18x9.png 18w, https:\/\/robert-geiger.de\/wp-content\/uploads\/2025\/09\/geiger-header-wg-al-30-240x140.png 240w\" sizes=\"(max-width: 700px) 100vw, 700px\" \/>                    <div class=\"button-style-2\">\n                            <svg xmlns=\"http:\/\/www.w3.org\/2000\/svg\" viewbox=\"0 0 100 100\">\n                                <path d=\"m100,0H0v100C0,44.77,44.77,0,100,0Z\"> <\/path>\n                            <\/svg>\n                            <a href=\"https:\/\/robert-geiger.de\/en\/wetterschutzgitter-aus-aluminium-mit-kleinen-lamellen-wg-al-30-und-wg-al-30-elox\/\" class=\"button-style-2-link\"><i aria-hidden=\"true\" class=\"bootstrap-icon bi-arrow-right-short\"><\/i><\/a>\n                        <svg xmlns=\"http:\/\/www.w3.org\/2000\/svg\" viewbox=\"0 0 100 100\">\n                            <path d=\"m100,0H0v100C0,44.77,44.77,0,100,0Z\"> <\/path>\n                        <\/svg> \n                        <\/div>\n                 <\/div>\n\n                  <div class=\"post-desc\">\n                      <ul class=\"list-inline post-bottom\">\n\n                      <li class=\"list-inline-item\"><i class=\"bi bi-person\"><\/i><span class=\"byline\"> <span class=\"author vcard\"><a class=\"url fn n\" href=\"https:\/\/robert-geiger.de\/en\/author\/robert-geiger\/\">Robert Geiger<\/a><\/span><\/span>\n                      <\/li>\n\n                      <li class=\"list-inline-item\"><i class=\"bi bi-bookmarks\"><\/i><span class=\"cat-links\"> <a href=\"https:\/\/robert-geiger.de\/en\/category\/produkte\/\" rel=\"category tag\">Products<\/a><\/span>\n                      <\/li>\n\n                    <\/ul>\n\n                    <div class=\"post-title\">\n\n                    <h4><a href=\"https:\/\/robert-geiger.de\/en\/wetterschutzgitter-aus-aluminium-mit-kleinen-lamellen-wg-al-30-und-wg-al-30-elox\/\">Weather-resistant louvers made of aluminum with \u201csmall\u201d slats WG-AL-30 and WG-AL-30 ELOX<\/a>\n\n                      <\/h4>\n\n                      <\/div>\n\n\n\n                  <\/div>\n\n                <\/div>\n\n                \n\n              <\/div>\n\n              \n         <\/div>\n     <\/div>\n\n        \t\t\t\t<\/div>\n\t\t\t\t<\/div>\n\t\t\t\t\t<\/div>\n\t\t<\/div>\n\t\t\t\t\t<\/div>\n\t\t<\/section>\n\t\t\t\t<\/div>","protected":false},"excerpt":{"rendered":"<p>Unser Unternehmen Seit 1978 auf Expansionskurs Die Firma Robert Geiger wurde 1978 als Handelsunternehmen in der Klima- und L\u00fcftungsbranche gegr\u00fcndet. 1988 begannen wir mit der Entwicklung und Produktion von l\u00fcftungstechnischen Komponenten f\u00fcr die L\u00fcftungs- und Klimaindustrie. Aus dem Anfang mit der Produktion von Segeltuchstutzen wurde im Laufe der Jahre eine umfangreiche Produktpalette von Jalousieklappen und [&hellip;]<\/p>\n","protected":false},"author":1,"featured_media":0,"parent":0,"menu_order":0,"comment_status":"closed","ping_status":"closed","template":"","meta":{"_acf_changed":false,"inline_featured_image":false,"footnotes":""},"class_list":["post-10372","page","type-page","status-publish","hentry"],"acf":[],"_links":{"self":[{"href":"https:\/\/robert-geiger.de\/en\/wp-json\/wp\/v2\/pages\/10372","targetHints":{"allow":["GET"]}}],"collection":[{"href":"https:\/\/robert-geiger.de\/en\/wp-json\/wp\/v2\/pages"}],"about":[{"href":"https:\/\/robert-geiger.de\/en\/wp-json\/wp\/v2\/types\/page"}],"author":[{"embeddable":true,"href":"https:\/\/robert-geiger.de\/en\/wp-json\/wp\/v2\/users\/1"}],"replies":[{"embeddable":true,"href":"https:\/\/robert-geiger.de\/en\/wp-json\/wp\/v2\/comments?post=10372"}],"version-history":[{"count":10,"href":"https:\/\/robert-geiger.de\/en\/wp-json\/wp\/v2\/pages\/10372\/revisions"}],"predecessor-version":[{"id":11763,"href":"https:\/\/robert-geiger.de\/en\/wp-json\/wp\/v2\/pages\/10372\/revisions\/11763"}],"wp:attachment":[{"href":"https:\/\/robert-geiger.de\/en\/wp-json\/wp\/v2\/media?parent=10372"}],"curies":[{"name":"wp","href":"https:\/\/api.w.org\/{rel}","templated":true}]}}